{"id":19282,"date":"2020-10-22T15:07:33","date_gmt":"2020-10-22T13:24:01","guid":{"rendered":"https:\/\/magnusvinum.ch\/?post_type=product&#038;p=19282"},"modified":"2020-12-09T12:14:36","modified_gmt":"2020-12-09T10:14:36","slug":"chambolle-musigny-1er-cru-les-feusselottes-aoc","status":"publish","type":"product","link":"https:\/\/magnusvinum.ch\/de\/shop\/rotweine\/chambolle-musigny-1er-cru-les-feusselottes-aoc\/","title":{"rendered":"Chambolle-Musigny 1er Cru Les Feusselottes AOC"},"content":{"rendered":"<p><strong>Degustationsnotiz:<\/strong> Aus dem Ertrag dieser winzigen Parzelle von 0,17 Hektar werden gerade einmal zwei F\u00e4sser gekeltert. Dank 100% Ganztraubenvinifikation eine ultra-blumige Nase, erg\u00e4nzt durch Noten von reifen Kirschen und feinen Gew\u00fcrzen. Am Gaumen seidig, wenn auch nicht ohne strukturierende Tannine. Aromen von Kirschen verbinden sich mit duftenden Orangenbl\u00fcten und einem langen, saftigen Abgang. Warten Sie mindestens 5 Jahre ab Jahrgang oder trinken Sie den Wein idealerweise im Alter zwischen 15-20 Jahren. <strong>Passt gut zu:<\/strong> Gegrilltes Lammfleisch oder auch Steinpilze vertragen sich vorz\u00fcglich mit diesem Pinot Noir.<\/p>\n","protected":false},"excerpt":{"rendered":"<p>Degustationsnotiz: Aus dem Ertrag dieser winzigen Parzelle von 0,17 Hektar werden gerade einmal zwei F\u00e4sser gekeltert. Dank 100% Ganztraubenvinifikation eine ultra-blumige Nase, erg\u00e4nzt durch Noten von reifen Kirschen und feinen Gew\u00fcrzen. Am Gaumen seidig, wenn auch nicht ohne strukturierende Tannine. Aromen von Kirschen verbinden sich mit duftenden Orangenbl\u00fcten und einem langen, saftigen Abgang. Warten Sie &#8230; <a href=\"https:\/\/magnusvinum.ch\/de\/shop\/rotweine\/chambolle-musigny-1er-cru-les-feusselottes-aoc\/\" class=\"more-link\">Read More <span class=\"screen-reader-text\">about  Chambolle-Musigny 1er Cru Les Feusselottes AOC<\/span><\/a><\/p>\n","protected":false},"featured_media":19952,"template":"","meta":{"_genesis_hide_title":false,"_genesis_hide_breadcrumbs":false,"_genesis_hide_singular_image":false,"_genesis_hide_footer_widgets":false,"_genesis_custom_body_class":"","_genesis_custom_post_class":"","_genesis_layout":""},"product_brand":[],"product_cat":[150],"product_tag":[205],"class_list":{"0":"post-19282","1":"product","2":"type-product","3":"status-publish","4":"has-post-thumbnail","6":"product_cat-rotweine","7":"product_tag-2018-de","8":"pa_appellation-chambolle-musigny-1er-cru-de","9":"pa_bottle-size-750ml-de","10":"pa_grape-variety-pinot-noir-de","11":"pa_producer-domaine-amiot-servelle-de","12":"pa_region-cote-de-nuits-de","13":"pa_vintage-2018-de","14":"entry","16":"first","17":"outofstock","18":"sale","19":"taxable","20":"shipping-taxable","21":"purchasable","22":"product-type-simple"},"wooqr_code":"","_links":{"self":[{"href":"https:\/\/magnusvinum.ch\/de\/wp-json\/wp\/v2\/product\/19282","targetHints":{"allow":["GET"]}}],"collection":[{"href":"https:\/\/magnusvinum.ch\/de\/wp-json\/wp\/v2\/product"}],"about":[{"href":"https:\/\/magnusvinum.ch\/de\/wp-json\/wp\/v2\/types\/product"}],"wp:featuredmedia":[{"embeddable":true,"href":"https:\/\/magnusvinum.ch\/de\/wp-json\/wp\/v2\/media\/19952"}],"wp:attachment":[{"href":"https:\/\/magnusvinum.ch\/de\/wp-json\/wp\/v2\/media?parent=19282"}],"wp:term":[{"taxonomy":"product_brand","embeddable":true,"href":"https:\/\/magnusvinum.ch\/de\/wp-json\/wp\/v2\/product_brand?post=19282"},{"taxonomy":"product_cat","embeddable":true,"href":"https:\/\/magnusvinum.ch\/de\/wp-json\/wp\/v2\/product_cat?post=19282"},{"taxonomy":"product_tag","embeddable":true,"href":"https:\/\/magnusvinum.ch\/de\/wp-json\/wp\/v2\/product_tag?post=19282"}],"curies":[{"name":"wp","href":"https:\/\/api.w.org\/{rel}","templated":true}]}}