{"id":19175,"date":"2020-08-04T12:18:06","date_gmt":"2020-08-04T10:18:06","guid":{"rendered":"https:\/\/magnusvinum.ch\/?post_type=product&#038;p=19175"},"modified":"2024-09-30T14:33:34","modified_gmt":"2024-09-30T12:33:34","slug":"chassagne-montrachet-1er-cru-champs-gains-aoc","status":"publish","type":"product","link":"https:\/\/magnusvinum.ch\/de\/shop\/rotweine\/chassagne-montrachet-1er-cru-champs-gains-aoc\/","title":{"rendered":"Chassagne-Montrachet 1er Cru Champs Gains (rouge) AOC"},"content":{"rendered":"<p><strong>Degustationsnotiz:<\/strong> 50% Ganztraubenvinifikation. Die Nase ist hier \u00e4usserst elegant mit Aromen von Veilchen, roten Fr\u00fcchten, umgedrehter Erde und feinen Gew\u00fcrzen. Am Gaumen ist er nicht dicht, sondern zart und \u00e4therisch, mit einem sehr langen, raffinierten Abgang, der einen anhaltenden Duft von Kirschen und Blumen im Mund hinterl\u00e4sst. Dies wird sich \u00fcber 20 Jahre oder l\u00e4nger verbessern. <strong>Passt gut zu:<\/strong> Einfach gegrilltes Berglamm oder Steinpilze passen perfekt zu diesem eleganten Pinot Noir.<\/p>\n","protected":false},"excerpt":{"rendered":"<p>Degustationsnotiz: 50% Ganztraubenvinifikation. Die Nase ist hier \u00e4usserst elegant mit Aromen von Veilchen, roten Fr\u00fcchten, umgedrehter Erde und feinen Gew\u00fcrzen. Am Gaumen ist er nicht dicht, sondern zart und \u00e4therisch, mit einem sehr langen, raffinierten Abgang, der einen anhaltenden Duft von Kirschen und Blumen im Mund hinterl\u00e4sst. Dies wird sich \u00fcber 20 Jahre oder l\u00e4nger &#8230; <a href=\"https:\/\/magnusvinum.ch\/de\/shop\/rotweine\/chassagne-montrachet-1er-cru-champs-gains-aoc\/\" class=\"more-link\">Read More <span class=\"screen-reader-text\">about  Chassagne-Montrachet 1er Cru Champs Gains (rouge) AOC<\/span><\/a><\/p>\n","protected":false},"featured_media":19964,"template":"","meta":{"_genesis_hide_title":false,"_genesis_hide_breadcrumbs":false,"_genesis_hide_singular_image":false,"_genesis_hide_footer_widgets":false,"_genesis_custom_body_class":"","_genesis_custom_post_class":"","_genesis_layout":""},"product_brand":[801],"product_cat":[150],"product_tag":[207],"class_list":{"0":"post-19175","1":"product","2":"type-product","3":"status-publish","4":"has-post-thumbnail","6":"product_brand-sylvain-morey","7":"product_cat-rotweine","8":"product_tag-2019-de","9":"pa_appellation-chassagne-montrachet-1er-cru-de","10":"pa_bottle-size-750ml-de","11":"pa_grape-variety-pinot-noir-de","12":"pa_producer-domaine-sylvain-morey-de","13":"pa_region-cote-de-beaune-de","14":"pa_vintage-2019-de","15":"entry","17":"first","18":"instock","19":"taxable","20":"shipping-taxable","21":"purchasable","22":"product-type-simple"},"wooqr_code":"","_links":{"self":[{"href":"https:\/\/magnusvinum.ch\/de\/wp-json\/wp\/v2\/product\/19175","targetHints":{"allow":["GET"]}}],"collection":[{"href":"https:\/\/magnusvinum.ch\/de\/wp-json\/wp\/v2\/product"}],"about":[{"href":"https:\/\/magnusvinum.ch\/de\/wp-json\/wp\/v2\/types\/product"}],"wp:featuredmedia":[{"embeddable":true,"href":"https:\/\/magnusvinum.ch\/de\/wp-json\/wp\/v2\/media\/19964"}],"wp:attachment":[{"href":"https:\/\/magnusvinum.ch\/de\/wp-json\/wp\/v2\/media?parent=19175"}],"wp:term":[{"taxonomy":"product_brand","embeddable":true,"href":"https:\/\/magnusvinum.ch\/de\/wp-json\/wp\/v2\/product_brand?post=19175"},{"taxonomy":"product_cat","embeddable":true,"href":"https:\/\/magnusvinum.ch\/de\/wp-json\/wp\/v2\/product_cat?post=19175"},{"taxonomy":"product_tag","embeddable":true,"href":"https:\/\/magnusvinum.ch\/de\/wp-json\/wp\/v2\/product_tag?post=19175"}],"curies":[{"name":"wp","href":"https:\/\/api.w.org\/{rel}","templated":true}]}}