{"id":19173,"date":"2020-08-04T12:13:52","date_gmt":"2020-08-04T10:13:52","guid":{"rendered":"https:\/\/magnusvinum.ch\/?post_type=product&#038;p=19173"},"modified":"2025-03-05T23:17:32","modified_gmt":"2025-03-05T21:17:32","slug":"santenay-1er-cru-grand-clos-rousseau-aoc","status":"publish","type":"product","link":"https:\/\/magnusvinum.ch\/de\/shop\/rotweine\/santenay-1er-cru-grand-clos-rousseau-aoc\/","title":{"rendered":"Santenay 1er Cru Grand Clos Rousseau AOC"},"content":{"rendered":"<p><strong>Degustationsnotiz:<\/strong> 50% Ganztraubenvinifikation. Die elegante Nase bietet Aromen von roten und schwarzen Beeren, die mit umgedrehter Erde und Veilchen durchzogen sind. Die Zeit im Glas enth\u00fcllt hellere Noten von Orangenbl\u00fcte und reiner Kirsche. Der Gaumen ist tief fruchtig mit dunklen Kirschen, Blumen und einer herrlichen L\u00e4nge. Dies hat das Potential, sich in den n\u00e4chsten 15-20 Jahren zu verbessern. <strong>Passt gut zu:<\/strong> Ideal zu einfach gegrilltem Kalbfleisch oder Lammkoteletts mit gegrilltem Gem\u00fcse.<\/p>\n","protected":false},"excerpt":{"rendered":"<p>Degustationsnotiz: 50% Ganztraubenvinifikation. Die elegante Nase bietet Aromen von roten und schwarzen Beeren, die mit umgedrehter Erde und Veilchen durchzogen sind. Die Zeit im Glas enth\u00fcllt hellere Noten von Orangenbl\u00fcte und reiner Kirsche. Der Gaumen ist tief fruchtig mit dunklen Kirschen, Blumen und einer herrlichen L\u00e4nge. Dies hat das Potential, sich in den n\u00e4chsten 15-20 &#8230; <a href=\"https:\/\/magnusvinum.ch\/de\/shop\/rotweine\/santenay-1er-cru-grand-clos-rousseau-aoc\/\" class=\"more-link\">Read More <span class=\"screen-reader-text\">about  Santenay 1er Cru Grand Clos Rousseau AOC<\/span><\/a><\/p>\n","protected":false},"featured_media":19970,"template":"","meta":{"_genesis_hide_title":false,"_genesis_hide_breadcrumbs":false,"_genesis_hide_singular_image":false,"_genesis_hide_footer_widgets":false,"_genesis_custom_body_class":"","_genesis_custom_post_class":"","_genesis_layout":""},"product_brand":[801],"product_cat":[150],"product_tag":[205],"class_list":{"0":"post-19173","1":"product","2":"type-product","3":"status-publish","4":"has-post-thumbnail","6":"product_brand-sylvain-morey","7":"product_cat-rotweine","8":"product_tag-2018-de","9":"pa_appellation-santenay-1er-cru-de","10":"pa_bottle-size-750ml-de","11":"pa_grape-variety-pinot-noir-de","12":"pa_producer-domaine-sylvain-morey-de","13":"pa_region-cote-de-beaune-de","14":"pa_vintage-2018-de","15":"entry","17":"first","18":"instock","19":"taxable","20":"shipping-taxable","21":"purchasable","22":"product-type-simple"},"wooqr_code":"","_links":{"self":[{"href":"https:\/\/magnusvinum.ch\/de\/wp-json\/wp\/v2\/product\/19173","targetHints":{"allow":["GET"]}}],"collection":[{"href":"https:\/\/magnusvinum.ch\/de\/wp-json\/wp\/v2\/product"}],"about":[{"href":"https:\/\/magnusvinum.ch\/de\/wp-json\/wp\/v2\/types\/product"}],"wp:featuredmedia":[{"embeddable":true,"href":"https:\/\/magnusvinum.ch\/de\/wp-json\/wp\/v2\/media\/19970"}],"wp:attachment":[{"href":"https:\/\/magnusvinum.ch\/de\/wp-json\/wp\/v2\/media?parent=19173"}],"wp:term":[{"taxonomy":"product_brand","embeddable":true,"href":"https:\/\/magnusvinum.ch\/de\/wp-json\/wp\/v2\/product_brand?post=19173"},{"taxonomy":"product_cat","embeddable":true,"href":"https:\/\/magnusvinum.ch\/de\/wp-json\/wp\/v2\/product_cat?post=19173"},{"taxonomy":"product_tag","embeddable":true,"href":"https:\/\/magnusvinum.ch\/de\/wp-json\/wp\/v2\/product_tag?post=19173"}],"curies":[{"name":"wp","href":"https:\/\/api.w.org\/{rel}","templated":true}]}}