{"id":19149,"date":"2020-07-25T18:34:42","date_gmt":"2020-07-25T16:34:42","guid":{"rendered":"https:\/\/magnusvinum.ch\/?post_type=product&#038;p=19149"},"modified":"2025-03-05T23:59:43","modified_gmt":"2025-03-05T21:59:43","slug":"monthelie-1er-cru-terroir-de-coteau-aoc","status":"publish","type":"product","link":"https:\/\/magnusvinum.ch\/de\/shop\/rotweine\/monthelie-1er-cru-terroir-de-coteau-aoc\/","title":{"rendered":"Month\u00e9lie 1er Cru &#8218;Terroir de Coteau&#8216; AOC"},"content":{"rendered":"<p><strong>Degustationsnotiz<\/strong>: Aus dem warmen Jahrgang 2018 kombiniert dieser Month\u00e9lie 1er Cru rote Fr\u00fcchte, Veilchen und Waldboden. Der Gaumen ist ziemlich reichhaltig f\u00fcr die Appellation, was zeigt, wie der Klimawandel den k\u00fchleren roten Appellationen zugute kommt. Trinken Sie 2020-2030. <strong>Passt gut zu:<\/strong> Ideal zu Brath\u00e4hnchen-, Schweine-, Kalbs- oder Pilzgerichten.<\/p>\n","protected":false},"excerpt":{"rendered":"<p>Degustationsnotiz: Aus dem warmen Jahrgang 2018 kombiniert dieser Month\u00e9lie 1er Cru rote Fr\u00fcchte, Veilchen und Waldboden. Der Gaumen ist ziemlich reichhaltig f\u00fcr die Appellation, was zeigt, wie der Klimawandel den k\u00fchleren roten Appellationen zugute kommt. Trinken Sie 2020-2030. Passt gut zu: Ideal zu Brath\u00e4hnchen-, Schweine-, Kalbs- oder Pilzgerichten.<\/p>\n","protected":false},"featured_media":19976,"template":"","meta":{"_genesis_hide_title":false,"_genesis_hide_breadcrumbs":false,"_genesis_hide_singular_image":false,"_genesis_hide_footer_widgets":false,"_genesis_custom_body_class":"","_genesis_custom_post_class":"","_genesis_layout":""},"product_brand":[817],"product_cat":[150],"product_tag":[205],"class_list":{"0":"post-19149","1":"product","2":"type-product","3":"status-publish","4":"has-post-thumbnail","6":"product_brand-pierre-giradin","7":"product_cat-rotweine","8":"product_tag-2018-de","9":"pa_appellation-monthelie-1er-cru-de","10":"pa_bottle-size-750ml-de","11":"pa_grape-variety-pinot-noir-de","12":"pa_producer-domaine-pierre-girardin-de","13":"pa_region-cote-de-beaune-de","14":"pa_vintage-2018-de","15":"entry","17":"first","18":"instock","19":"taxable","20":"shipping-taxable","21":"purchasable","22":"product-type-simple"},"wooqr_code":"","_links":{"self":[{"href":"https:\/\/magnusvinum.ch\/de\/wp-json\/wp\/v2\/product\/19149","targetHints":{"allow":["GET"]}}],"collection":[{"href":"https:\/\/magnusvinum.ch\/de\/wp-json\/wp\/v2\/product"}],"about":[{"href":"https:\/\/magnusvinum.ch\/de\/wp-json\/wp\/v2\/types\/product"}],"wp:featuredmedia":[{"embeddable":true,"href":"https:\/\/magnusvinum.ch\/de\/wp-json\/wp\/v2\/media\/19976"}],"wp:attachment":[{"href":"https:\/\/magnusvinum.ch\/de\/wp-json\/wp\/v2\/media?parent=19149"}],"wp:term":[{"taxonomy":"product_brand","embeddable":true,"href":"https:\/\/magnusvinum.ch\/de\/wp-json\/wp\/v2\/product_brand?post=19149"},{"taxonomy":"product_cat","embeddable":true,"href":"https:\/\/magnusvinum.ch\/de\/wp-json\/wp\/v2\/product_cat?post=19149"},{"taxonomy":"product_tag","embeddable":true,"href":"https:\/\/magnusvinum.ch\/de\/wp-json\/wp\/v2\/product_tag?post=19149"}],"curies":[{"name":"wp","href":"https:\/\/api.w.org\/{rel}","templated":true}]}}