{"id":19141,"date":"2020-07-25T14:41:35","date_gmt":"2020-07-25T12:41:35","guid":{"rendered":"https:\/\/magnusvinum.ch\/shop\/unkategorisiert\/meursault-les-vireuils-aoc-2\/"},"modified":"2022-08-17T11:11:07","modified_gmt":"2022-08-17T09:11:07","slug":"meursault-les-vireuils-aoc-2","status":"publish","type":"product","link":"https:\/\/magnusvinum.ch\/de\/shop\/weissweine\/meursault-les-vireuils-aoc-2\/","title":{"rendered":"Meursault &#8218;Les Vireuils&#8216; AOC"},"content":{"rendered":"<p><strong>Degustationsnotiz:<\/strong> Typische Meursault-Aromen von Haseln\u00fcssen, Mandeln, gr\u00fcner Reneclaude und weissen Bl\u00fcten. Mit der Zeit entstehen Butter und Honig. Der Gaumen ist vollmundig und reichhaltig mit grosser Spannung. Ein Wein mit hervorragendem Reifepotential. Der gr\u00f6sste Genuss liegt bei etwa 5-15 Jahren ab der Ernte. <strong>Passt gut zu:<\/strong> Perfekt zu Hummer, Langoustine, Kalbfleisch oder Gefl\u00fcgel. Probieren Sie zur Abwechslung mal Foie Gras oder sehr milden Blauschimmelk\u00e4se.<\/p>\n","protected":false},"excerpt":{"rendered":"<p>Degustationsnotiz: Typische Meursault-Aromen von Haseln\u00fcssen, Mandeln, gr\u00fcner Reneclaude und weissen Bl\u00fcten. Mit der Zeit entstehen Butter und Honig. Der Gaumen ist vollmundig und reichhaltig mit grosser Spannung. Ein Wein mit hervorragendem Reifepotential. Der gr\u00f6sste Genuss liegt bei etwa 5-15 Jahren ab der Ernte. Passt gut zu: Perfekt zu Hummer, Langoustine, Kalbfleisch oder Gefl\u00fcgel. Probieren Sie &#8230; <a href=\"https:\/\/magnusvinum.ch\/de\/shop\/weissweine\/meursault-les-vireuils-aoc-2\/\" class=\"more-link\">Read More <span class=\"screen-reader-text\">about  Meursault &#8218;Les Vireuils&#8216; AOC<\/span><\/a><\/p>\n","protected":false},"featured_media":19980,"template":"","meta":{"_genesis_hide_title":false,"_genesis_hide_breadcrumbs":false,"_genesis_hide_singular_image":false,"_genesis_hide_footer_widgets":false,"_genesis_custom_body_class":"","_genesis_custom_post_class":"","_genesis_layout":""},"product_brand":[],"product_cat":[126],"product_tag":[205],"class_list":{"0":"post-19141","1":"product","2":"type-product","3":"status-publish","4":"has-post-thumbnail","6":"product_cat-weissweine","7":"product_tag-2018-de","8":"pa_appellation-meursault-de","9":"pa_bottle-size-750ml-de","10":"pa_grape-variety-chardonnay-de","11":"pa_producer-domaine-pierre-girardin-de","12":"pa_region-cote-de-beaune-de","13":"pa_vintage-2018-de","14":"entry","16":"first","17":"outofstock","18":"taxable","19":"shipping-taxable","20":"purchasable","21":"product-type-simple"},"wooqr_code":"","_links":{"self":[{"href":"https:\/\/magnusvinum.ch\/de\/wp-json\/wp\/v2\/product\/19141","targetHints":{"allow":["GET"]}}],"collection":[{"href":"https:\/\/magnusvinum.ch\/de\/wp-json\/wp\/v2\/product"}],"about":[{"href":"https:\/\/magnusvinum.ch\/de\/wp-json\/wp\/v2\/types\/product"}],"wp:featuredmedia":[{"embeddable":true,"href":"https:\/\/magnusvinum.ch\/de\/wp-json\/wp\/v2\/media\/19980"}],"wp:attachment":[{"href":"https:\/\/magnusvinum.ch\/de\/wp-json\/wp\/v2\/media?parent=19141"}],"wp:term":[{"taxonomy":"product_brand","embeddable":true,"href":"https:\/\/magnusvinum.ch\/de\/wp-json\/wp\/v2\/product_brand?post=19141"},{"taxonomy":"product_cat","embeddable":true,"href":"https:\/\/magnusvinum.ch\/de\/wp-json\/wp\/v2\/product_cat?post=19141"},{"taxonomy":"product_tag","embeddable":true,"href":"https:\/\/magnusvinum.ch\/de\/wp-json\/wp\/v2\/product_tag?post=19141"}],"curies":[{"name":"wp","href":"https:\/\/api.w.org\/{rel}","templated":true}]}}