{"id":19128,"date":"2020-07-25T14:09:24","date_gmt":"2020-07-25T12:20:59","guid":{"rendered":"https:\/\/magnusvinum.ch\/?post_type=product&#038;p=19128"},"modified":"2021-03-14T19:07:55","modified_gmt":"2021-03-14T17:07:55","slug":"bourgogne-chardonnay-eclat-de-calcaire-aoc","status":"publish","type":"product","link":"https:\/\/magnusvinum.ch\/de\/shop\/weissweine\/bourgogne-chardonnay-eclat-de-calcaire-aoc\/","title":{"rendered":"Bourgogne Chardonnay &#8222;\u00c9clat de Calcaire&#8220; AOC"},"content":{"rendered":"<p><strong>Degustationsnotiz:<\/strong> Die Nase erhebt sich aus dem Glas mit Birne, Zitrone und honigweissen Bl\u00fcten. Der Gaumen ist voll von saftigen weissen Fr\u00fcchten, Zitrusfr\u00fcchten und feinen Nussnoten. Er bietet wunderbare F\u00fclle und Vollmundigkeit f\u00fcr diese bescheidene Appellation, und L\u00e4nge, die hier Qualit\u00e4t eines Villages aufweist. Trinken Sie 2020-2030.\u00a0<strong>Passt gut zu:<\/strong> Perfekt zu Fisch, Meeresfr\u00fcchten oder pochierten H\u00fchnergerichten. Ideal auch zu milden Halbhartk\u00e4sesorten.<\/p>\n","protected":false},"excerpt":{"rendered":"<p>Degustationsnotiz: Die Nase erhebt sich aus dem Glas mit Birne, Zitrone und honigweissen Bl\u00fcten. Der Gaumen ist voll von saftigen weissen Fr\u00fcchten, Zitrusfr\u00fcchten und feinen Nussnoten. Er bietet wunderbare F\u00fclle und Vollmundigkeit f\u00fcr diese bescheidene Appellation, und L\u00e4nge, die hier Qualit\u00e4t eines Villages aufweist. Trinken Sie 2020-2030.\u00a0Passt gut zu: Perfekt zu Fisch, Meeresfr\u00fcchten oder pochierten &#8230; <a href=\"https:\/\/magnusvinum.ch\/de\/shop\/weissweine\/bourgogne-chardonnay-eclat-de-calcaire-aoc\/\" class=\"more-link\">Read More <span class=\"screen-reader-text\">about  Bourgogne Chardonnay &#8222;\u00c9clat de Calcaire&#8220; AOC<\/span><\/a><\/p>\n","protected":false},"featured_media":19986,"template":"","meta":{"_genesis_hide_title":false,"_genesis_hide_breadcrumbs":false,"_genesis_hide_singular_image":false,"_genesis_hide_footer_widgets":false,"_genesis_custom_body_class":"","_genesis_custom_post_class":"","_genesis_layout":""},"product_brand":[817],"product_cat":[126],"product_tag":[205],"class_list":{"0":"post-19128","1":"product","2":"type-product","3":"status-publish","4":"has-post-thumbnail","6":"product_brand-pierre-giradin","7":"product_cat-weissweine","8":"product_tag-2018-de","9":"pa_appellation-bourgogne-de","10":"pa_bottle-size-750ml-de","11":"pa_grape-variety-chardonnay-de","12":"pa_producer-domaine-pierre-girardin-de","13":"pa_region-cote-de-beaune-de","14":"pa_vintage-2018-de","15":"entry","17":"first","18":"outofstock","19":"taxable","20":"shipping-taxable","21":"purchasable","22":"product-type-simple"},"wooqr_code":"","_links":{"self":[{"href":"https:\/\/magnusvinum.ch\/de\/wp-json\/wp\/v2\/product\/19128","targetHints":{"allow":["GET"]}}],"collection":[{"href":"https:\/\/magnusvinum.ch\/de\/wp-json\/wp\/v2\/product"}],"about":[{"href":"https:\/\/magnusvinum.ch\/de\/wp-json\/wp\/v2\/types\/product"}],"wp:featuredmedia":[{"embeddable":true,"href":"https:\/\/magnusvinum.ch\/de\/wp-json\/wp\/v2\/media\/19986"}],"wp:attachment":[{"href":"https:\/\/magnusvinum.ch\/de\/wp-json\/wp\/v2\/media?parent=19128"}],"wp:term":[{"taxonomy":"product_brand","embeddable":true,"href":"https:\/\/magnusvinum.ch\/de\/wp-json\/wp\/v2\/product_brand?post=19128"},{"taxonomy":"product_cat","embeddable":true,"href":"https:\/\/magnusvinum.ch\/de\/wp-json\/wp\/v2\/product_cat?post=19128"},{"taxonomy":"product_tag","embeddable":true,"href":"https:\/\/magnusvinum.ch\/de\/wp-json\/wp\/v2\/product_tag?post=19128"}],"curies":[{"name":"wp","href":"https:\/\/api.w.org\/{rel}","templated":true}]}}