{"id":19124,"date":"2020-07-25T11:08:15","date_gmt":"2020-07-25T09:08:15","guid":{"rendered":"https:\/\/magnusvinum.ch\/shop\/unkategorisiert\/corton-bressandes-grand-cru-aoc-2-2\/"},"modified":"2025-03-04T18:05:18","modified_gmt":"2025-03-04T16:05:18","slug":"corton-bressandes-grand-cru-aoc-2-2","status":"publish","type":"product","link":"https:\/\/magnusvinum.ch\/de\/shop\/rotweine\/corton-bressandes-grand-cru-aoc-2-2\/","title":{"rendered":"Corton-Bressandes Grand Cru AOC"},"content":{"rendered":"<p><strong>Degustationsnotiz:<\/strong> Corton-Bressandes produziert immer einen der elegantesten Weine vom Corton Hill, und das ist keine Ausnahme. Die Nase zeigt Kirsche, schwarze Himbeere, Blutorange, Veilchen, dunkle Schokolade und feine Gew\u00fcrze. Der Gaumen ist tief und reich an einem Kern aus muskul\u00f6sen Corton-Fr\u00fcchten und ist definitiv auf Langlebigkeit ausgelegt. Trinken Sie 2025-2065. <strong>Passt gut zu:<\/strong> Ein so besonderer Wein verdient ein besonderes Gericht. Gansbraten oder C\u00f4te de boeuf w\u00e4re gut!<\/p>\n","protected":false},"excerpt":{"rendered":"<p>Degustationsnotiz: Corton-Bressandes produziert immer einen der elegantesten Weine vom Corton Hill, und das ist keine Ausnahme. Die Nase zeigt Kirsche, schwarze Himbeere, Blutorange, Veilchen, dunkle Schokolade und feine Gew\u00fcrze. Der Gaumen ist tief und reich an einem Kern aus muskul\u00f6sen Corton-Fr\u00fcchten und ist definitiv auf Langlebigkeit ausgelegt. Trinken Sie 2025-2065. Passt gut zu: Ein so &#8230; <a href=\"https:\/\/magnusvinum.ch\/de\/shop\/rotweine\/corton-bressandes-grand-cru-aoc-2-2\/\" class=\"more-link\">Read More <span class=\"screen-reader-text\">about  Corton-Bressandes Grand Cru AOC<\/span><\/a><\/p>\n","protected":false},"featured_media":19988,"template":"","meta":{"_genesis_hide_title":false,"_genesis_hide_breadcrumbs":false,"_genesis_hide_singular_image":false,"_genesis_hide_footer_widgets":false,"_genesis_custom_body_class":"","_genesis_custom_post_class":"","_genesis_layout":""},"product_brand":[794],"product_cat":[150],"product_tag":[205],"class_list":{"0":"post-19124","1":"product","2":"type-product","3":"status-publish","4":"has-post-thumbnail","6":"product_brand-clos-de-la-chapelle","7":"product_cat-rotweine","8":"product_tag-2018-de","9":"pa_appellation-corton-bressandes-de","10":"pa_bottle-size-750ml-de","11":"pa_grape-variety-pinot-noir-de","12":"pa_producer-domaine-clos-de-la-chapelle-de","13":"pa_region-cote-de-beaune-de","14":"pa_vintage-2018-de","15":"entry","17":"first","18":"instock","19":"taxable","20":"shipping-taxable","21":"purchasable","22":"product-type-simple"},"wooqr_code":"","_links":{"self":[{"href":"https:\/\/magnusvinum.ch\/de\/wp-json\/wp\/v2\/product\/19124","targetHints":{"allow":["GET"]}}],"collection":[{"href":"https:\/\/magnusvinum.ch\/de\/wp-json\/wp\/v2\/product"}],"about":[{"href":"https:\/\/magnusvinum.ch\/de\/wp-json\/wp\/v2\/types\/product"}],"wp:featuredmedia":[{"embeddable":true,"href":"https:\/\/magnusvinum.ch\/de\/wp-json\/wp\/v2\/media\/19988"}],"wp:attachment":[{"href":"https:\/\/magnusvinum.ch\/de\/wp-json\/wp\/v2\/media?parent=19124"}],"wp:term":[{"taxonomy":"product_brand","embeddable":true,"href":"https:\/\/magnusvinum.ch\/de\/wp-json\/wp\/v2\/product_brand?post=19124"},{"taxonomy":"product_cat","embeddable":true,"href":"https:\/\/magnusvinum.ch\/de\/wp-json\/wp\/v2\/product_cat?post=19124"},{"taxonomy":"product_tag","embeddable":true,"href":"https:\/\/magnusvinum.ch\/de\/wp-json\/wp\/v2\/product_tag?post=19124"}],"curies":[{"name":"wp","href":"https:\/\/api.w.org\/{rel}","templated":true}]}}