{"id":19117,"date":"2020-07-25T10:55:16","date_gmt":"2020-07-25T08:55:16","guid":{"rendered":"https:\/\/magnusvinum.ch\/?post_type=product&#038;p=19117"},"modified":"2025-03-04T17:55:01","modified_gmt":"2025-03-04T15:55:01","slug":"volnay-1er-cru-taillepieds-aoc-2","status":"publish","type":"product","link":"https:\/\/magnusvinum.ch\/de\/shop\/rotweine\/volnay-1er-cru-taillepieds-aoc-2\/","title":{"rendered":"Volnay 1er Cru Taillepieds AOC"},"content":{"rendered":"<p><strong>Degustationsnotiz:<\/strong> Von einem wundersch\u00f6nen alten Weinberg (65+ Jahre), der sich zwischen den Parzellen von Angerville und de Montille befindet, hat Taillepieds eine kr\u00e4ftige Nase von reifen schwarzen Kirschen, Pflaumen, Schokolade, Veilchen und Gew\u00fcrzen. Am Gaumen ist er vollmundig und samtig mit immensen Fr\u00fcchten. Die Tannine sind reif und fleischig, was zu einem langen Abgang f\u00fchrt. Trinken Sie 2023-2060. <strong>Passt gut zu:<\/strong> Ein so besonderer Wein verdient ein besonderes Gericht. Gansbraten oder C\u00f4te de boeuf w\u00e4re gut!<\/p>\n","protected":false},"excerpt":{"rendered":"<p>Degustationsnotiz: Von einem wundersch\u00f6nen alten Weinberg (65+ Jahre), der sich zwischen den Parzellen von Angerville und de Montille befindet, hat Taillepieds eine kr\u00e4ftige Nase von reifen schwarzen Kirschen, Pflaumen, Schokolade, Veilchen und Gew\u00fcrzen. Am Gaumen ist er vollmundig und samtig mit immensen Fr\u00fcchten. Die Tannine sind reif und fleischig, was zu einem langen Abgang f\u00fchrt. &#8230; <a href=\"https:\/\/magnusvinum.ch\/de\/shop\/rotweine\/volnay-1er-cru-taillepieds-aoc-2\/\" class=\"more-link\">Read More <span class=\"screen-reader-text\">about  Volnay 1er Cru Taillepieds AOC<\/span><\/a><\/p>\n","protected":false},"featured_media":19990,"template":"","meta":{"_genesis_hide_title":false,"_genesis_hide_breadcrumbs":false,"_genesis_hide_singular_image":false,"_genesis_hide_footer_widgets":false,"_genesis_custom_body_class":"","_genesis_custom_post_class":"","_genesis_layout":""},"product_brand":[794],"product_cat":[150],"product_tag":[205],"class_list":{"0":"post-19117","1":"product","2":"type-product","3":"status-publish","4":"has-post-thumbnail","6":"product_brand-clos-de-la-chapelle","7":"product_cat-rotweine","8":"product_tag-2018-de","9":"pa_appellation-volnay-1er-cru-de","10":"pa_bottle-size-750ml-de","11":"pa_grape-variety-pinot-noir-de","12":"pa_producer-domaine-clos-de-la-chapelle-de","13":"pa_region-cote-de-beaune-de","14":"pa_vintage-2018-de","15":"entry","17":"first","18":"instock","19":"taxable","20":"shipping-taxable","21":"purchasable","22":"product-type-simple"},"wooqr_code":"","_links":{"self":[{"href":"https:\/\/magnusvinum.ch\/de\/wp-json\/wp\/v2\/product\/19117","targetHints":{"allow":["GET"]}}],"collection":[{"href":"https:\/\/magnusvinum.ch\/de\/wp-json\/wp\/v2\/product"}],"about":[{"href":"https:\/\/magnusvinum.ch\/de\/wp-json\/wp\/v2\/types\/product"}],"wp:featuredmedia":[{"embeddable":true,"href":"https:\/\/magnusvinum.ch\/de\/wp-json\/wp\/v2\/media\/19990"}],"wp:attachment":[{"href":"https:\/\/magnusvinum.ch\/de\/wp-json\/wp\/v2\/media?parent=19117"}],"wp:term":[{"taxonomy":"product_brand","embeddable":true,"href":"https:\/\/magnusvinum.ch\/de\/wp-json\/wp\/v2\/product_brand?post=19117"},{"taxonomy":"product_cat","embeddable":true,"href":"https:\/\/magnusvinum.ch\/de\/wp-json\/wp\/v2\/product_cat?post=19117"},{"taxonomy":"product_tag","embeddable":true,"href":"https:\/\/magnusvinum.ch\/de\/wp-json\/wp\/v2\/product_tag?post=19117"}],"curies":[{"name":"wp","href":"https:\/\/api.w.org\/{rel}","templated":true}]}}