{"id":19111,"date":"2020-07-25T10:32:05","date_gmt":"2020-07-25T09:33:46","guid":{"rendered":"https:\/\/magnusvinum.ch\/?post_type=product&#038;p=19111"},"modified":"2021-06-04T12:39:33","modified_gmt":"2021-06-04T10:39:33","slug":"pernand-vergelesses-1er-cru-sous-fretille-aoc-3","status":"publish","type":"product","link":"https:\/\/magnusvinum.ch\/de\/shop\/weissweine\/pernand-vergelesses-1er-cru-sous-fretille-aoc-3\/","title":{"rendered":"Pernand-Vergelesses 1er Cru Sous Fr\u00e9tille AOC"},"content":{"rendered":"<p><strong>Degustationsnotiz:<\/strong> Dieser Baby Corton-Charlemagne stammt aus einem meiner Lieblings-Insider-Terroirs im Burgund. Die Nase verbindet Apfel, Birne, Zitrusfr\u00fcchte, Cr\u00e8me Patissi\u00e8re und kreidige Mineralnoten. Am Gaumen ist er frisch, aber mit einer guten Dichte mit weissen saftigen Fr\u00fcchten und cremiger, nussiger Eiche. Ein Hauch von Reduktion gibt Spannung und zeigt, dass dieser Wein auf Langlebigkeit ausgelegt ist! Trinken Sie 2019-2030. <strong>Passt gut zu:<\/strong> Perfekt zu Fisch, Meeresfr\u00fcchten oder pochierten H\u00fchnergerichten. Ideal auch zu milden Halbhartk\u00e4sesorten.<\/p>\n","protected":false},"excerpt":{"rendered":"<p>Degustationsnotiz: Dieser Baby Corton-Charlemagne stammt aus einem meiner Lieblings-Insider-Terroirs im Burgund. Die Nase verbindet Apfel, Birne, Zitrusfr\u00fcchte, Cr\u00e8me Patissi\u00e8re und kreidige Mineralnoten. Am Gaumen ist er frisch, aber mit einer guten Dichte mit weissen saftigen Fr\u00fcchten und cremiger, nussiger Eiche. Ein Hauch von Reduktion gibt Spannung und zeigt, dass dieser Wein auf Langlebigkeit ausgelegt ist! &#8230; <a href=\"https:\/\/magnusvinum.ch\/de\/shop\/weissweine\/pernand-vergelesses-1er-cru-sous-fretille-aoc-3\/\" class=\"more-link\">Read More <span class=\"screen-reader-text\">about  Pernand-Vergelesses 1er Cru Sous Fr\u00e9tille AOC<\/span><\/a><\/p>\n","protected":false},"featured_media":19994,"template":"","meta":{"_genesis_hide_title":false,"_genesis_hide_breadcrumbs":false,"_genesis_hide_singular_image":false,"_genesis_hide_footer_widgets":false,"_genesis_custom_body_class":"","_genesis_custom_post_class":"","_genesis_layout":""},"product_brand":[],"product_cat":[126],"product_tag":[205],"class_list":{"0":"post-19111","1":"product","2":"type-product","3":"status-publish","4":"has-post-thumbnail","6":"product_cat-weissweine","7":"product_tag-2018-de","8":"pa_appellation-pernand-vergelesses-1er-cru-de","9":"pa_bottle-size-750ml-de","10":"pa_grape-variety-chardonnay-de","11":"pa_producer-domaine-clos-de-la-chapelle-de","12":"pa_region-cote-de-beaune-de","13":"pa_vintage-2018-de","14":"entry","16":"first","17":"outofstock","18":"taxable","19":"shipping-taxable","20":"purchasable","21":"product-type-simple"},"wooqr_code":"","_links":{"self":[{"href":"https:\/\/magnusvinum.ch\/de\/wp-json\/wp\/v2\/product\/19111","targetHints":{"allow":["GET"]}}],"collection":[{"href":"https:\/\/magnusvinum.ch\/de\/wp-json\/wp\/v2\/product"}],"about":[{"href":"https:\/\/magnusvinum.ch\/de\/wp-json\/wp\/v2\/types\/product"}],"wp:featuredmedia":[{"embeddable":true,"href":"https:\/\/magnusvinum.ch\/de\/wp-json\/wp\/v2\/media\/19994"}],"wp:attachment":[{"href":"https:\/\/magnusvinum.ch\/de\/wp-json\/wp\/v2\/media?parent=19111"}],"wp:term":[{"taxonomy":"product_brand","embeddable":true,"href":"https:\/\/magnusvinum.ch\/de\/wp-json\/wp\/v2\/product_brand?post=19111"},{"taxonomy":"product_cat","embeddable":true,"href":"https:\/\/magnusvinum.ch\/de\/wp-json\/wp\/v2\/product_cat?post=19111"},{"taxonomy":"product_tag","embeddable":true,"href":"https:\/\/magnusvinum.ch\/de\/wp-json\/wp\/v2\/product_tag?post=19111"}],"curies":[{"name":"wp","href":"https:\/\/api.w.org\/{rel}","templated":true}]}}