{"id":18983,"date":"2020-04-22T15:27:59","date_gmt":"2020-04-22T13:27:59","guid":{"rendered":"https:\/\/magnusvinum.ch\/?post_type=product&#038;p=18983"},"modified":"2025-03-05T16:48:24","modified_gmt":"2025-03-05T14:48:24","slug":"volnay-les-grands-champs-aoc","status":"publish","type":"product","link":"https:\/\/magnusvinum.ch\/de\/shop\/rotweine\/volnay-les-grands-champs-aoc\/","title":{"rendered":"Volnay &#8218;Les Grands Champs&#8216; AOC"},"content":{"rendered":"<p><strong>Degustationsnotiz:<\/strong> Les Grands Champs befindet sich unter dem 1er Cru Les Mitans. Die Reben sind 50 Jahre alt und der Wein wurde zu 100% aus ganzen Trauben gekeltert. Dies ist der erste Rotwein des Maison MC Thiriet, der zu 100% aus ganzen Trauben gekeltert wurde.\u00a0Die Nase ist sehr blumig, mit Nuancen von Veilchen, Gew\u00fcrzen und schwarzen Fr\u00fcchten (Brombeere, schwarze Johannisbeere, Kirsche). Am Gaumen werden die festen Tannine von einer enormen F\u00fclle dunkler Fr\u00fcchte gepuffert. Die Textur ist weich und \u00fcppig mit einem w\u00fcrzigen, eleganten Abgang. <strong>Passt gut zu:<\/strong> Gefl\u00fcgel, holzgebratenem Schinken und Frischk\u00e4se.<\/p>\n","protected":false},"excerpt":{"rendered":"<p>Degustationsnotiz: Les Grands Champs befindet sich unter dem 1er Cru Les Mitans. Die Reben sind 50 Jahre alt und der Wein wurde zu 100% aus ganzen Trauben gekeltert. Dies ist der erste Rotwein des Maison MC Thiriet, der zu 100% aus ganzen Trauben gekeltert wurde.\u00a0Die Nase ist sehr blumig, mit Nuancen von Veilchen, Gew\u00fcrzen und &#8230; <a href=\"https:\/\/magnusvinum.ch\/de\/shop\/rotweine\/volnay-les-grands-champs-aoc\/\" class=\"more-link\">Read More <span class=\"screen-reader-text\">about  Volnay &#8218;Les Grands Champs&#8216; AOC<\/span><\/a><\/p>\n","protected":false},"featured_media":20042,"template":"","meta":{"_genesis_hide_title":false,"_genesis_hide_breadcrumbs":false,"_genesis_hide_singular_image":false,"_genesis_hide_footer_widgets":false,"_genesis_custom_body_class":"","_genesis_custom_post_class":"","_genesis_layout":""},"product_brand":[798],"product_cat":[150],"product_tag":[205],"class_list":{"0":"post-18983","1":"product","2":"type-product","3":"status-publish","4":"has-post-thumbnail","6":"product_brand-camille-thiriet","7":"product_cat-rotweine","8":"product_tag-2018-de","9":"pa_appellation-volnay-de","10":"pa_bottle-size-750ml-de","11":"pa_grape-variety-pinot-noir-de","12":"pa_producer-camille-thiriet-de","13":"pa_region-cote-de-beaune-de","14":"pa_vintage-2018-de","15":"entry","17":"first","18":"instock","19":"taxable","20":"shipping-taxable","21":"purchasable","22":"product-type-simple"},"wooqr_code":"","_links":{"self":[{"href":"https:\/\/magnusvinum.ch\/de\/wp-json\/wp\/v2\/product\/18983","targetHints":{"allow":["GET"]}}],"collection":[{"href":"https:\/\/magnusvinum.ch\/de\/wp-json\/wp\/v2\/product"}],"about":[{"href":"https:\/\/magnusvinum.ch\/de\/wp-json\/wp\/v2\/types\/product"}],"wp:featuredmedia":[{"embeddable":true,"href":"https:\/\/magnusvinum.ch\/de\/wp-json\/wp\/v2\/media\/20042"}],"wp:attachment":[{"href":"https:\/\/magnusvinum.ch\/de\/wp-json\/wp\/v2\/media?parent=18983"}],"wp:term":[{"taxonomy":"product_brand","embeddable":true,"href":"https:\/\/magnusvinum.ch\/de\/wp-json\/wp\/v2\/product_brand?post=18983"},{"taxonomy":"product_cat","embeddable":true,"href":"https:\/\/magnusvinum.ch\/de\/wp-json\/wp\/v2\/product_cat?post=18983"},{"taxonomy":"product_tag","embeddable":true,"href":"https:\/\/magnusvinum.ch\/de\/wp-json\/wp\/v2\/product_tag?post=18983"}],"curies":[{"name":"wp","href":"https:\/\/api.w.org\/{rel}","templated":true}]}}