{"id":18922,"date":"2020-04-22T15:28:01","date_gmt":"2020-04-22T13:29:54","guid":{"rendered":"https:\/\/magnusvinum.ch\/?post_type=product&#038;p=18922"},"modified":"2021-03-08T23:43:10","modified_gmt":"2021-03-08T21:43:10","slug":"auxey-duresses-les-boutonniers-aoc-2","status":"publish","type":"product","link":"https:\/\/magnusvinum.ch\/de\/shop\/weissweine\/auxey-duresses-les-boutonniers-aoc-2\/","title":{"rendered":"Auxey-Duresses &#8222;Les Boutonniers&#8220; AOC"},"content":{"rendered":"<p><strong>Degustationsnotiz:<\/strong> In der Nase dominieren Apfel und Birne sowie feine Mandeln, weisse Bl\u00fcten und Orangenschalen. Der Geschmack ist konzentriert, pr\u00e4zise, sehr frisch mit gutem Grip und Mineralit\u00e4t. Das Finish wird von feinen einer feinen kalkigen S\u00e4ure angetrieben. Trinken Sie 2019-2030. <strong>Passt gut zu:<\/strong> Perfekt zu Fisch, Meeresfr\u00fcchten oder pochierten H\u00fchnergerichten. Ideal auch zu milden Halbhartk\u00e4sesorten.<\/p>\n","protected":false},"excerpt":{"rendered":"<p>Degustationsnotiz: In der Nase dominieren Apfel und Birne sowie feine Mandeln, weisse Bl\u00fcten und Orangenschalen. Der Geschmack ist konzentriert, pr\u00e4zise, sehr frisch mit gutem Grip und Mineralit\u00e4t. Das Finish wird von feinen einer feinen kalkigen S\u00e4ure angetrieben. Trinken Sie 2019-2030. Passt gut zu: Perfekt zu Fisch, Meeresfr\u00fcchten oder pochierten H\u00fchnergerichten. Ideal auch zu milden Halbhartk\u00e4sesorten.<\/p>\n","protected":false},"featured_media":20032,"template":"","meta":{"_genesis_hide_title":false,"_genesis_hide_breadcrumbs":false,"_genesis_hide_singular_image":false,"_genesis_hide_footer_widgets":false,"_genesis_custom_body_class":"","_genesis_custom_post_class":"","_genesis_layout":""},"product_brand":[],"product_cat":[126],"product_tag":[205],"class_list":{"0":"post-18922","1":"product","2":"type-product","3":"status-publish","4":"has-post-thumbnail","6":"product_cat-weissweine","7":"product_tag-2018-de","8":"pa_appellation-auxey-duresses-de","9":"pa_bottle-size-750ml-de","10":"pa_grape-variety-chardonnay-de","11":"pa_producer-domaine-lafouge-jean-gilles-de","12":"pa_region-cote-de-beaune-de","13":"pa_vintage-2018-de","14":"entry","16":"first","17":"outofstock","18":"taxable","19":"shipping-taxable","20":"purchasable","21":"product-type-simple"},"wooqr_code":"","_links":{"self":[{"href":"https:\/\/magnusvinum.ch\/de\/wp-json\/wp\/v2\/product\/18922","targetHints":{"allow":["GET"]}}],"collection":[{"href":"https:\/\/magnusvinum.ch\/de\/wp-json\/wp\/v2\/product"}],"about":[{"href":"https:\/\/magnusvinum.ch\/de\/wp-json\/wp\/v2\/types\/product"}],"wp:featuredmedia":[{"embeddable":true,"href":"https:\/\/magnusvinum.ch\/de\/wp-json\/wp\/v2\/media\/20032"}],"wp:attachment":[{"href":"https:\/\/magnusvinum.ch\/de\/wp-json\/wp\/v2\/media?parent=18922"}],"wp:term":[{"taxonomy":"product_brand","embeddable":true,"href":"https:\/\/magnusvinum.ch\/de\/wp-json\/wp\/v2\/product_brand?post=18922"},{"taxonomy":"product_cat","embeddable":true,"href":"https:\/\/magnusvinum.ch\/de\/wp-json\/wp\/v2\/product_cat?post=18922"},{"taxonomy":"product_tag","embeddable":true,"href":"https:\/\/magnusvinum.ch\/de\/wp-json\/wp\/v2\/product_tag?post=18922"}],"curies":[{"name":"wp","href":"https:\/\/api.w.org\/{rel}","templated":true}]}}