{"id":18917,"date":"2020-04-14T12:53:31","date_gmt":"2020-04-14T10:53:31","guid":{"rendered":"https:\/\/magnusvinum.ch\/?post_type=product&#038;p=18917"},"modified":"2025-02-28T19:29:04","modified_gmt":"2025-02-28T17:29:04","slug":"bourgogne-chardonnay-aoc","status":"publish","type":"product","link":"https:\/\/magnusvinum.ch\/de\/shop\/weissweine\/bourgogne-chardonnay-aoc\/","title":{"rendered":"Bourgogne Chardonnay AOC"},"content":{"rendered":"<p><strong>Degustationsnotiz:\u00a0<\/strong>Ein geradliniger Chardonnay mit weissen Fr\u00fcchten, weissen Bl\u00fcten und Honig. Trinken Sie Ihn bis zu 5 Jahre nach der Ernte.\u00a0<strong>Passt gut zu:<\/strong>\u00a0Ideal zu Fisch, Meeresfr\u00fcchten, Zwiebelkuchen oder Hartk\u00e4se wie Comt\u00e9 oder Gruyere.<\/p>\n","protected":false},"excerpt":{"rendered":"<p>Degustationsnotiz:\u00a0Ein geradliniger Chardonnay mit weissen Fr\u00fcchten, weissen Bl\u00fcten und Honig. Trinken Sie Ihn bis zu 5 Jahre nach der Ernte.\u00a0Passt gut zu:\u00a0Ideal zu Fisch, Meeresfr\u00fcchten, Zwiebelkuchen oder Hartk\u00e4se wie Comt\u00e9 oder Gruyere.<\/p>\n","protected":false},"featured_media":20054,"template":"","meta":{"_genesis_hide_title":false,"_genesis_hide_breadcrumbs":false,"_genesis_hide_singular_image":false,"_genesis_hide_footer_widgets":false,"_genesis_custom_body_class":"","_genesis_custom_post_class":"","_genesis_layout":""},"product_brand":[790],"product_cat":[126],"product_tag":[774],"class_list":{"0":"post-18917","1":"product","2":"type-product","3":"status-publish","4":"has-post-thumbnail","6":"product_brand-pascal-clement","7":"product_cat-weissweine","8":"product_tag-2021-de","9":"pa_appellation-bourgogne-de","10":"pa_bottle-size-750ml-de","11":"pa_grape-variety-chardonnay-de","12":"pa_producer-pascal-clement-de","13":"pa_region-cote-de-beaune-de","14":"pa_vintage-2021-de","15":"entry","17":"first","18":"instock","19":"taxable","20":"shipping-taxable","21":"purchasable","22":"product-type-simple"},"wooqr_code":"","_links":{"self":[{"href":"https:\/\/magnusvinum.ch\/de\/wp-json\/wp\/v2\/product\/18917","targetHints":{"allow":["GET"]}}],"collection":[{"href":"https:\/\/magnusvinum.ch\/de\/wp-json\/wp\/v2\/product"}],"about":[{"href":"https:\/\/magnusvinum.ch\/de\/wp-json\/wp\/v2\/types\/product"}],"wp:featuredmedia":[{"embeddable":true,"href":"https:\/\/magnusvinum.ch\/de\/wp-json\/wp\/v2\/media\/20054"}],"wp:attachment":[{"href":"https:\/\/magnusvinum.ch\/de\/wp-json\/wp\/v2\/media?parent=18917"}],"wp:term":[{"taxonomy":"product_brand","embeddable":true,"href":"https:\/\/magnusvinum.ch\/de\/wp-json\/wp\/v2\/product_brand?post=18917"},{"taxonomy":"product_cat","embeddable":true,"href":"https:\/\/magnusvinum.ch\/de\/wp-json\/wp\/v2\/product_cat?post=18917"},{"taxonomy":"product_tag","embeddable":true,"href":"https:\/\/magnusvinum.ch\/de\/wp-json\/wp\/v2\/product_tag?post=18917"}],"curies":[{"name":"wp","href":"https:\/\/api.w.org\/{rel}","templated":true}]}}