{"id":18900,"date":"2020-04-17T15:12:04","date_gmt":"2020-04-17T13:12:04","guid":{"rendered":"https:\/\/magnusvinum.ch\/?post_type=product&#038;p=18900"},"modified":"2026-03-07T20:24:36","modified_gmt":"2026-03-07T18:24:36","slug":"pernand-vergelesses-les-vignes-blanches-aoc","status":"publish","type":"product","link":"https:\/\/magnusvinum.ch\/de\/shop\/rotweine\/pernand-vergelesses-les-vignes-blanches-aoc\/","title":{"rendered":"Pernand-Vergelesses &#8222;Les Vignes Blanches&#8220; AOC"},"content":{"rendered":"<p><strong>Degustationsnotiz:<\/strong> Von einer winzigen, 0.09 ha umfassenden Parzelle, die in den Jahren 1956-1957 bepflanzt wurde. Diese k\u00fchle, nach Westen ausgerichtete Lage zeichnet sich vor allem in warmen Jahren durch frische, elegante Weine aus, was gerade heutzutage immer h\u00e4ufiger der Fall ist! In der Nase unverf\u00e4lschte, klar definierte rote Fr\u00fcchte, im Einklang mit subtiler Eiche und frischen Bl\u00fcten. \u00c4usserst spannungsgeladen und trinkfreudig. Am Gaumen leiten frische Tannine typisch-kalkige Aromen den langen, saftigen Abgang ein. Trinkvergn\u00fcgen schon jetzt und in den n\u00e4chsten 8 Jahren.\u00a0<strong>Passt gut zu:<\/strong>\u00a0Ideal zu gebratenem Wildgefl\u00fcgel oder gegrilltem Lamm mit Gem\u00fcse.<\/p>\n","protected":false},"excerpt":{"rendered":"<p>Degustationsnotiz: Von einer winzigen, 0.09 ha umfassenden Parzelle, die in den Jahren 1956-1957 bepflanzt wurde. Diese k\u00fchle, nach Westen ausgerichtete Lage zeichnet sich vor allem in warmen Jahren durch frische, elegante Weine aus, was gerade heutzutage immer h\u00e4ufiger der Fall ist! In der Nase unverf\u00e4lschte, klar definierte rote Fr\u00fcchte, im Einklang mit subtiler Eiche und &#8230; <a href=\"https:\/\/magnusvinum.ch\/de\/shop\/rotweine\/pernand-vergelesses-les-vignes-blanches-aoc\/\" class=\"more-link\">Read More <span class=\"screen-reader-text\">about  Pernand-Vergelesses &#8222;Les Vignes Blanches&#8220; AOC<\/span><\/a><\/p>\n","protected":false},"featured_media":20044,"template":"","meta":{"_genesis_hide_title":false,"_genesis_hide_breadcrumbs":false,"_genesis_hide_singular_image":false,"_genesis_hide_footer_widgets":false,"_genesis_custom_body_class":"","_genesis_custom_post_class":"","_genesis_layout":""},"product_brand":[814],"product_cat":[150],"product_tag":[205],"class_list":{"0":"post-18900","1":"product","2":"type-product","3":"status-publish","4":"has-post-thumbnail","6":"product_brand-jean-baptiste-boudier","7":"product_cat-rotweine","8":"product_tag-2018-de","9":"pa_appellation-pernand-vergelesses-de","10":"pa_bottle-size-750ml-de","11":"pa_grape-variety-pinot-noir-de","12":"pa_producer-domaine-jean-baptiste-boudier-de","13":"pa_region-cote-de-beaune-de","14":"pa_vintage-2018-de","15":"entry","17":"first","18":"instock","19":"taxable","20":"shipping-taxable","21":"purchasable","22":"product-type-simple"},"wooqr_code":"","_links":{"self":[{"href":"https:\/\/magnusvinum.ch\/de\/wp-json\/wp\/v2\/product\/18900","targetHints":{"allow":["GET"]}}],"collection":[{"href":"https:\/\/magnusvinum.ch\/de\/wp-json\/wp\/v2\/product"}],"about":[{"href":"https:\/\/magnusvinum.ch\/de\/wp-json\/wp\/v2\/types\/product"}],"wp:featuredmedia":[{"embeddable":true,"href":"https:\/\/magnusvinum.ch\/de\/wp-json\/wp\/v2\/media\/20044"}],"wp:attachment":[{"href":"https:\/\/magnusvinum.ch\/de\/wp-json\/wp\/v2\/media?parent=18900"}],"wp:term":[{"taxonomy":"product_brand","embeddable":true,"href":"https:\/\/magnusvinum.ch\/de\/wp-json\/wp\/v2\/product_brand?post=18900"},{"taxonomy":"product_cat","embeddable":true,"href":"https:\/\/magnusvinum.ch\/de\/wp-json\/wp\/v2\/product_cat?post=18900"},{"taxonomy":"product_tag","embeddable":true,"href":"https:\/\/magnusvinum.ch\/de\/wp-json\/wp\/v2\/product_tag?post=18900"}],"curies":[{"name":"wp","href":"https:\/\/api.w.org\/{rel}","templated":true}]}}