{"id":18898,"date":"2020-04-17T15:12:03","date_gmt":"2020-04-17T13:12:07","guid":{"rendered":"https:\/\/magnusvinum.ch\/?post_type=product&#038;p=18898"},"modified":"2025-03-05T22:07:46","modified_gmt":"2025-03-05T20:07:46","slug":"pernand-vergelesses-aoc","status":"publish","type":"product","link":"https:\/\/magnusvinum.ch\/de\/shop\/weissweine\/pernand-vergelesses-aoc\/","title":{"rendered":"Pernand-Vergelesses AOC"},"content":{"rendered":"<p><strong>Degustationsnotiz:<\/strong>\u00a0Von dem k\u00fchlen, nach Westen ausgerichteten Lieux-dit &#8218;Les Pins&#8216; stammend, zeigt dieser herrliche Chardonnay typische Aromen von weissen und gelben Fr\u00fcchte, unterlegt mit einer Mineralit\u00e4t, die man oft in den k\u00fchleren Lagen von Pernand-Vergelesses findet. Aromatisch offen und extrem saftig am Gaumen. Grosse Trinkfreude schon jetzt und bis zu 5+ Jahren.\u00a0<strong>Passt gut zu:\u00a0<\/strong>Ideal zu Omelettes oder R\u00fchreiern, Ziegenk\u00e4se oder S\u00fcsswasserfisch mit Rahmsauce.<\/p>\n","protected":false},"excerpt":{"rendered":"<p>Degustationsnotiz:\u00a0Von dem k\u00fchlen, nach Westen ausgerichteten Lieux-dit &#8218;Les Pins&#8216; stammend, zeigt dieser herrliche Chardonnay typische Aromen von weissen und gelben Fr\u00fcchte, unterlegt mit einer Mineralit\u00e4t, die man oft in den k\u00fchleren Lagen von Pernand-Vergelesses findet. Aromatisch offen und extrem saftig am Gaumen. Grosse Trinkfreude schon jetzt und bis zu 5+ Jahren.\u00a0Passt gut zu:\u00a0Ideal zu Omelettes &#8230; <a href=\"https:\/\/magnusvinum.ch\/de\/shop\/weissweine\/pernand-vergelesses-aoc\/\" class=\"more-link\">Read More <span class=\"screen-reader-text\">about  Pernand-Vergelesses AOC<\/span><\/a><\/p>\n","protected":false},"featured_media":20048,"template":"","meta":{"_genesis_hide_title":false,"_genesis_hide_breadcrumbs":false,"_genesis_hide_singular_image":false,"_genesis_hide_footer_widgets":false,"_genesis_custom_body_class":"","_genesis_custom_post_class":"","_genesis_layout":""},"product_brand":[814],"product_cat":[126],"product_tag":[205],"class_list":{"0":"post-18898","1":"product","2":"type-product","3":"status-publish","4":"has-post-thumbnail","6":"product_brand-jean-baptiste-boudier","7":"product_cat-weissweine","8":"product_tag-2018-de","9":"pa_appellation-pernand-vergelesses-de","10":"pa_bottle-size-750ml-de","11":"pa_grape-variety-chardonnay-de","12":"pa_producer-domaine-jean-baptiste-boudier-de","13":"pa_region-cote-de-beaune-de","14":"pa_vintage-2018-de","15":"entry","17":"first","18":"instock","19":"taxable","20":"shipping-taxable","21":"purchasable","22":"product-type-simple"},"wooqr_code":"","_links":{"self":[{"href":"https:\/\/magnusvinum.ch\/de\/wp-json\/wp\/v2\/product\/18898","targetHints":{"allow":["GET"]}}],"collection":[{"href":"https:\/\/magnusvinum.ch\/de\/wp-json\/wp\/v2\/product"}],"about":[{"href":"https:\/\/magnusvinum.ch\/de\/wp-json\/wp\/v2\/types\/product"}],"wp:featuredmedia":[{"embeddable":true,"href":"https:\/\/magnusvinum.ch\/de\/wp-json\/wp\/v2\/media\/20048"}],"wp:attachment":[{"href":"https:\/\/magnusvinum.ch\/de\/wp-json\/wp\/v2\/media?parent=18898"}],"wp:term":[{"taxonomy":"product_brand","embeddable":true,"href":"https:\/\/magnusvinum.ch\/de\/wp-json\/wp\/v2\/product_brand?post=18898"},{"taxonomy":"product_cat","embeddable":true,"href":"https:\/\/magnusvinum.ch\/de\/wp-json\/wp\/v2\/product_cat?post=18898"},{"taxonomy":"product_tag","embeddable":true,"href":"https:\/\/magnusvinum.ch\/de\/wp-json\/wp\/v2\/product_tag?post=18898"}],"curies":[{"name":"wp","href":"https:\/\/api.w.org\/{rel}","templated":true}]}}