{"id":18827,"date":"2020-04-08T11:12:40","date_gmt":"2020-04-08T09:12:40","guid":{"rendered":"https:\/\/magnusvinum.ch\/shop\/unkategorisiert\/grassl-1855\/"},"modified":"2021-07-15T13:53:15","modified_gmt":"2021-07-15T11:53:15","slug":"1855","status":"publish","type":"product","link":"https:\/\/magnusvinum.ch\/de\/shop\/grassl-glass-de-2\/1855\/","title":{"rendered":"1855"},"content":{"rendered":"<p><strong>Einzelne Tube mit 1 einzeln verpackten Glas.<\/strong><\/p>\n<p>Das Volumen der Schale erm\u00f6glicht es den Aromen, sich zu entfalten und zu entwickeln. Bringt das Beste aus Weinen mit grosser Komplexit\u00e4t, Konzentration und K\u00f6rper zum Vorschein.<\/p>\n<p>Perfekt f\u00fcr Cabernet Sauvignon\/Bordeaux Rotweine und andere vollmundige Rotweine.<\/p>\n<p>Volumen: 780 ml<\/p>\n<p>H\u00f6he: 23 cm<\/p>\n<p>Breite: 11 cm<\/p>\n","protected":false},"excerpt":{"rendered":"<p>Einzelne Tube mit 1 einzeln verpackten Glas. Das Volumen der Schale erm\u00f6glicht es den Aromen, sich zu entfalten und zu entwickeln. Bringt das Beste aus Weinen mit grosser Komplexit\u00e4t, Konzentration und K\u00f6rper zum Vorschein. Perfekt f\u00fcr Cabernet Sauvignon\/Bordeaux Rotweine und andere vollmundige Rotweine. Volumen: 780 ml H\u00f6he: 23 cm Breite: 11 cm<\/p>\n","protected":false},"featured_media":19723,"template":"","meta":{"_genesis_hide_title":false,"_genesis_hide_breadcrumbs":false,"_genesis_hide_singular_image":false,"_genesis_hide_footer_widgets":false,"_genesis_custom_body_class":"","_genesis_custom_post_class":"","_genesis_layout":""},"product_brand":[],"product_cat":[568],"product_tag":[689],"class_list":{"0":"post-18827","1":"product","2":"type-product","3":"status-publish","4":"has-post-thumbnail","6":"product_cat-grassl-glass-de-2","7":"product_tag-grassl-glass-de-2","8":"pa_series-vigneron_series","9":"entry","11":"first","12":"outofstock","13":"taxable","14":"shipping-taxable","15":"purchasable","16":"product-type-simple"},"wooqr_code":"","_links":{"self":[{"href":"https:\/\/magnusvinum.ch\/de\/wp-json\/wp\/v2\/product\/18827","targetHints":{"allow":["GET"]}}],"collection":[{"href":"https:\/\/magnusvinum.ch\/de\/wp-json\/wp\/v2\/product"}],"about":[{"href":"https:\/\/magnusvinum.ch\/de\/wp-json\/wp\/v2\/types\/product"}],"wp:featuredmedia":[{"embeddable":true,"href":"https:\/\/magnusvinum.ch\/de\/wp-json\/wp\/v2\/media\/19723"}],"wp:attachment":[{"href":"https:\/\/magnusvinum.ch\/de\/wp-json\/wp\/v2\/media?parent=18827"}],"wp:term":[{"taxonomy":"product_brand","embeddable":true,"href":"https:\/\/magnusvinum.ch\/de\/wp-json\/wp\/v2\/product_brand?post=18827"},{"taxonomy":"product_cat","embeddable":true,"href":"https:\/\/magnusvinum.ch\/de\/wp-json\/wp\/v2\/product_cat?post=18827"},{"taxonomy":"product_tag","embeddable":true,"href":"https:\/\/magnusvinum.ch\/de\/wp-json\/wp\/v2\/product_tag?post=18827"}],"curies":[{"name":"wp","href":"https:\/\/api.w.org\/{rel}","templated":true}]}}