{"id":18826,"date":"2020-04-08T11:17:30","date_gmt":"2020-04-08T09:17:30","guid":{"rendered":"https:\/\/magnusvinum.ch\/shop\/unkategorisiert\/grassl-1855-6-pack\/"},"modified":"2021-07-17T01:43:36","modified_gmt":"2021-07-16T23:43:36","slug":"voyage","status":"publish","type":"product","link":"https:\/\/magnusvinum.ch\/de\/shop\/grassl-glass-de-2\/voyage\/","title":{"rendered":"Voyage+"},"content":{"rendered":"<p><strong>Reiseetui f\u00fcr 4 Gl\u00e4ser.<\/strong><\/p>\n<p>Enth\u00e4lt 1 x Libert\u00e9, 1 x Mineralit\u00e9, 1 x 1855, 1 x Cru<\/p>\n<p>Kann so konfiguriert werden, dass es eine beliebige Kombination von 4 Gl\u00e4sern der Grassl Glass &#8218;Vigneron Series&#8216; enth\u00e4lt.<\/p>\n<p>Perfekt f\u00fcr Reisen oder zum Mitnehmen in Ihr Lieblingsrestaurant!<\/p>\n","protected":false},"excerpt":{"rendered":"<p>Reiseetui f\u00fcr 4 Gl\u00e4ser. Enth\u00e4lt 1 x Libert\u00e9, 1 x Mineralit\u00e9, 1 x 1855, 1 x Cru Kann so konfiguriert werden, dass es eine beliebige Kombination von 4 Gl\u00e4sern der Grassl Glass &#8218;Vigneron Series&#8216; enth\u00e4lt. Perfekt f\u00fcr Reisen oder zum Mitnehmen in Ihr Lieblingsrestaurant!<\/p>\n","protected":false},"featured_media":21778,"template":"","meta":{"_genesis_hide_title":false,"_genesis_hide_breadcrumbs":false,"_genesis_hide_singular_image":false,"_genesis_hide_footer_widgets":false,"_genesis_custom_body_class":"","_genesis_custom_post_class":"","_genesis_layout":""},"product_brand":[],"product_cat":[568],"product_tag":[689],"class_list":{"0":"post-18826","1":"product","2":"type-product","3":"status-publish","4":"has-post-thumbnail","6":"product_cat-grassl-glass-de-2","7":"product_tag-grassl-glass-de-2","8":"pa_remove-add6-ja","9":"pa_series-accessories","10":"entry","12":"first","13":"instock","14":"taxable","15":"shipping-taxable","16":"purchasable","17":"product-type-simple"},"wooqr_code":"","_links":{"self":[{"href":"https:\/\/magnusvinum.ch\/de\/wp-json\/wp\/v2\/product\/18826","targetHints":{"allow":["GET"]}}],"collection":[{"href":"https:\/\/magnusvinum.ch\/de\/wp-json\/wp\/v2\/product"}],"about":[{"href":"https:\/\/magnusvinum.ch\/de\/wp-json\/wp\/v2\/types\/product"}],"wp:featuredmedia":[{"embeddable":true,"href":"https:\/\/magnusvinum.ch\/de\/wp-json\/wp\/v2\/media\/21778"}],"wp:attachment":[{"href":"https:\/\/magnusvinum.ch\/de\/wp-json\/wp\/v2\/media?parent=18826"}],"wp:term":[{"taxonomy":"product_brand","embeddable":true,"href":"https:\/\/magnusvinum.ch\/de\/wp-json\/wp\/v2\/product_brand?post=18826"},{"taxonomy":"product_cat","embeddable":true,"href":"https:\/\/magnusvinum.ch\/de\/wp-json\/wp\/v2\/product_cat?post=18826"},{"taxonomy":"product_tag","embeddable":true,"href":"https:\/\/magnusvinum.ch\/de\/wp-json\/wp\/v2\/product_tag?post=18826"}],"curies":[{"name":"wp","href":"https:\/\/api.w.org\/{rel}","templated":true}]}}