{"id":11216,"date":"2019-10-29T13:04:07","date_gmt":"2019-10-29T11:35:49","guid":{"rendered":"https:\/\/magnusvinum.ch\/shop\/unkategorisiert\/pommard-1er-cru-les-arvelets-aoc\/"},"modified":"2021-06-06T11:31:13","modified_gmt":"2021-06-06T09:31:13","slug":"pommard-1er-cru-les-arvelets-aoc","status":"publish","type":"product","link":"https:\/\/magnusvinum.ch\/de\/shop\/rotweine\/pommard-1er-cru-les-arvelets-aoc\/","title":{"rendered":"Pommard 1er Cru Les Arvelets AOC"},"content":{"rendered":"<p><strong>Degustationsnotiz:<\/strong> Stets der eleganteste und vollst\u00e4ndigste chez Violot-Guillemard, der 2017er kombiniert die nat\u00fcrliche Dichte und Eleganz des Weinbergs mit der Frische des Jahrgangs. Walderdbeeren, Kirschen, Veilchen und Rosenbl\u00e4tter mit nur einem Hauch von Erde, die uns daran erinnern, dass wir in Pommard sind. Am Gaumen sanft und seidig und w\u00e4hrend einige der anderen Weine der Reihe mehr Muskeln haben, kann keiner diese Eleganz erreichen. Trinken Sie 2022-2050. <strong>Passt gut zu:<\/strong> Ideal zu gebratenen Wildv\u00f6geln oder einfach gegrilltem Lamm mit Gem\u00fcse.<\/p>\n","protected":false},"excerpt":{"rendered":"<p>Degustationsnotiz: Stets der eleganteste und vollst\u00e4ndigste chez Violot-Guillemard, der 2017er kombiniert die nat\u00fcrliche Dichte und Eleganz des Weinbergs mit der Frische des Jahrgangs. Walderdbeeren, Kirschen, Veilchen und Rosenbl\u00e4tter mit nur einem Hauch von Erde, die uns daran erinnern, dass wir in Pommard sind. Am Gaumen sanft und seidig und w\u00e4hrend einige der anderen Weine der &#8230; <a href=\"https:\/\/magnusvinum.ch\/de\/shop\/rotweine\/pommard-1er-cru-les-arvelets-aoc\/\" class=\"more-link\">Read More <span class=\"screen-reader-text\">about  Pommard 1er Cru Les Arvelets AOC<\/span><\/a><\/p>\n","protected":false},"featured_media":20064,"template":"","meta":{"_genesis_hide_title":false,"_genesis_hide_breadcrumbs":false,"_genesis_hide_singular_image":false,"_genesis_hide_footer_widgets":false,"_genesis_custom_body_class":"","_genesis_custom_post_class":"","_genesis_layout":""},"product_brand":[809],"product_cat":[150],"product_tag":[183],"class_list":{"0":"post-11216","1":"product","2":"type-product","3":"status-publish","4":"has-post-thumbnail","6":"product_brand-thierry-violot-guillemard","7":"product_cat-rotweine","8":"product_tag-2017-de","9":"pa_appellation-pommard-1er-cru-de","10":"pa_bottle-size-750ml-de","11":"pa_grape-variety-pinot-noir-de","12":"pa_producer-thierry-violot-guillemard-de","13":"pa_region-cote-de-beaune-de","14":"pa_vintage-2017-de","15":"entry","17":"first","18":"instock","19":"taxable","20":"shipping-taxable","21":"purchasable","22":"product-type-simple"},"wooqr_code":"","_links":{"self":[{"href":"https:\/\/magnusvinum.ch\/de\/wp-json\/wp\/v2\/product\/11216","targetHints":{"allow":["GET"]}}],"collection":[{"href":"https:\/\/magnusvinum.ch\/de\/wp-json\/wp\/v2\/product"}],"about":[{"href":"https:\/\/magnusvinum.ch\/de\/wp-json\/wp\/v2\/types\/product"}],"wp:featuredmedia":[{"embeddable":true,"href":"https:\/\/magnusvinum.ch\/de\/wp-json\/wp\/v2\/media\/20064"}],"wp:attachment":[{"href":"https:\/\/magnusvinum.ch\/de\/wp-json\/wp\/v2\/media?parent=11216"}],"wp:term":[{"taxonomy":"product_brand","embeddable":true,"href":"https:\/\/magnusvinum.ch\/de\/wp-json\/wp\/v2\/product_brand?post=11216"},{"taxonomy":"product_cat","embeddable":true,"href":"https:\/\/magnusvinum.ch\/de\/wp-json\/wp\/v2\/product_cat?post=11216"},{"taxonomy":"product_tag","embeddable":true,"href":"https:\/\/magnusvinum.ch\/de\/wp-json\/wp\/v2\/product_tag?post=11216"}],"curies":[{"name":"wp","href":"https:\/\/api.w.org\/{rel}","templated":true}]}}