{"id":11215,"date":"2019-10-29T13:04:07","date_gmt":"2019-10-29T11:04:07","guid":{"rendered":"https:\/\/magnusvinum.ch\/shop\/unkategorisiert\/pommard-1er-cru-la-platiere-aoc\/"},"modified":"2021-06-06T11:31:12","modified_gmt":"2021-06-06T09:31:12","slug":"pommard-1er-cru-la-platiere-aoc","status":"publish","type":"product","link":"https:\/\/magnusvinum.ch\/de\/shop\/rotweine\/pommard-1er-cru-la-platiere-aoc\/","title":{"rendered":"Pommard 1er Cru La Plati\u00e8re AOC"},"content":{"rendered":"<p><strong>Degustationsnotiz:<\/strong> Aus dem steilen, nach S\u00fcden ausgerichteten Weinberg Arvelets zeigt das 2017er Vorzeigeexemplar chez Violot-Guillemard den k\u00fchlen Charakter dieser selten gesehenen Cru. Frische rote Fr\u00fcchte und Rosenbl\u00e4tter flirten mit frischer aufgew\u00fchlter Erde. Am Gaumen ist er saftig und frisch mit feinen, runden Tanninen. Trinken Sie 2020-2030. <strong>Passt gut zu:<\/strong> Ideal zu gebratenen Wildv\u00f6geln oder einfach gegrilltem Lamm mit Gem\u00fcse.<\/p>\n","protected":false},"excerpt":{"rendered":"<p>Degustationsnotiz: Aus dem steilen, nach S\u00fcden ausgerichteten Weinberg Arvelets zeigt das 2017er Vorzeigeexemplar chez Violot-Guillemard den k\u00fchlen Charakter dieser selten gesehenen Cru. Frische rote Fr\u00fcchte und Rosenbl\u00e4tter flirten mit frischer aufgew\u00fchlter Erde. Am Gaumen ist er saftig und frisch mit feinen, runden Tanninen. Trinken Sie 2020-2030. Passt gut zu: Ideal zu gebratenen Wildv\u00f6geln oder einfach &#8230; <a href=\"https:\/\/magnusvinum.ch\/de\/shop\/rotweine\/pommard-1er-cru-la-platiere-aoc\/\" class=\"more-link\">Read More <span class=\"screen-reader-text\">about  Pommard 1er Cru La Plati\u00e8re AOC<\/span><\/a><\/p>\n","protected":false},"featured_media":20066,"template":"","meta":{"_genesis_hide_title":false,"_genesis_hide_breadcrumbs":false,"_genesis_hide_singular_image":false,"_genesis_hide_footer_widgets":false,"_genesis_custom_body_class":"","_genesis_custom_post_class":"","_genesis_layout":""},"product_brand":[],"product_cat":[150],"product_tag":[183],"class_list":{"0":"post-11215","1":"product","2":"type-product","3":"status-publish","4":"has-post-thumbnail","6":"product_cat-rotweine","7":"product_tag-2017-de","8":"pa_appellation-pommard-1er-cru-de","9":"pa_bottle-size-750ml-de","10":"pa_grape-variety-pinot-noir-de","11":"pa_producer-thierry-violot-guillemard-de","12":"pa_region-cote-de-beaune-de","13":"pa_vintage-2017-de","14":"entry","16":"first","17":"instock","18":"taxable","19":"shipping-taxable","20":"purchasable","21":"product-type-simple"},"wooqr_code":"","_links":{"self":[{"href":"https:\/\/magnusvinum.ch\/de\/wp-json\/wp\/v2\/product\/11215","targetHints":{"allow":["GET"]}}],"collection":[{"href":"https:\/\/magnusvinum.ch\/de\/wp-json\/wp\/v2\/product"}],"about":[{"href":"https:\/\/magnusvinum.ch\/de\/wp-json\/wp\/v2\/types\/product"}],"wp:featuredmedia":[{"embeddable":true,"href":"https:\/\/magnusvinum.ch\/de\/wp-json\/wp\/v2\/media\/20066"}],"wp:attachment":[{"href":"https:\/\/magnusvinum.ch\/de\/wp-json\/wp\/v2\/media?parent=11215"}],"wp:term":[{"taxonomy":"product_brand","embeddable":true,"href":"https:\/\/magnusvinum.ch\/de\/wp-json\/wp\/v2\/product_brand?post=11215"},{"taxonomy":"product_cat","embeddable":true,"href":"https:\/\/magnusvinum.ch\/de\/wp-json\/wp\/v2\/product_cat?post=11215"},{"taxonomy":"product_tag","embeddable":true,"href":"https:\/\/magnusvinum.ch\/de\/wp-json\/wp\/v2\/product_tag?post=11215"}],"curies":[{"name":"wp","href":"https:\/\/api.w.org\/{rel}","templated":true}]}}