{"id":11214,"date":"2019-10-29T13:04:07","date_gmt":"2019-10-29T11:04:07","guid":{"rendered":"https:\/\/magnusvinum.ch\/shop\/unkategorisiert\/pommard-1er-cru-epenots-aoc-magnum\/"},"modified":"2026-02-26T16:37:01","modified_gmt":"2026-02-26T14:37:01","slug":"pommard-1er-cru-epenots-aoc-magnum","status":"publish","type":"product","link":"https:\/\/magnusvinum.ch\/de\/shop\/rotweine\/pommard-1er-cru-epenots-aoc-magnum\/","title":{"rendered":"Pommard 1er Cru \u00c9penots AOC"},"content":{"rendered":"<p><strong>Degustationsnotiz:<\/strong> Von den \u00e4ltesten Reben der 1936 gegr\u00fcndeten Domaine, hat La Plati\u00e8re eine Nase von reifen roten und schwarzen Kirschen, Gew\u00fcrzpflaumen und frischer Erde. Der Gaumen ist tief und vornehm mit samtigen Tanninen, die in fleischige Fr\u00fcchte geh\u00fcllt sind. Trinken Sie 2022-2042. <strong>Passt gut zu:<\/strong> Ein so besonderer Wein verdient ein besonderes Gericht. Gansbraten oder C\u00f4te de boeuf w\u00e4re gut!<\/p>\n","protected":false},"excerpt":{"rendered":"<p>Degustationsnotiz: Von den \u00e4ltesten Reben der 1936 gegr\u00fcndeten Domaine, hat La Plati\u00e8re eine Nase von reifen roten und schwarzen Kirschen, Gew\u00fcrzpflaumen und frischer Erde. Der Gaumen ist tief und vornehm mit samtigen Tanninen, die in fleischige Fr\u00fcchte geh\u00fcllt sind. Trinken Sie 2022-2042. Passt gut zu: Ein so besonderer Wein verdient ein besonderes Gericht. Gansbraten oder &#8230; <a href=\"https:\/\/magnusvinum.ch\/de\/shop\/rotweine\/pommard-1er-cru-epenots-aoc-magnum\/\" class=\"more-link\">Read More <span class=\"screen-reader-text\">about  Pommard 1er Cru \u00c9penots AOC<\/span><\/a><\/p>\n","protected":false},"featured_media":2973,"template":"","meta":{"_genesis_hide_title":false,"_genesis_hide_breadcrumbs":false,"_genesis_hide_singular_image":false,"_genesis_hide_footer_widgets":false,"_genesis_custom_body_class":"","_genesis_custom_post_class":"","_genesis_layout":""},"product_brand":[],"product_cat":[150],"product_tag":[183],"class_list":{"0":"post-11214","1":"product","2":"type-product","3":"status-publish","4":"has-post-thumbnail","6":"product_cat-rotweine","7":"product_tag-2017-de","8":"pa_appellation-pommard-1er-cru-de","9":"pa_bottle-size-750ml-de","10":"pa_grape-variety-pinot-noir-de","11":"pa_producer-thierry-violot-guillemard-de","12":"pa_region-cote-de-beaune-de","13":"pa_vintage-2017-de","14":"entry","16":"first","17":"instock","18":"taxable","19":"shipping-taxable","20":"purchasable","21":"product-type-simple"},"wooqr_code":"","_links":{"self":[{"href":"https:\/\/magnusvinum.ch\/de\/wp-json\/wp\/v2\/product\/11214","targetHints":{"allow":["GET"]}}],"collection":[{"href":"https:\/\/magnusvinum.ch\/de\/wp-json\/wp\/v2\/product"}],"about":[{"href":"https:\/\/magnusvinum.ch\/de\/wp-json\/wp\/v2\/types\/product"}],"wp:featuredmedia":[{"embeddable":true,"href":"https:\/\/magnusvinum.ch\/de\/wp-json\/wp\/v2\/media\/2973"}],"wp:attachment":[{"href":"https:\/\/magnusvinum.ch\/de\/wp-json\/wp\/v2\/media?parent=11214"}],"wp:term":[{"taxonomy":"product_brand","embeddable":true,"href":"https:\/\/magnusvinum.ch\/de\/wp-json\/wp\/v2\/product_brand?post=11214"},{"taxonomy":"product_cat","embeddable":true,"href":"https:\/\/magnusvinum.ch\/de\/wp-json\/wp\/v2\/product_cat?post=11214"},{"taxonomy":"product_tag","embeddable":true,"href":"https:\/\/magnusvinum.ch\/de\/wp-json\/wp\/v2\/product_tag?post=11214"}],"curies":[{"name":"wp","href":"https:\/\/api.w.org\/{rel}","templated":true}]}}