{"id":11212,"date":"2019-10-29T13:04:07","date_gmt":"2019-10-29T11:04:07","guid":{"rendered":"https:\/\/magnusvinum.ch\/shop\/unkategorisiert\/rully-blanc-la-cree-aoc\/"},"modified":"2025-02-28T19:36:03","modified_gmt":"2025-02-28T17:36:03","slug":"rully-blanc-la-cree-aoc","status":"publish","type":"product","link":"https:\/\/magnusvinum.ch\/de\/shop\/weissweine\/rully-blanc-la-cree-aoc\/","title":{"rendered":"Rully &#8218;La Cr\u00e9e&#8216; AOC"},"content":{"rendered":"<p><strong>Degustationsnotiz:<\/strong> Gelbe Fr\u00fcchte und weisse Bl\u00fcten dominieren die Aromen. Der Gaumen hat ein gutes Volumen und ist sehr offen. Der Abgang ist lang und frisch. Trinken Sie den Wein bis zu 8 Jahre nach der Ernte. <strong>Passt gut zu:<\/strong> Ideal zu ged\u00fcnsteten feinen Fischgerichten, leicht gegrilltem oder mariniertem Gem\u00fcse sowie zu cremigem K\u00e4se wie Camembert.<\/p>\n","protected":false},"excerpt":{"rendered":"<p>Degustationsnotiz: Gelbe Fr\u00fcchte und weisse Bl\u00fcten dominieren die Aromen. Der Gaumen hat ein gutes Volumen und ist sehr offen. Der Abgang ist lang und frisch. Trinken Sie den Wein bis zu 8 Jahre nach der Ernte. Passt gut zu: Ideal zu ged\u00fcnsteten feinen Fischgerichten, leicht gegrilltem oder mariniertem Gem\u00fcse sowie zu cremigem K\u00e4se wie Camembert.<\/p>\n","protected":false},"featured_media":20072,"template":"","meta":{"_genesis_hide_title":false,"_genesis_hide_breadcrumbs":false,"_genesis_hide_singular_image":false,"_genesis_hide_footer_widgets":false,"_genesis_custom_body_class":"","_genesis_custom_post_class":"","_genesis_layout":""},"product_brand":[790],"product_cat":[126],"product_tag":[183],"class_list":{"0":"post-11212","1":"product","2":"type-product","3":"status-publish","4":"has-post-thumbnail","6":"product_brand-pascal-clement","7":"product_cat-weissweine","8":"product_tag-2017-de","9":"pa_appellation-rully-de","10":"pa_bottle-size-750ml-de","11":"pa_grape-variety-chardonnay-de","12":"pa_producer-pascal-clement-de","13":"pa_region-cote-chalonnaise-de","14":"pa_vintage-2017-de","15":"entry","17":"first","18":"instock","19":"taxable","20":"shipping-taxable","21":"purchasable","22":"product-type-simple"},"wooqr_code":"","_links":{"self":[{"href":"https:\/\/magnusvinum.ch\/de\/wp-json\/wp\/v2\/product\/11212","targetHints":{"allow":["GET"]}}],"collection":[{"href":"https:\/\/magnusvinum.ch\/de\/wp-json\/wp\/v2\/product"}],"about":[{"href":"https:\/\/magnusvinum.ch\/de\/wp-json\/wp\/v2\/types\/product"}],"wp:featuredmedia":[{"embeddable":true,"href":"https:\/\/magnusvinum.ch\/de\/wp-json\/wp\/v2\/media\/20072"}],"wp:attachment":[{"href":"https:\/\/magnusvinum.ch\/de\/wp-json\/wp\/v2\/media?parent=11212"}],"wp:term":[{"taxonomy":"product_brand","embeddable":true,"href":"https:\/\/magnusvinum.ch\/de\/wp-json\/wp\/v2\/product_brand?post=11212"},{"taxonomy":"product_cat","embeddable":true,"href":"https:\/\/magnusvinum.ch\/de\/wp-json\/wp\/v2\/product_cat?post=11212"},{"taxonomy":"product_tag","embeddable":true,"href":"https:\/\/magnusvinum.ch\/de\/wp-json\/wp\/v2\/product_tag?post=11212"}],"curies":[{"name":"wp","href":"https:\/\/api.w.org\/{rel}","templated":true}]}}