{"id":11205,"date":"2019-10-29T13:04:07","date_gmt":"2019-10-29T11:35:49","guid":{"rendered":"https:\/\/magnusvinum.ch\/shop\/unkategorisiert\/corton-charlemagne-grand-cru-aoc-3\/"},"modified":"2020-02-13T15:00:18","modified_gmt":"2020-02-13T13:00:18","slug":"corton-charlemagne-grand-cru-aoc-3","status":"publish","type":"product","link":"https:\/\/magnusvinum.ch\/de\/shop\/weissweine\/corton-charlemagne-grand-cru-aoc-3\/","title":{"rendered":"Corton-Charlemagne Grand Cru AOC"},"content":{"rendered":"<p><strong>Degustationsnotiz:<\/strong> Die Nase ist gleichzeitig reichhaltig und intensiv, aber auch kraftvoll und frisch. Der Gaumen verbindet Spannung und gr\u00fcne und weisse Fr\u00fcchte mit enormer Pr\u00e4zision und L\u00e4nge. Trinken Sie Ihn 5-20 Jahre nach der Ernte. <strong>Passt gut zu:<\/strong> Ideal zu h\u00f6chstem Wei\u00dffisch wie Steinbutt, aber auch zu Langoustine, Lobtser oder wei\u00dfem Fleisch mit Rahmsauce.<\/p>\n","protected":false},"excerpt":{"rendered":"<p>Degustationsnotiz: Die Nase ist gleichzeitig reichhaltig und intensiv, aber auch kraftvoll und frisch. Der Gaumen verbindet Spannung und gr\u00fcne und weisse Fr\u00fcchte mit enormer Pr\u00e4zision und L\u00e4nge. Trinken Sie Ihn 5-20 Jahre nach der Ernte. Passt gut zu: Ideal zu h\u00f6chstem Wei\u00dffisch wie Steinbutt, aber auch zu Langoustine, Lobtser oder wei\u00dfem Fleisch mit Rahmsauce.<\/p>\n","protected":false},"featured_media":20092,"template":"","meta":{"_genesis_hide_title":false,"_genesis_hide_breadcrumbs":false,"_genesis_hide_singular_image":false,"_genesis_hide_footer_widgets":false,"_genesis_custom_body_class":"","_genesis_custom_post_class":"","_genesis_layout":""},"product_brand":[],"product_cat":[126],"product_tag":[183],"class_list":{"0":"post-11205","1":"product","2":"type-product","3":"status-publish","4":"has-post-thumbnail","6":"product_cat-weissweine","7":"product_tag-2017-de","8":"pa_appellation-corton-charlemagne-de","9":"pa_bottle-size-750ml-de","10":"pa_grape-variety-chardonnay-de","11":"pa_producer-pascal-clement-de","12":"pa_region-cote-de-beaune-de","13":"pa_vintage-2017-de","14":"entry","16":"first","17":"outofstock","18":"taxable","19":"shipping-taxable","20":"purchasable","21":"product-type-simple"},"wooqr_code":"","_links":{"self":[{"href":"https:\/\/magnusvinum.ch\/de\/wp-json\/wp\/v2\/product\/11205","targetHints":{"allow":["GET"]}}],"collection":[{"href":"https:\/\/magnusvinum.ch\/de\/wp-json\/wp\/v2\/product"}],"about":[{"href":"https:\/\/magnusvinum.ch\/de\/wp-json\/wp\/v2\/types\/product"}],"wp:featuredmedia":[{"embeddable":true,"href":"https:\/\/magnusvinum.ch\/de\/wp-json\/wp\/v2\/media\/20092"}],"wp:attachment":[{"href":"https:\/\/magnusvinum.ch\/de\/wp-json\/wp\/v2\/media?parent=11205"}],"wp:term":[{"taxonomy":"product_brand","embeddable":true,"href":"https:\/\/magnusvinum.ch\/de\/wp-json\/wp\/v2\/product_brand?post=11205"},{"taxonomy":"product_cat","embeddable":true,"href":"https:\/\/magnusvinum.ch\/de\/wp-json\/wp\/v2\/product_cat?post=11205"},{"taxonomy":"product_tag","embeddable":true,"href":"https:\/\/magnusvinum.ch\/de\/wp-json\/wp\/v2\/product_tag?post=11205"}],"curies":[{"name":"wp","href":"https:\/\/api.w.org\/{rel}","templated":true}]}}