{"id":11204,"date":"2019-10-29T13:04:07","date_gmt":"2019-10-29T11:35:49","guid":{"rendered":"https:\/\/magnusvinum.ch\/shop\/unkategorisiert\/bienvenues-batard-montrachet-grand-cru-aoc\/"},"modified":"2020-10-07T15:56:06","modified_gmt":"2020-10-07T13:56:06","slug":"bienvenues-batard-montrachet-grand-cru-aoc","status":"publish","type":"product","link":"https:\/\/magnusvinum.ch\/de\/shop\/weissweine\/bienvenues-batard-montrachet-grand-cru-aoc\/","title":{"rendered":"Bienvenues-B\u00e2tard-Montrachet Grand Cru AOC"},"content":{"rendered":"<p><strong>Degustationsnotiz:<\/strong> Typische Montrachet-Aromen von aromatischen weissen Fr\u00fcchten, gr\u00fcner Reneclaude und weissen Bl\u00fcten. Der Gaumen verbindet die Kraft und L\u00e4nge von Montrachet mit der zus\u00e4tzlichen Raffinesse und Zartheit dieses Cru. Trinken Sie den Wein 5-25 Jahre nach der Ernte. <strong>Passt gut zu:<\/strong> Ideal zu h\u00f6chstem Wei\u00dffisch wie Steinbutt, aber auch zu Langoustine, Lobtser oder wei\u00dfem Fleisch mit Rahmsauce.<\/p>\n","protected":false},"excerpt":{"rendered":"<p>Degustationsnotiz: Typische Montrachet-Aromen von aromatischen weissen Fr\u00fcchten, gr\u00fcner Reneclaude und weissen Bl\u00fcten. Der Gaumen verbindet die Kraft und L\u00e4nge von Montrachet mit der zus\u00e4tzlichen Raffinesse und Zartheit dieses Cru. Trinken Sie den Wein 5-25 Jahre nach der Ernte. Passt gut zu: Ideal zu h\u00f6chstem Wei\u00dffisch wie Steinbutt, aber auch zu Langoustine, Lobtser oder wei\u00dfem Fleisch &#8230; <a href=\"https:\/\/magnusvinum.ch\/de\/shop\/weissweine\/bienvenues-batard-montrachet-grand-cru-aoc\/\" class=\"more-link\">Read More <span class=\"screen-reader-text\">about  Bienvenues-B\u00e2tard-Montrachet Grand Cru AOC<\/span><\/a><\/p>\n","protected":false},"featured_media":20088,"template":"","meta":{"_genesis_hide_title":false,"_genesis_hide_breadcrumbs":false,"_genesis_hide_singular_image":false,"_genesis_hide_footer_widgets":false,"_genesis_custom_body_class":"","_genesis_custom_post_class":"","_genesis_layout":""},"product_brand":[],"product_cat":[126],"product_tag":[183],"class_list":{"0":"post-11204","1":"product","2":"type-product","3":"status-publish","4":"has-post-thumbnail","6":"product_cat-weissweine","7":"product_tag-2017-de","8":"pa_appellation-bienvenues-batard-montrachet-de","9":"pa_bottle-size-750ml-de","10":"pa_grape-variety-chardonnay-de","11":"pa_producer-pascal-clement-de","12":"pa_region-cote-de-beaune-de","13":"pa_vintage-2017-de","14":"entry","16":"first","17":"outofstock","18":"taxable","19":"shipping-taxable","20":"purchasable","21":"product-type-simple"},"wooqr_code":"","_links":{"self":[{"href":"https:\/\/magnusvinum.ch\/de\/wp-json\/wp\/v2\/product\/11204","targetHints":{"allow":["GET"]}}],"collection":[{"href":"https:\/\/magnusvinum.ch\/de\/wp-json\/wp\/v2\/product"}],"about":[{"href":"https:\/\/magnusvinum.ch\/de\/wp-json\/wp\/v2\/types\/product"}],"wp:featuredmedia":[{"embeddable":true,"href":"https:\/\/magnusvinum.ch\/de\/wp-json\/wp\/v2\/media\/20088"}],"wp:attachment":[{"href":"https:\/\/magnusvinum.ch\/de\/wp-json\/wp\/v2\/media?parent=11204"}],"wp:term":[{"taxonomy":"product_brand","embeddable":true,"href":"https:\/\/magnusvinum.ch\/de\/wp-json\/wp\/v2\/product_brand?post=11204"},{"taxonomy":"product_cat","embeddable":true,"href":"https:\/\/magnusvinum.ch\/de\/wp-json\/wp\/v2\/product_cat?post=11204"},{"taxonomy":"product_tag","embeddable":true,"href":"https:\/\/magnusvinum.ch\/de\/wp-json\/wp\/v2\/product_tag?post=11204"}],"curies":[{"name":"wp","href":"https:\/\/api.w.org\/{rel}","templated":true}]}}