{"id":11199,"date":"2019-10-29T13:04:07","date_gmt":"2019-10-29T11:04:07","guid":{"rendered":"https:\/\/magnusvinum.ch\/shop\/unkategorisiert\/volnay-1er-cru-les-santenots-aoc-2\/"},"modified":"2025-04-20T18:05:49","modified_gmt":"2025-04-20T16:05:49","slug":"volnay-1er-cru-les-santenots-aoc-2","status":"publish","type":"product","link":"https:\/\/magnusvinum.ch\/de\/shop\/rotweine\/volnay-1er-cru-les-santenots-aoc-2\/","title":{"rendered":"Volnay 1er Cru Les Santenots AOC"},"content":{"rendered":"<p><strong>Degustationsnotiz:<\/strong> Ein typischer &#8218;Santenot&#8216; mit Muskeln und F\u00fclle. Rote und schwarze Kirschen, Pflaumen und subtile Erdnoten f\u00fchren zu einem langen Abgang. Beginnt um seinen zehnten Geburtstag herum den gr\u00f6ssten Genuss zu bieten. <strong>Passt gut zu:<\/strong> Ideal zu gegrilltem Fleisch, Wildgerichten, Waldpilzen oder Hartk\u00e4se.<\/p>\n","protected":false},"excerpt":{"rendered":"<p>Degustationsnotiz: Ein typischer &#8218;Santenot&#8216; mit Muskeln und F\u00fclle. Rote und schwarze Kirschen, Pflaumen und subtile Erdnoten f\u00fchren zu einem langen Abgang. Beginnt um seinen zehnten Geburtstag herum den gr\u00f6ssten Genuss zu bieten. Passt gut zu: Ideal zu gegrilltem Fleisch, Wildgerichten, Waldpilzen oder Hartk\u00e4se.<\/p>\n","protected":false},"featured_media":20078,"template":"","meta":{"_genesis_hide_title":false,"_genesis_hide_breadcrumbs":false,"_genesis_hide_singular_image":false,"_genesis_hide_footer_widgets":false,"_genesis_custom_body_class":"","_genesis_custom_post_class":"","_genesis_layout":""},"product_brand":[805],"product_cat":[150],"product_tag":[183],"class_list":{"0":"post-11199","1":"product","2":"type-product","3":"status-publish","4":"has-post-thumbnail","6":"product_brand-yvon-thibaud-clerget","7":"product_cat-rotweine","8":"product_tag-2017-de","9":"pa_appellation-volnay-1er-cru-de","10":"pa_bottle-size-750ml-de","11":"pa_grape-variety-pinot-noir-de","12":"pa_producer-domaine-yvon-thibaud-clerget-de","13":"pa_region-cote-de-beaune-de","14":"pa_vintage-2017-de","15":"entry","17":"first","18":"instock","19":"taxable","20":"shipping-taxable","21":"purchasable","22":"product-type-simple"},"wooqr_code":"","_links":{"self":[{"href":"https:\/\/magnusvinum.ch\/de\/wp-json\/wp\/v2\/product\/11199","targetHints":{"allow":["GET"]}}],"collection":[{"href":"https:\/\/magnusvinum.ch\/de\/wp-json\/wp\/v2\/product"}],"about":[{"href":"https:\/\/magnusvinum.ch\/de\/wp-json\/wp\/v2\/types\/product"}],"wp:featuredmedia":[{"embeddable":true,"href":"https:\/\/magnusvinum.ch\/de\/wp-json\/wp\/v2\/media\/20078"}],"wp:attachment":[{"href":"https:\/\/magnusvinum.ch\/de\/wp-json\/wp\/v2\/media?parent=11199"}],"wp:term":[{"taxonomy":"product_brand","embeddable":true,"href":"https:\/\/magnusvinum.ch\/de\/wp-json\/wp\/v2\/product_brand?post=11199"},{"taxonomy":"product_cat","embeddable":true,"href":"https:\/\/magnusvinum.ch\/de\/wp-json\/wp\/v2\/product_cat?post=11199"},{"taxonomy":"product_tag","embeddable":true,"href":"https:\/\/magnusvinum.ch\/de\/wp-json\/wp\/v2\/product_tag?post=11199"}],"curies":[{"name":"wp","href":"https:\/\/api.w.org\/{rel}","templated":true}]}}