{"id":11194,"date":"2019-10-29T13:03:53","date_gmt":"2019-10-29T11:03:53","guid":{"rendered":"https:\/\/magnusvinum.ch\/shop\/unkategorisiert\/volnay-1er-cru-caillerets-aoc\/"},"modified":"2023-11-29T12:33:35","modified_gmt":"2023-11-29T10:33:35","slug":"volnay-1er-cru-caillerets-aoc","status":"publish","type":"product","link":"https:\/\/magnusvinum.ch\/de\/shop\/rotweine\/volnay-1er-cru-caillerets-aoc\/","title":{"rendered":"Volnay 1er Cru Caillerets AOC"},"content":{"rendered":"<p><strong>Degustationsnotiz:<\/strong> Dies ist immer ein besonderer Wein chez Rebourgeon-Mure und dieses Jahr ist keine Ausnahme. Walderdbeere, Kirsche, kandierte Orangenschale, Veilchen und feine Gew\u00fcrze laden zum Geniessen ein. Am Gaumen konzentriert und doch \u00e4therisch, wie nur Caillerets sein k\u00f6nnen. Die Tannine sind seidig, mineralisch und frische S\u00e4ure, das Finale lang. Trinken Sie 2022-2035. <strong>Passt gut zu:<\/strong> Ein so besonderer Wein verdient ein besonderes Gericht. Gansbraten oder C\u00f4te de boeuf w\u00e4re gut!<\/p>\n","protected":false},"excerpt":{"rendered":"<p>Degustationsnotiz: Dies ist immer ein besonderer Wein chez Rebourgeon-Mure und dieses Jahr ist keine Ausnahme. Walderdbeere, Kirsche, kandierte Orangenschale, Veilchen und feine Gew\u00fcrze laden zum Geniessen ein. Am Gaumen konzentriert und doch \u00e4therisch, wie nur Caillerets sein k\u00f6nnen. Die Tannine sind seidig, mineralisch und frische S\u00e4ure, das Finale lang. Trinken Sie 2022-2035. Passt gut zu: &#8230; <a href=\"https:\/\/magnusvinum.ch\/de\/shop\/rotweine\/volnay-1er-cru-caillerets-aoc\/\" class=\"more-link\">Read More <span class=\"screen-reader-text\">about  Volnay 1er Cru Caillerets AOC<\/span><\/a><\/p>\n","protected":false},"featured_media":23149,"template":"","meta":{"_genesis_hide_title":false,"_genesis_hide_breadcrumbs":false,"_genesis_hide_singular_image":false,"_genesis_hide_footer_widgets":false,"_genesis_custom_body_class":"","_genesis_custom_post_class":"","_genesis_layout":""},"product_brand":[],"product_cat":[150],"product_tag":[207],"class_list":{"0":"post-11194","1":"product","2":"type-product","3":"status-publish","4":"has-post-thumbnail","6":"product_cat-rotweine","7":"product_tag-2019-de","8":"pa_appellation-volnay-1er-cru-de","9":"pa_bottle-size-750ml-de","10":"pa_grape-variety-pinot-noir-de","11":"pa_producer-domaine-rebourgeon-mure-de","12":"pa_region-cote-de-beaune-de","13":"pa_vintage-2019-de","14":"entry","16":"first","17":"instock","18":"taxable","19":"shipping-taxable","20":"purchasable","21":"product-type-simple"},"wooqr_code":"","_links":{"self":[{"href":"https:\/\/magnusvinum.ch\/de\/wp-json\/wp\/v2\/product\/11194","targetHints":{"allow":["GET"]}}],"collection":[{"href":"https:\/\/magnusvinum.ch\/de\/wp-json\/wp\/v2\/product"}],"about":[{"href":"https:\/\/magnusvinum.ch\/de\/wp-json\/wp\/v2\/types\/product"}],"wp:featuredmedia":[{"embeddable":true,"href":"https:\/\/magnusvinum.ch\/de\/wp-json\/wp\/v2\/media\/23149"}],"wp:attachment":[{"href":"https:\/\/magnusvinum.ch\/de\/wp-json\/wp\/v2\/media?parent=11194"}],"wp:term":[{"taxonomy":"product_brand","embeddable":true,"href":"https:\/\/magnusvinum.ch\/de\/wp-json\/wp\/v2\/product_brand?post=11194"},{"taxonomy":"product_cat","embeddable":true,"href":"https:\/\/magnusvinum.ch\/de\/wp-json\/wp\/v2\/product_cat?post=11194"},{"taxonomy":"product_tag","embeddable":true,"href":"https:\/\/magnusvinum.ch\/de\/wp-json\/wp\/v2\/product_tag?post=11194"}],"curies":[{"name":"wp","href":"https:\/\/api.w.org\/{rel}","templated":true}]}}