{"id":11190,"date":"2019-10-29T13:03:53","date_gmt":"2019-10-29T11:35:23","guid":{"rendered":"https:\/\/magnusvinum.ch\/shop\/unkategorisiert\/beaune-1er-cru-les-vignes-franches-aoc\/"},"modified":"2023-04-17T07:26:11","modified_gmt":"2023-04-17T05:26:11","slug":"beaune-1er-cru-les-vignes-franches-aoc","status":"publish","type":"product","link":"https:\/\/magnusvinum.ch\/de\/shop\/rotweine\/beaune-1er-cru-les-vignes-franches-aoc\/","title":{"rendered":"Beaune 1er Cru Les Vignes Franches AOC"},"content":{"rendered":"<p><strong>Degustationsnotiz:<\/strong> Les Vignes Franches, teilweise aus sehr alten Reben, die 1929 gepflanzt wurden, zeigt Aromen von reifen roten Fr\u00fcchten, Blutorange, Blumen und feinen Gew\u00fcrzen. Am Gaumen ist er saftig und seidig und bietet bereits jetzt einen guten Trinkgenuss, allerdings mit gen\u00fcgend feinen Tanninen, um kurz- bis mittelfristig zu halten. Trinken Sie jetzt bis 2027. <strong>Passt gut zu:<\/strong> Einfach gegrilltes Berglamm oder Steinpilze passen perfekt zu diesem eleganten Pinot Noir.<\/p>\n","protected":false},"excerpt":{"rendered":"<p>Degustationsnotiz: Les Vignes Franches, teilweise aus sehr alten Reben, die 1929 gepflanzt wurden, zeigt Aromen von reifen roten Fr\u00fcchten, Blutorange, Blumen und feinen Gew\u00fcrzen. Am Gaumen ist er saftig und seidig und bietet bereits jetzt einen guten Trinkgenuss, allerdings mit gen\u00fcgend feinen Tanninen, um kurz- bis mittelfristig zu halten. Trinken Sie jetzt bis 2027. Passt &#8230; <a href=\"https:\/\/magnusvinum.ch\/de\/shop\/rotweine\/beaune-1er-cru-les-vignes-franches-aoc\/\" class=\"more-link\">Read More <span class=\"screen-reader-text\">about  Beaune 1er Cru Les Vignes Franches AOC<\/span><\/a><\/p>\n","protected":false},"featured_media":20104,"template":"","meta":{"_genesis_hide_title":false,"_genesis_hide_breadcrumbs":false,"_genesis_hide_singular_image":false,"_genesis_hide_footer_widgets":false,"_genesis_custom_body_class":"","_genesis_custom_post_class":"","_genesis_layout":""},"product_brand":[],"product_cat":[150],"product_tag":[183],"class_list":{"0":"post-11190","1":"product","2":"type-product","3":"status-publish","4":"has-post-thumbnail","6":"product_cat-rotweine","7":"product_tag-2017-de","8":"pa_appellation-beaune-1er-cru-de","9":"pa_bottle-size-750ml-de","10":"pa_grape-variety-pinot-noir-de","11":"pa_producer-domaine-rebourgeon-mure-de","12":"pa_region-cote-de-beaune-de","13":"pa_vintage-2017-de","14":"entry","16":"first","17":"outofstock","18":"taxable","19":"shipping-taxable","20":"purchasable","21":"product-type-simple"},"wooqr_code":"","_links":{"self":[{"href":"https:\/\/magnusvinum.ch\/de\/wp-json\/wp\/v2\/product\/11190","targetHints":{"allow":["GET"]}}],"collection":[{"href":"https:\/\/magnusvinum.ch\/de\/wp-json\/wp\/v2\/product"}],"about":[{"href":"https:\/\/magnusvinum.ch\/de\/wp-json\/wp\/v2\/types\/product"}],"wp:featuredmedia":[{"embeddable":true,"href":"https:\/\/magnusvinum.ch\/de\/wp-json\/wp\/v2\/media\/20104"}],"wp:attachment":[{"href":"https:\/\/magnusvinum.ch\/de\/wp-json\/wp\/v2\/media?parent=11190"}],"wp:term":[{"taxonomy":"product_brand","embeddable":true,"href":"https:\/\/magnusvinum.ch\/de\/wp-json\/wp\/v2\/product_brand?post=11190"},{"taxonomy":"product_cat","embeddable":true,"href":"https:\/\/magnusvinum.ch\/de\/wp-json\/wp\/v2\/product_cat?post=11190"},{"taxonomy":"product_tag","embeddable":true,"href":"https:\/\/magnusvinum.ch\/de\/wp-json\/wp\/v2\/product_tag?post=11190"}],"curies":[{"name":"wp","href":"https:\/\/api.w.org\/{rel}","templated":true}]}}