{"id":11185,"date":"2019-10-29T13:03:53","date_gmt":"2019-10-29T11:35:23","guid":{"rendered":"https:\/\/magnusvinum.ch\/shop\/unkategorisiert\/puligny-montrachet-1er-cru-les-combettes-aoc\/"},"modified":"2022-10-04T18:43:10","modified_gmt":"2022-10-04T16:43:10","slug":"puligny-montrachet-1er-cru-les-combettes-aoc","status":"publish","type":"product","link":"https:\/\/magnusvinum.ch\/de\/shop\/weissweine\/puligny-montrachet-1er-cru-les-combettes-aoc\/","title":{"rendered":"Puligny-Montrachet 1er Cru Les Combettes AOC"},"content":{"rendered":"<p><strong>Degustationsnotiz:<\/strong> Les Combettes liegen geografisch in der N\u00e4he der Meursault Perri\u00e8res, doch k\u00f6nnten nicht unterschiedlicher sein. Sie sind im absoluten Puligny-Stil. Die Nase wird klassisch von gelben Obstgartenfr\u00fcchten und weissen Bl\u00fcten mit feinen Nussnuancen dominiert. Am Gaumen seidig und vielschichtig und zeigt die grosse Klasse dieses hervorragenden 1er Cru Weinbergs. Geniessen Sie diesen Wein 2020-3038. <strong>Passt gut zu:<\/strong> Ideal zu h\u00f6chstem Wei\u00dffisch wie Steinbutt, aber auch zu Langoustine, Lobtser oder wei\u00dfem Fleisch mit Rahmsauce.<\/p>\n","protected":false},"excerpt":{"rendered":"<p>Degustationsnotiz: Les Combettes liegen geografisch in der N\u00e4he der Meursault Perri\u00e8res, doch k\u00f6nnten nicht unterschiedlicher sein. Sie sind im absoluten Puligny-Stil. Die Nase wird klassisch von gelben Obstgartenfr\u00fcchten und weissen Bl\u00fcten mit feinen Nussnuancen dominiert. Am Gaumen seidig und vielschichtig und zeigt die grosse Klasse dieses hervorragenden 1er Cru Weinbergs. Geniessen Sie diesen Wein 2020-3038. &#8230; <a href=\"https:\/\/magnusvinum.ch\/de\/shop\/weissweine\/puligny-montrachet-1er-cru-les-combettes-aoc\/\" class=\"more-link\">Read More <span class=\"screen-reader-text\">about  Puligny-Montrachet 1er Cru Les Combettes AOC<\/span><\/a><\/p>\n","protected":false},"featured_media":20122,"template":"","meta":{"_genesis_hide_title":false,"_genesis_hide_breadcrumbs":false,"_genesis_hide_singular_image":false,"_genesis_hide_footer_widgets":false,"_genesis_custom_body_class":"","_genesis_custom_post_class":"","_genesis_layout":""},"product_brand":[],"product_cat":[126],"product_tag":[183],"class_list":{"0":"post-11185","1":"product","2":"type-product","3":"status-publish","4":"has-post-thumbnail","6":"product_cat-weissweine","7":"product_tag-2017-de","8":"pa_appellation-puligny-montrachet-1er-cru-de","9":"pa_bottle-size-750ml-de","10":"pa_grape-variety-chardonnay-de","11":"pa_producer-domaine-matrot-de","12":"pa_region-cote-de-beaune-de","13":"pa_vintage-2017-de","14":"entry","16":"first","17":"outofstock","18":"taxable","19":"shipping-taxable","20":"purchasable","21":"product-type-simple"},"wooqr_code":"","_links":{"self":[{"href":"https:\/\/magnusvinum.ch\/de\/wp-json\/wp\/v2\/product\/11185","targetHints":{"allow":["GET"]}}],"collection":[{"href":"https:\/\/magnusvinum.ch\/de\/wp-json\/wp\/v2\/product"}],"about":[{"href":"https:\/\/magnusvinum.ch\/de\/wp-json\/wp\/v2\/types\/product"}],"wp:featuredmedia":[{"embeddable":true,"href":"https:\/\/magnusvinum.ch\/de\/wp-json\/wp\/v2\/media\/20122"}],"wp:attachment":[{"href":"https:\/\/magnusvinum.ch\/de\/wp-json\/wp\/v2\/media?parent=11185"}],"wp:term":[{"taxonomy":"product_brand","embeddable":true,"href":"https:\/\/magnusvinum.ch\/de\/wp-json\/wp\/v2\/product_brand?post=11185"},{"taxonomy":"product_cat","embeddable":true,"href":"https:\/\/magnusvinum.ch\/de\/wp-json\/wp\/v2\/product_cat?post=11185"},{"taxonomy":"product_tag","embeddable":true,"href":"https:\/\/magnusvinum.ch\/de\/wp-json\/wp\/v2\/product_tag?post=11185"}],"curies":[{"name":"wp","href":"https:\/\/api.w.org\/{rel}","templated":true}]}}