{"id":11182,"date":"2019-10-29T13:03:53","date_gmt":"2019-10-29T11:35:23","guid":{"rendered":"https:\/\/magnusvinum.ch\/shop\/unkategorisiert\/meursault-1er-cru-charmes-aoc\/"},"modified":"2021-05-22T16:12:46","modified_gmt":"2021-05-22T14:12:46","slug":"meursault-1er-cru-charmes-aoc","status":"publish","type":"product","link":"https:\/\/magnusvinum.ch\/de\/shop\/weissweine\/meursault-1er-cru-charmes-aoc\/","title":{"rendered":"Meursault 1er Cru Charmes AOC"},"content":{"rendered":"<p><strong>Degustationsnotiz:<\/strong> Wie aus dem Lehrbuch bezaubert die Nase mit weissen Blumen, Birne, weisser Nektarine und einem Hauch von Anis. Der Gaumen ist voll von saftigen Fr\u00fcchten und satter Textur. Die S\u00e4ure ist direkt, spannend und gibt L\u00e4nge. Trinken Sie 2020-2035. <strong>Passt gut zu:<\/strong> Passt hervorragend zu Fisch, Meeresfr\u00fcchten oder Freilandhuhn mit Rahmsauce.<\/p>\n","protected":false},"excerpt":{"rendered":"<p>Degustationsnotiz: Wie aus dem Lehrbuch bezaubert die Nase mit weissen Blumen, Birne, weisser Nektarine und einem Hauch von Anis. Der Gaumen ist voll von saftigen Fr\u00fcchten und satter Textur. Die S\u00e4ure ist direkt, spannend und gibt L\u00e4nge. Trinken Sie 2020-2035. Passt gut zu: Passt hervorragend zu Fisch, Meeresfr\u00fcchten oder Freilandhuhn mit Rahmsauce.<\/p>\n","protected":false},"featured_media":20128,"template":"","meta":{"_genesis_hide_title":false,"_genesis_hide_breadcrumbs":false,"_genesis_hide_singular_image":false,"_genesis_hide_footer_widgets":false,"_genesis_custom_body_class":"","_genesis_custom_post_class":"","_genesis_layout":""},"product_brand":[],"product_cat":[126],"product_tag":[183],"class_list":{"0":"post-11182","1":"product","2":"type-product","3":"status-publish","4":"has-post-thumbnail","6":"product_cat-weissweine","7":"product_tag-2017-de","8":"pa_appellation-meursault-1er-cru-de","9":"pa_bottle-size-750ml-de","10":"pa_grape-variety-chardonnay-de","11":"pa_producer-domaine-matrot-de","12":"pa_region-cote-de-beaune-de","13":"pa_vintage-2017-de","14":"entry","16":"first","17":"outofstock","18":"taxable","19":"shipping-taxable","20":"purchasable","21":"product-type-simple"},"wooqr_code":"","_links":{"self":[{"href":"https:\/\/magnusvinum.ch\/de\/wp-json\/wp\/v2\/product\/11182","targetHints":{"allow":["GET"]}}],"collection":[{"href":"https:\/\/magnusvinum.ch\/de\/wp-json\/wp\/v2\/product"}],"about":[{"href":"https:\/\/magnusvinum.ch\/de\/wp-json\/wp\/v2\/types\/product"}],"wp:featuredmedia":[{"embeddable":true,"href":"https:\/\/magnusvinum.ch\/de\/wp-json\/wp\/v2\/media\/20128"}],"wp:attachment":[{"href":"https:\/\/magnusvinum.ch\/de\/wp-json\/wp\/v2\/media?parent=11182"}],"wp:term":[{"taxonomy":"product_brand","embeddable":true,"href":"https:\/\/magnusvinum.ch\/de\/wp-json\/wp\/v2\/product_brand?post=11182"},{"taxonomy":"product_cat","embeddable":true,"href":"https:\/\/magnusvinum.ch\/de\/wp-json\/wp\/v2\/product_cat?post=11182"},{"taxonomy":"product_tag","embeddable":true,"href":"https:\/\/magnusvinum.ch\/de\/wp-json\/wp\/v2\/product_tag?post=11182"}],"curies":[{"name":"wp","href":"https:\/\/api.w.org\/{rel}","templated":true}]}}