{"id":11181,"date":"2019-10-29T13:03:53","date_gmt":"2019-10-29T11:35:23","guid":{"rendered":"https:\/\/magnusvinum.ch\/shop\/unkategorisiert\/leffronte-aligote\/"},"modified":"2020-02-13T15:01:40","modified_gmt":"2020-02-13T13:01:40","slug":"leffronte-aligote","status":"publish","type":"product","link":"https:\/\/magnusvinum.ch\/de\/shop\/suessweine\/leffronte-aligote\/","title":{"rendered":"L&#8217;Effront\u00e9 (Aligot\u00e9)"},"content":{"rendered":"<p><strong>Degustationsnotiz:<\/strong> Sp\u00e4tlese Aligot\u00e9 &#8211; etwas, das man noch nie gesehen hat! Reifer gr\u00fcner Apfel, Honig und Orangenbl\u00fcte. Der Geschmack ist s\u00fcss und doch mit der charakteristischen frischen S\u00e4ure von Aligot\u00e9, die den Wein frisch und straff h\u00e4lt. Fruchtintensive gr\u00fcne Apfel-, Quitten- und kandierte Zitrusschalen. Ein sehr einzigartiger Wein. Geniessen Sie Ihn 2019-2030. <strong>Passt gut zu:<\/strong> Ideal zu frischen Fr\u00fcchten, Desserts auf Obstbasis oder Blauschimmelk\u00e4se.<\/p>\n","protected":false},"excerpt":{"rendered":"<p>Degustationsnotiz: Sp\u00e4tlese Aligot\u00e9 &#8211; etwas, das man noch nie gesehen hat! Reifer gr\u00fcner Apfel, Honig und Orangenbl\u00fcte. Der Geschmack ist s\u00fcss und doch mit der charakteristischen frischen S\u00e4ure von Aligot\u00e9, die den Wein frisch und straff h\u00e4lt. Fruchtintensive gr\u00fcne Apfel-, Quitten- und kandierte Zitrusschalen. Ein sehr einzigartiger Wein. Geniessen Sie Ihn 2019-2030. Passt gut zu: &#8230; <a href=\"https:\/\/magnusvinum.ch\/de\/shop\/suessweine\/leffronte-aligote\/\" class=\"more-link\">Read More <span class=\"screen-reader-text\">about  L&#8217;Effront\u00e9 (Aligot\u00e9)<\/span><\/a><\/p>\n","protected":false},"featured_media":20126,"template":"","meta":{"_genesis_hide_title":false,"_genesis_hide_breadcrumbs":false,"_genesis_hide_singular_image":false,"_genesis_hide_footer_widgets":false,"_genesis_custom_body_class":"","_genesis_custom_post_class":"","_genesis_layout":""},"product_brand":[],"product_cat":[200],"product_tag":[183],"class_list":{"0":"post-11181","1":"product","2":"type-product","3":"status-publish","4":"has-post-thumbnail","6":"product_cat-suessweine","7":"product_tag-2017-de","8":"pa_appellation-vin-de-france-de","9":"pa_bottle-size-375ml-de","10":"pa_grape-variety-aligote-de","11":"pa_producer-domaine-matrot-de","12":"pa_region-cote-de-beaune-de","13":"pa_vintage-2017-de","14":"entry","16":"first","17":"outofstock","18":"taxable","19":"shipping-taxable","20":"purchasable","21":"product-type-simple"},"wooqr_code":"","_links":{"self":[{"href":"https:\/\/magnusvinum.ch\/de\/wp-json\/wp\/v2\/product\/11181","targetHints":{"allow":["GET"]}}],"collection":[{"href":"https:\/\/magnusvinum.ch\/de\/wp-json\/wp\/v2\/product"}],"about":[{"href":"https:\/\/magnusvinum.ch\/de\/wp-json\/wp\/v2\/types\/product"}],"wp:featuredmedia":[{"embeddable":true,"href":"https:\/\/magnusvinum.ch\/de\/wp-json\/wp\/v2\/media\/20126"}],"wp:attachment":[{"href":"https:\/\/magnusvinum.ch\/de\/wp-json\/wp\/v2\/media?parent=11181"}],"wp:term":[{"taxonomy":"product_brand","embeddable":true,"href":"https:\/\/magnusvinum.ch\/de\/wp-json\/wp\/v2\/product_brand?post=11181"},{"taxonomy":"product_cat","embeddable":true,"href":"https:\/\/magnusvinum.ch\/de\/wp-json\/wp\/v2\/product_cat?post=11181"},{"taxonomy":"product_tag","embeddable":true,"href":"https:\/\/magnusvinum.ch\/de\/wp-json\/wp\/v2\/product_tag?post=11181"}],"curies":[{"name":"wp","href":"https:\/\/api.w.org\/{rel}","templated":true}]}}