{"id":11180,"date":"2019-10-29T13:03:53","date_gmt":"2019-10-29T11:35:23","guid":{"rendered":"https:\/\/magnusvinum.ch\/shop\/unkategorisiert\/blagny-1er-cru-la-piece-sous-le-bois-aoc\/"},"modified":"2021-05-22T16:12:46","modified_gmt":"2021-05-22T14:12:46","slug":"blagny-1er-cru-la-piece-sous-le-bois-aoc","status":"publish","type":"product","link":"https:\/\/magnusvinum.ch\/de\/shop\/rotweine\/blagny-1er-cru-la-piece-sous-le-bois-aoc\/","title":{"rendered":"Blagny 1er Cru La Pi\u00e8ce sous le Bois AOC"},"content":{"rendered":"<p><strong>Degustationsnotiz:<\/strong> Aus einer Appellation, von der viele noch nie geh\u00f6rt haben &#8211; geschweige denn probiert haben, ist dieser Wein ein Flaggschiff der Domaine und liefert konsequent einen Wein mit leuchtenden, knackigen roten Fr\u00fcchten und kalkhaltiger Mineralit\u00e4t. Die Nase verbindet intensive rote Beeren mit Kreide und feinen Gew\u00fcrzen. Am Gaumen ist er frisch und lebendig mit saftigen roten Fr\u00fcchten und feinen Tanninen. Trinken Sie 2022-2035. <strong>Passt gut zu:<\/strong> Ideal zu gebratenen Wildv\u00f6geln oder einfach gegrilltem Lamm mit Gem\u00fcse.<\/p>\n","protected":false},"excerpt":{"rendered":"<p>Degustationsnotiz: Aus einer Appellation, von der viele noch nie geh\u00f6rt haben &#8211; geschweige denn probiert haben, ist dieser Wein ein Flaggschiff der Domaine und liefert konsequent einen Wein mit leuchtenden, knackigen roten Fr\u00fcchten und kalkhaltiger Mineralit\u00e4t. Die Nase verbindet intensive rote Beeren mit Kreide und feinen Gew\u00fcrzen. Am Gaumen ist er frisch und lebendig mit &#8230; <a href=\"https:\/\/magnusvinum.ch\/de\/shop\/rotweine\/blagny-1er-cru-la-piece-sous-le-bois-aoc\/\" class=\"more-link\">Read More <span class=\"screen-reader-text\">about  Blagny 1er Cru La Pi\u00e8ce sous le Bois AOC<\/span><\/a><\/p>\n","protected":false},"featured_media":20130,"template":"","meta":{"_genesis_hide_title":false,"_genesis_hide_breadcrumbs":false,"_genesis_hide_singular_image":false,"_genesis_hide_footer_widgets":false,"_genesis_custom_body_class":"","_genesis_custom_post_class":"","_genesis_layout":""},"product_brand":[],"product_cat":[150],"product_tag":[183],"class_list":{"0":"post-11180","1":"product","2":"type-product","3":"status-publish","4":"has-post-thumbnail","6":"product_cat-rotweine","7":"product_tag-2017-de","8":"pa_appellation-blagny-1er-cru-de","9":"pa_bottle-size-750ml-de","10":"pa_grape-variety-pinot-noir-de","11":"pa_producer-domaine-matrot-de","12":"pa_region-cote-de-beaune-de","13":"pa_vintage-2017-de","14":"entry","16":"first","17":"outofstock","18":"sale","19":"taxable","20":"shipping-taxable","21":"purchasable","22":"product-type-simple"},"wooqr_code":"","_links":{"self":[{"href":"https:\/\/magnusvinum.ch\/de\/wp-json\/wp\/v2\/product\/11180","targetHints":{"allow":["GET"]}}],"collection":[{"href":"https:\/\/magnusvinum.ch\/de\/wp-json\/wp\/v2\/product"}],"about":[{"href":"https:\/\/magnusvinum.ch\/de\/wp-json\/wp\/v2\/types\/product"}],"wp:featuredmedia":[{"embeddable":true,"href":"https:\/\/magnusvinum.ch\/de\/wp-json\/wp\/v2\/media\/20130"}],"wp:attachment":[{"href":"https:\/\/magnusvinum.ch\/de\/wp-json\/wp\/v2\/media?parent=11180"}],"wp:term":[{"taxonomy":"product_brand","embeddable":true,"href":"https:\/\/magnusvinum.ch\/de\/wp-json\/wp\/v2\/product_brand?post=11180"},{"taxonomy":"product_cat","embeddable":true,"href":"https:\/\/magnusvinum.ch\/de\/wp-json\/wp\/v2\/product_cat?post=11180"},{"taxonomy":"product_tag","embeddable":true,"href":"https:\/\/magnusvinum.ch\/de\/wp-json\/wp\/v2\/product_tag?post=11180"}],"curies":[{"name":"wp","href":"https:\/\/api.w.org\/{rel}","templated":true}]}}