{"id":11176,"date":"2019-10-29T13:03:38","date_gmt":"2019-10-29T11:03:38","guid":{"rendered":"https:\/\/magnusvinum.ch\/shop\/unkategorisiert\/auxey-duresses-1er-cru-les-duresses-aoc\/"},"modified":"2025-03-05T22:33:56","modified_gmt":"2025-03-05T20:33:56","slug":"auxey-duresses-1er-cru-les-duresses-aoc","status":"publish","type":"product","link":"https:\/\/magnusvinum.ch\/de\/shop\/rotweine\/auxey-duresses-1er-cru-les-duresses-aoc\/","title":{"rendered":"Auxey-Duresses 1er Cru Les Duresses AOC"},"content":{"rendered":"<p><strong>Degustationsnotiz:<\/strong> Der ausserordentlichste der 1er Crus chez Lafouge kombiniert die Eleganz der La Chapelle mit extra Tiefe und Struktur am Gaumen. Die Nase ist eine Explosion von roten und schwarzen Fr\u00fcchten, Blumen, Gew\u00fcrzen und Zedernholz. Am Gaumen dicht und muskul\u00f6s mit einer riesigen F\u00fclle an Fr\u00fcchten, die in feine seidige Tannine geh\u00fcllt sind. Dieser Wein braucht noch Zeit, wird dann eine Sensation sein! Trinken Sie Ihn 2024-2060. <strong>Passt gut zu:<\/strong> Ideal zu gebratenen Wildv\u00f6geln oder einfach gegrilltem Lamm mit Gem\u00fcse.<\/p>\n","protected":false},"excerpt":{"rendered":"<p>Degustationsnotiz: Der ausserordentlichste der 1er Crus chez Lafouge kombiniert die Eleganz der La Chapelle mit extra Tiefe und Struktur am Gaumen. Die Nase ist eine Explosion von roten und schwarzen Fr\u00fcchten, Blumen, Gew\u00fcrzen und Zedernholz. Am Gaumen dicht und muskul\u00f6s mit einer riesigen F\u00fclle an Fr\u00fcchten, die in feine seidige Tannine geh\u00fcllt sind. Dieser Wein &#8230; <a href=\"https:\/\/magnusvinum.ch\/de\/shop\/rotweine\/auxey-duresses-1er-cru-les-duresses-aoc\/\" class=\"more-link\">Read More <span class=\"screen-reader-text\">about  Auxey-Duresses 1er Cru Les Duresses AOC<\/span><\/a><\/p>\n","protected":false},"featured_media":20148,"template":"","meta":{"_genesis_hide_title":false,"_genesis_hide_breadcrumbs":false,"_genesis_hide_singular_image":false,"_genesis_hide_footer_widgets":false,"_genesis_custom_body_class":"","_genesis_custom_post_class":"","_genesis_layout":""},"product_brand":[811],"product_cat":[150],"product_tag":[183],"class_list":{"0":"post-11176","1":"product","2":"type-product","3":"status-publish","4":"has-post-thumbnail","6":"product_brand-lafouge-jean-gilles","7":"product_cat-rotweine","8":"product_tag-2017-de","9":"pa_appellation-auxey-duresses-1er-cru-de","10":"pa_bottle-size-750ml-de","11":"pa_grape-variety-pinot-noir-de","12":"pa_producer-domaine-lafouge-jean-gilles-de","13":"pa_region-cote-de-beaune-de","14":"pa_vintage-2017-de","15":"entry","17":"first","18":"outofstock","19":"taxable","20":"shipping-taxable","21":"purchasable","22":"product-type-simple"},"wooqr_code":"","_links":{"self":[{"href":"https:\/\/magnusvinum.ch\/de\/wp-json\/wp\/v2\/product\/11176","targetHints":{"allow":["GET"]}}],"collection":[{"href":"https:\/\/magnusvinum.ch\/de\/wp-json\/wp\/v2\/product"}],"about":[{"href":"https:\/\/magnusvinum.ch\/de\/wp-json\/wp\/v2\/types\/product"}],"wp:featuredmedia":[{"embeddable":true,"href":"https:\/\/magnusvinum.ch\/de\/wp-json\/wp\/v2\/media\/20148"}],"wp:attachment":[{"href":"https:\/\/magnusvinum.ch\/de\/wp-json\/wp\/v2\/media?parent=11176"}],"wp:term":[{"taxonomy":"product_brand","embeddable":true,"href":"https:\/\/magnusvinum.ch\/de\/wp-json\/wp\/v2\/product_brand?post=11176"},{"taxonomy":"product_cat","embeddable":true,"href":"https:\/\/magnusvinum.ch\/de\/wp-json\/wp\/v2\/product_cat?post=11176"},{"taxonomy":"product_tag","embeddable":true,"href":"https:\/\/magnusvinum.ch\/de\/wp-json\/wp\/v2\/product_tag?post=11176"}],"curies":[{"name":"wp","href":"https:\/\/api.w.org\/{rel}","templated":true}]}}