{"id":11172,"date":"2019-10-29T13:03:38","date_gmt":"2019-10-29T11:35:04","guid":{"rendered":"https:\/\/magnusvinum.ch\/shop\/unkategorisiert\/volnay-1er-cru-les-fremiets-aoc\/"},"modified":"2025-03-05T22:13:30","modified_gmt":"2025-03-05T20:13:30","slug":"volnay-1er-cru-les-fremiets-aoc","status":"publish","type":"product","link":"https:\/\/magnusvinum.ch\/de\/shop\/rotweine\/volnay-1er-cru-les-fremiets-aoc\/","title":{"rendered":"Volnay 1er Cru Les Fremiets AOC"},"content":{"rendered":"<p><strong>Degustationsnotiz:<\/strong> Von Reben mit einem Durchschnittsalter von 65 Jahren, die \u00e4lteste von 1932. Die Nase ist eine Mischung aus roten Pflaumen, roten Kirschen, aufgew\u00fchlter Erde (typisch f\u00fcr diese Cru an der Pommardgrenze), Veilchen und rauchigen Gew\u00fcrzen. Am Gaumen ist er fleischig mit feink\u00f6rnigen Tanninen und einem langen, saftigen Abgang. Trinken Sie 2023-2050. <strong>Passt gut zu:<\/strong> Ideal zu einfach gegrillten Kalbs- oder Lammkoteletts mit gegrilltem Gem\u00fcse.<\/p>\n","protected":false},"excerpt":{"rendered":"<p>Degustationsnotiz: Von Reben mit einem Durchschnittsalter von 65 Jahren, die \u00e4lteste von 1932. Die Nase ist eine Mischung aus roten Pflaumen, roten Kirschen, aufgew\u00fchlter Erde (typisch f\u00fcr diese Cru an der Pommardgrenze), Veilchen und rauchigen Gew\u00fcrzen. Am Gaumen ist er fleischig mit feink\u00f6rnigen Tanninen und einem langen, saftigen Abgang. Trinken Sie 2023-2050. Passt gut zu: &#8230; <a href=\"https:\/\/magnusvinum.ch\/de\/shop\/rotweine\/volnay-1er-cru-les-fremiets-aoc\/\" class=\"more-link\">Read More <span class=\"screen-reader-text\">about  Volnay 1er Cru Les Fremiets AOC<\/span><\/a><\/p>\n","protected":false},"featured_media":20140,"template":"","meta":{"_genesis_hide_title":false,"_genesis_hide_breadcrumbs":false,"_genesis_hide_singular_image":false,"_genesis_hide_footer_widgets":false,"_genesis_custom_body_class":"","_genesis_custom_post_class":"","_genesis_layout":""},"product_brand":[806],"product_cat":[150],"product_tag":[183],"class_list":{"0":"post-11172","1":"product","2":"type-product","3":"status-publish","4":"has-post-thumbnail","6":"product_brand-joseph-voillot","7":"product_cat-rotweine","8":"product_tag-2017-de","9":"pa_appellation-volnay-1er-cru-de","10":"pa_bottle-size-750ml-de","11":"pa_grape-variety-pinot-noir-de","12":"pa_producer-domaine-joseph-voillot-de","13":"pa_region-cote-de-beaune-de","14":"pa_vintage-2017-de","15":"entry","17":"first","18":"instock","19":"taxable","20":"shipping-taxable","21":"purchasable","22":"product-type-simple"},"wooqr_code":"","_links":{"self":[{"href":"https:\/\/magnusvinum.ch\/de\/wp-json\/wp\/v2\/product\/11172","targetHints":{"allow":["GET"]}}],"collection":[{"href":"https:\/\/magnusvinum.ch\/de\/wp-json\/wp\/v2\/product"}],"about":[{"href":"https:\/\/magnusvinum.ch\/de\/wp-json\/wp\/v2\/types\/product"}],"wp:featuredmedia":[{"embeddable":true,"href":"https:\/\/magnusvinum.ch\/de\/wp-json\/wp\/v2\/media\/20140"}],"wp:attachment":[{"href":"https:\/\/magnusvinum.ch\/de\/wp-json\/wp\/v2\/media?parent=11172"}],"wp:term":[{"taxonomy":"product_brand","embeddable":true,"href":"https:\/\/magnusvinum.ch\/de\/wp-json\/wp\/v2\/product_brand?post=11172"},{"taxonomy":"product_cat","embeddable":true,"href":"https:\/\/magnusvinum.ch\/de\/wp-json\/wp\/v2\/product_cat?post=11172"},{"taxonomy":"product_tag","embeddable":true,"href":"https:\/\/magnusvinum.ch\/de\/wp-json\/wp\/v2\/product_tag?post=11172"}],"curies":[{"name":"wp","href":"https:\/\/api.w.org\/{rel}","templated":true}]}}