{"id":11169,"date":"2019-10-29T13:03:38","date_gmt":"2019-10-29T11:35:04","guid":{"rendered":"https:\/\/magnusvinum.ch\/shop\/unkategorisiert\/volnay-vieilles-vignes-aoc\/"},"modified":"2025-03-05T22:11:49","modified_gmt":"2025-03-05T20:11:49","slug":"volnay-vieilles-vignes-aoc","status":"publish","type":"product","link":"https:\/\/magnusvinum.ch\/de\/shop\/rotweine\/volnay-vieilles-vignes-aoc\/","title":{"rendered":"Volnay &#8222;Vieilles Vignes&#8220; AOC"},"content":{"rendered":"<p><strong>Degustationsnotiz:<\/strong> Von 8 Parzellen rund um das Dorf, das \u00e4lteste aus dem Jahr 1930, mit einer Gesamtfl\u00e4che von fast 2 Hektar. Die Nase wird dominiert von roten Pflaumen, Kirschen, Veilchen und Kakaopulver. Der Geschmack ist seidig mit echter altert\u00fcmlicher Tiefe und Komplexit\u00e4t. Trinken Sie 2020-2030. <strong>Passt gut zu:<\/strong> Ideal zu Brath\u00e4hnchen-, Schweine-, Kalbs- oder Pilzgerichten.<\/p>\n","protected":false},"excerpt":{"rendered":"<p>Degustationsnotiz: Von 8 Parzellen rund um das Dorf, das \u00e4lteste aus dem Jahr 1930, mit einer Gesamtfl\u00e4che von fast 2 Hektar. Die Nase wird dominiert von roten Pflaumen, Kirschen, Veilchen und Kakaopulver. Der Geschmack ist seidig mit echter altert\u00fcmlicher Tiefe und Komplexit\u00e4t. Trinken Sie 2020-2030. Passt gut zu: Ideal zu Brath\u00e4hnchen-, Schweine-, Kalbs- oder Pilzgerichten.<\/p>\n","protected":false},"featured_media":20134,"template":"","meta":{"_genesis_hide_title":false,"_genesis_hide_breadcrumbs":false,"_genesis_hide_singular_image":false,"_genesis_hide_footer_widgets":false,"_genesis_custom_body_class":"","_genesis_custom_post_class":"","_genesis_layout":""},"product_brand":[806],"product_cat":[150],"product_tag":[183],"class_list":{"0":"post-11169","1":"product","2":"type-product","3":"status-publish","4":"has-post-thumbnail","6":"product_brand-joseph-voillot","7":"product_cat-rotweine","8":"product_tag-2017-de","9":"pa_appellation-volnay-de","10":"pa_bottle-size-750ml-de","11":"pa_grape-variety-pinot-noir-de","12":"pa_producer-domaine-joseph-voillot-de","13":"pa_region-cote-de-beaune-de","14":"pa_vintage-2017-de","15":"entry","17":"first","18":"instock","19":"taxable","20":"shipping-taxable","21":"purchasable","22":"product-type-simple"},"wooqr_code":"","_links":{"self":[{"href":"https:\/\/magnusvinum.ch\/de\/wp-json\/wp\/v2\/product\/11169","targetHints":{"allow":["GET"]}}],"collection":[{"href":"https:\/\/magnusvinum.ch\/de\/wp-json\/wp\/v2\/product"}],"about":[{"href":"https:\/\/magnusvinum.ch\/de\/wp-json\/wp\/v2\/types\/product"}],"wp:featuredmedia":[{"embeddable":true,"href":"https:\/\/magnusvinum.ch\/de\/wp-json\/wp\/v2\/media\/20134"}],"wp:attachment":[{"href":"https:\/\/magnusvinum.ch\/de\/wp-json\/wp\/v2\/media?parent=11169"}],"wp:term":[{"taxonomy":"product_brand","embeddable":true,"href":"https:\/\/magnusvinum.ch\/de\/wp-json\/wp\/v2\/product_brand?post=11169"},{"taxonomy":"product_cat","embeddable":true,"href":"https:\/\/magnusvinum.ch\/de\/wp-json\/wp\/v2\/product_cat?post=11169"},{"taxonomy":"product_tag","embeddable":true,"href":"https:\/\/magnusvinum.ch\/de\/wp-json\/wp\/v2\/product_tag?post=11169"}],"curies":[{"name":"wp","href":"https:\/\/api.w.org\/{rel}","templated":true}]}}