{"id":11168,"date":"2019-10-29T13:03:38","date_gmt":"2019-10-29T11:35:04","guid":{"rendered":"https:\/\/magnusvinum.ch\/shop\/unkategorisiert\/pommard-1er-cru-les-rugiens-aoc\/"},"modified":"2022-10-04T11:02:33","modified_gmt":"2022-10-04T09:02:33","slug":"pommard-1er-cru-les-rugiens-aoc","status":"publish","type":"product","link":"https:\/\/magnusvinum.ch\/de\/shop\/rotweine\/pommard-1er-cru-les-rugiens-aoc\/","title":{"rendered":"Pommard 1er Cru Les Rugiens AOC"},"content":{"rendered":"<p><strong>Degustationsnotiz:<\/strong> Von einer Parzelle, die 1959 vollst\u00e4ndig im unteren Teil von Rugiens-Bas angelegt wurde und derzeit f\u00fcr den Grand Cru-Status in Betracht gezogen wird. Die Nase ist sehr komplex nach Blutorange, aufgew\u00fchlter Erde, Holzrauch, Kirsche, Himbeere und Gew\u00fcrzen. Am Gaumen dicht und kr\u00e4ftig, zudem auch sehr elegant. Die Tannine sind reif und treiben den langen Abgang voran. Trinken Sie 2027-2065. <strong>Passt gut zu:<\/strong> Gegrillte Entrecote oder Lammgerichte mit Pilzsauce passen perfekt dazu.<\/p>\n","protected":false},"excerpt":{"rendered":"<p>Degustationsnotiz: Von einer Parzelle, die 1959 vollst\u00e4ndig im unteren Teil von Rugiens-Bas angelegt wurde und derzeit f\u00fcr den Grand Cru-Status in Betracht gezogen wird. Die Nase ist sehr komplex nach Blutorange, aufgew\u00fchlter Erde, Holzrauch, Kirsche, Himbeere und Gew\u00fcrzen. Am Gaumen dicht und kr\u00e4ftig, zudem auch sehr elegant. Die Tannine sind reif und treiben den langen &#8230; <a href=\"https:\/\/magnusvinum.ch\/de\/shop\/rotweine\/pommard-1er-cru-les-rugiens-aoc\/\" class=\"more-link\">Read More <span class=\"screen-reader-text\">about  Pommard 1er Cru Les Rugiens AOC<\/span><\/a><\/p>\n","protected":false},"featured_media":20150,"template":"","meta":{"_genesis_hide_title":false,"_genesis_hide_breadcrumbs":false,"_genesis_hide_singular_image":false,"_genesis_hide_footer_widgets":false,"_genesis_custom_body_class":"","_genesis_custom_post_class":"","_genesis_layout":""},"product_brand":[806],"product_cat":[150],"product_tag":[183],"class_list":{"0":"post-11168","1":"product","2":"type-product","3":"status-publish","4":"has-post-thumbnail","6":"product_brand-joseph-voillot","7":"product_cat-rotweine","8":"product_tag-2017-de","9":"pa_appellation-pommard-1er-cru-de","10":"pa_bottle-size-750ml-de","11":"pa_grape-variety-pinot-noir-de","12":"pa_producer-domaine-joseph-voillot-de","13":"pa_region-cote-de-beaune-de","14":"pa_vintage-2017-de","15":"entry","17":"first","18":"outofstock","19":"taxable","20":"shipping-taxable","21":"purchasable","22":"product-type-simple"},"wooqr_code":"","_links":{"self":[{"href":"https:\/\/magnusvinum.ch\/de\/wp-json\/wp\/v2\/product\/11168","targetHints":{"allow":["GET"]}}],"collection":[{"href":"https:\/\/magnusvinum.ch\/de\/wp-json\/wp\/v2\/product"}],"about":[{"href":"https:\/\/magnusvinum.ch\/de\/wp-json\/wp\/v2\/types\/product"}],"wp:featuredmedia":[{"embeddable":true,"href":"https:\/\/magnusvinum.ch\/de\/wp-json\/wp\/v2\/media\/20150"}],"wp:attachment":[{"href":"https:\/\/magnusvinum.ch\/de\/wp-json\/wp\/v2\/media?parent=11168"}],"wp:term":[{"taxonomy":"product_brand","embeddable":true,"href":"https:\/\/magnusvinum.ch\/de\/wp-json\/wp\/v2\/product_brand?post=11168"},{"taxonomy":"product_cat","embeddable":true,"href":"https:\/\/magnusvinum.ch\/de\/wp-json\/wp\/v2\/product_cat?post=11168"},{"taxonomy":"product_tag","embeddable":true,"href":"https:\/\/magnusvinum.ch\/de\/wp-json\/wp\/v2\/product_tag?post=11168"}],"curies":[{"name":"wp","href":"https:\/\/api.w.org\/{rel}","templated":true}]}}