{"id":11165,"date":"2019-10-29T13:03:38","date_gmt":"2019-10-29T11:03:38","guid":{"rendered":"https:\/\/magnusvinum.ch\/shop\/unkategorisiert\/volnay-1er-cru-clos-des-chenes-aoc\/"},"modified":"2025-07-09T21:10:07","modified_gmt":"2025-07-09T19:10:07","slug":"volnay-1er-cru-clos-des-chenes-aoc","status":"publish","type":"product","link":"https:\/\/magnusvinum.ch\/de\/shop\/rotweine\/volnay-1er-cru-clos-des-chenes-aoc\/","title":{"rendered":"Volnay 1er Cru Clos des Ch\u00eanes AOC"},"content":{"rendered":"<p><strong>Degustationsnotiz:<\/strong> Typischer Clos des Ch\u00eanes mit einem riesigen Fruchtvolumen, das hervorragend in eine ausgepr\u00e4gte Mineralstruktur eingebettet ist. Aromen sind rote Fr\u00fcchte, mit Veilchen, Gew\u00fcrzen und steiniger Mineralit\u00e4t. Am Gaumen ist er dicht mit Fr\u00fcchten, kreidehaltigen Tanninen und fester Mineralit\u00e4t gef\u00fcllt. Sehr langes Finale. Trinken Sie 2023-2057. <strong>Passt gut zu:<\/strong> Ideal zu gebratenen Wildv\u00f6geln oder einfach gegrilltem Lamm mit Gem\u00fcse.<\/p>\n","protected":false},"excerpt":{"rendered":"<p>Degustationsnotiz: Typischer Clos des Ch\u00eanes mit einem riesigen Fruchtvolumen, das hervorragend in eine ausgepr\u00e4gte Mineralstruktur eingebettet ist. Aromen sind rote Fr\u00fcchte, mit Veilchen, Gew\u00fcrzen und steiniger Mineralit\u00e4t. Am Gaumen ist er dicht mit Fr\u00fcchten, kreidehaltigen Tanninen und fester Mineralit\u00e4t gef\u00fcllt. Sehr langes Finale. Trinken Sie 2023-2057. Passt gut zu: Ideal zu gebratenen Wildv\u00f6geln oder einfach &#8230; <a href=\"https:\/\/magnusvinum.ch\/de\/shop\/rotweine\/volnay-1er-cru-clos-des-chenes-aoc\/\" class=\"more-link\">Read More <span class=\"screen-reader-text\">about  Volnay 1er Cru Clos des Ch\u00eanes AOC<\/span><\/a><\/p>\n","protected":false},"featured_media":20166,"template":"","meta":{"_genesis_hide_title":false,"_genesis_hide_breadcrumbs":false,"_genesis_hide_singular_image":false,"_genesis_hide_footer_widgets":false,"_genesis_custom_body_class":"","_genesis_custom_post_class":"","_genesis_layout":""},"product_brand":[797],"product_cat":[150],"product_tag":[183],"class_list":{"0":"post-11165","1":"product","2":"type-product","3":"status-publish","4":"has-post-thumbnail","6":"product_brand-henri-delagrange","7":"product_cat-rotweine","8":"product_tag-2017-de","9":"pa_appellation-volnay-1er-cru-de","10":"pa_bottle-size-750ml-de","11":"pa_grape-variety-pinot-noir-de","12":"pa_producer-domaine-henri-delagrange-de","13":"pa_region-cote-de-beaune-de","14":"pa_vintage-2017-de","15":"entry","17":"first","18":"instock","19":"taxable","20":"shipping-taxable","21":"purchasable","22":"product-type-simple"},"wooqr_code":"","_links":{"self":[{"href":"https:\/\/magnusvinum.ch\/de\/wp-json\/wp\/v2\/product\/11165","targetHints":{"allow":["GET"]}}],"collection":[{"href":"https:\/\/magnusvinum.ch\/de\/wp-json\/wp\/v2\/product"}],"about":[{"href":"https:\/\/magnusvinum.ch\/de\/wp-json\/wp\/v2\/types\/product"}],"wp:featuredmedia":[{"embeddable":true,"href":"https:\/\/magnusvinum.ch\/de\/wp-json\/wp\/v2\/media\/20166"}],"wp:attachment":[{"href":"https:\/\/magnusvinum.ch\/de\/wp-json\/wp\/v2\/media?parent=11165"}],"wp:term":[{"taxonomy":"product_brand","embeddable":true,"href":"https:\/\/magnusvinum.ch\/de\/wp-json\/wp\/v2\/product_brand?post=11165"},{"taxonomy":"product_cat","embeddable":true,"href":"https:\/\/magnusvinum.ch\/de\/wp-json\/wp\/v2\/product_cat?post=11165"},{"taxonomy":"product_tag","embeddable":true,"href":"https:\/\/magnusvinum.ch\/de\/wp-json\/wp\/v2\/product_tag?post=11165"}],"curies":[{"name":"wp","href":"https:\/\/api.w.org\/{rel}","templated":true}]}}