{"id":11164,"date":"2019-10-29T13:03:38","date_gmt":"2019-10-29T11:03:38","guid":{"rendered":"https:\/\/magnusvinum.ch\/shop\/unkategorisiert\/volnay-1er-cru-champans-aoc\/"},"modified":"2025-03-05T16:43:43","modified_gmt":"2025-03-05T14:43:43","slug":"volnay-1er-cru-champans-aoc","status":"publish","type":"product","link":"https:\/\/magnusvinum.ch\/de\/shop\/rotweine\/volnay-1er-cru-champans-aoc\/","title":{"rendered":"Volnay 1er Cru Champans AOC"},"content":{"rendered":"<p><strong>Degustationsnotiz:<\/strong> Ein viel offenerer, fleischigerer Ausdruck eines Volnay. Sehr offene Nase mit roten und schwarzen Kirschen, schwarzen Himbeeren, Veilchen und feinen Gew\u00fcrzen. Am Gaumen ist er reich an fleischigen dunklen Fr\u00fcchten, Blumen und Gew\u00fcrzen. Trinken Sie 2020-2047. <strong>Passt gut zu:<\/strong> Ideal zu gebratenen Wildv\u00f6geln oder einfach gegrilltem Lamm mit Gem\u00fcse.<\/p>\n","protected":false},"excerpt":{"rendered":"<p>Degustationsnotiz: Ein viel offenerer, fleischigerer Ausdruck eines Volnay. Sehr offene Nase mit roten und schwarzen Kirschen, schwarzen Himbeeren, Veilchen und feinen Gew\u00fcrzen. Am Gaumen ist er reich an fleischigen dunklen Fr\u00fcchten, Blumen und Gew\u00fcrzen. Trinken Sie 2020-2047. Passt gut zu: Ideal zu gebratenen Wildv\u00f6geln oder einfach gegrilltem Lamm mit Gem\u00fcse.<\/p>\n","protected":false},"featured_media":22139,"template":"","meta":{"_genesis_hide_title":false,"_genesis_hide_breadcrumbs":false,"_genesis_hide_singular_image":false,"_genesis_hide_footer_widgets":false,"_genesis_custom_body_class":"","_genesis_custom_post_class":"","_genesis_layout":""},"product_brand":[797],"product_cat":[150],"product_tag":[183],"class_list":{"0":"post-11164","1":"product","2":"type-product","3":"status-publish","4":"has-post-thumbnail","6":"product_brand-henri-delagrange","7":"product_cat-rotweine","8":"product_tag-2017-de","9":"pa_appellation-volnay-1er-cru-de","10":"pa_bottle-size-750ml-de","11":"pa_grape-variety-pinot-noir-de","12":"pa_producer-domaine-henri-delagrange-de","13":"pa_region-cote-de-beaune-de","14":"pa_vintage-2017-de","15":"entry","17":"first","18":"instock","19":"sale","20":"taxable","21":"shipping-taxable","22":"purchasable","23":"product-type-simple"},"wooqr_code":"","_links":{"self":[{"href":"https:\/\/magnusvinum.ch\/de\/wp-json\/wp\/v2\/product\/11164","targetHints":{"allow":["GET"]}}],"collection":[{"href":"https:\/\/magnusvinum.ch\/de\/wp-json\/wp\/v2\/product"}],"about":[{"href":"https:\/\/magnusvinum.ch\/de\/wp-json\/wp\/v2\/types\/product"}],"wp:featuredmedia":[{"embeddable":true,"href":"https:\/\/magnusvinum.ch\/de\/wp-json\/wp\/v2\/media\/22139"}],"wp:attachment":[{"href":"https:\/\/magnusvinum.ch\/de\/wp-json\/wp\/v2\/media?parent=11164"}],"wp:term":[{"taxonomy":"product_brand","embeddable":true,"href":"https:\/\/magnusvinum.ch\/de\/wp-json\/wp\/v2\/product_brand?post=11164"},{"taxonomy":"product_cat","embeddable":true,"href":"https:\/\/magnusvinum.ch\/de\/wp-json\/wp\/v2\/product_cat?post=11164"},{"taxonomy":"product_tag","embeddable":true,"href":"https:\/\/magnusvinum.ch\/de\/wp-json\/wp\/v2\/product_tag?post=11164"}],"curies":[{"name":"wp","href":"https:\/\/api.w.org\/{rel}","templated":true}]}}