{"id":11163,"date":"2019-10-29T13:03:38","date_gmt":"2019-10-29T11:03:38","guid":{"rendered":"https:\/\/magnusvinum.ch\/shop\/unkategorisiert\/pommard-1er-cru-les-bertins-aoc\/"},"modified":"2025-04-20T18:05:49","modified_gmt":"2025-04-20T16:05:49","slug":"pommard-1er-cru-les-bertins-aoc","status":"publish","type":"product","link":"https:\/\/magnusvinum.ch\/de\/shop\/rotweine\/pommard-1er-cru-les-bertins-aoc\/","title":{"rendered":"Pommard 1er Cru Les Bertins AOC"},"content":{"rendered":"<p><strong>Degustationsnotiz:<\/strong> Klassische Pommard Aromatik mit frisch aufgew\u00fchlter Erde, dazu saftige rote Fr\u00fcchte und Gew\u00fcrze. Der Gaumen ist reich an Fr\u00fcchten mit strukturierten, kiesigen Tanninen, die Struktur und L\u00e4nge verleihen. Trinken Sie 2020-2042. <strong>Passt gut zu:<\/strong> Ideal zu gebratenen Wildv\u00f6geln oder einfach gegrilltem Lamm mit Gem\u00fcse.<\/p>\n","protected":false},"excerpt":{"rendered":"<p>Degustationsnotiz: Klassische Pommard Aromatik mit frisch aufgew\u00fchlter Erde, dazu saftige rote Fr\u00fcchte und Gew\u00fcrze. Der Gaumen ist reich an Fr\u00fcchten mit strukturierten, kiesigen Tanninen, die Struktur und L\u00e4nge verleihen. Trinken Sie 2020-2042. Passt gut zu: Ideal zu gebratenen Wildv\u00f6geln oder einfach gegrilltem Lamm mit Gem\u00fcse.<\/p>\n","protected":false},"featured_media":20164,"template":"","meta":{"_genesis_hide_title":false,"_genesis_hide_breadcrumbs":false,"_genesis_hide_singular_image":false,"_genesis_hide_footer_widgets":false,"_genesis_custom_body_class":"","_genesis_custom_post_class":"","_genesis_layout":""},"product_brand":[797],"product_cat":[150],"product_tag":[183],"class_list":{"0":"post-11163","1":"product","2":"type-product","3":"status-publish","4":"has-post-thumbnail","6":"product_brand-henri-delagrange","7":"product_cat-rotweine","8":"product_tag-2017-de","9":"pa_appellation-pommard-1er-cru-de","10":"pa_bottle-size-750ml-de","11":"pa_grape-variety-pinot-noir-de","12":"pa_producer-domaine-henri-delagrange-de","13":"pa_region-cote-de-beaune-de","14":"pa_vintage-2017-de","15":"entry","17":"first","18":"instock","19":"taxable","20":"shipping-taxable","21":"purchasable","22":"product-type-simple"},"wooqr_code":"","_links":{"self":[{"href":"https:\/\/magnusvinum.ch\/de\/wp-json\/wp\/v2\/product\/11163","targetHints":{"allow":["GET"]}}],"collection":[{"href":"https:\/\/magnusvinum.ch\/de\/wp-json\/wp\/v2\/product"}],"about":[{"href":"https:\/\/magnusvinum.ch\/de\/wp-json\/wp\/v2\/types\/product"}],"wp:featuredmedia":[{"embeddable":true,"href":"https:\/\/magnusvinum.ch\/de\/wp-json\/wp\/v2\/media\/20164"}],"wp:attachment":[{"href":"https:\/\/magnusvinum.ch\/de\/wp-json\/wp\/v2\/media?parent=11163"}],"wp:term":[{"taxonomy":"product_brand","embeddable":true,"href":"https:\/\/magnusvinum.ch\/de\/wp-json\/wp\/v2\/product_brand?post=11163"},{"taxonomy":"product_cat","embeddable":true,"href":"https:\/\/magnusvinum.ch\/de\/wp-json\/wp\/v2\/product_cat?post=11163"},{"taxonomy":"product_tag","embeddable":true,"href":"https:\/\/magnusvinum.ch\/de\/wp-json\/wp\/v2\/product_tag?post=11163"}],"curies":[{"name":"wp","href":"https:\/\/api.w.org\/{rel}","templated":true}]}}