{"id":11158,"date":"2019-10-29T13:03:38","date_gmt":"2019-10-29T11:35:04","guid":{"rendered":"https:\/\/magnusvinum.ch\/shop\/unkategorisiert\/chambolle-musigny-1er-cru-aoc-3\/"},"modified":"2024-12-15T16:38:09","modified_gmt":"2024-12-15T14:38:09","slug":"chambolle-musigny-1er-cru-aoc-3","status":"publish","type":"product","link":"https:\/\/magnusvinum.ch\/de\/shop\/rotweine\/chambolle-musigny-1er-cru-aoc-3\/","title":{"rendered":"Chambolle-Musigny 1er Cru AOC"},"content":{"rendered":"<p><strong>Degustationsnotiz:<\/strong> Ein Cuv\u00e9e aus kleinen Parzellen in Baudes, Grosilles, Gruenchers &#038; Noirots, dieser 1er Cru bietet eine Steigerung der Konzentration und Verfeinerung des Village. Rote Fr\u00fcchte und Bl\u00fcten f\u00fchren zu einem seidigen und fleischigen Gaumen. Idealerweise nach 5 Jahren ab der Ernte trinken. <strong>Passt gut zu:<\/strong> Einfach gegrilltes Berglamm oder Steinpilze passen perfekt zu diesem eleganten Pinot Noir.<\/p>\n","protected":false},"excerpt":{"rendered":"<p>Degustationsnotiz: Ein Cuv\u00e9e aus kleinen Parzellen in Baudes, Grosilles, Gruenchers &#038; Noirots, dieser 1er Cru bietet eine Steigerung der Konzentration und Verfeinerung des Village. Rote Fr\u00fcchte und Bl\u00fcten f\u00fchren zu einem seidigen und fleischigen Gaumen. Idealerweise nach 5 Jahren ab der Ernte trinken. Passt gut zu: Einfach gegrilltes Berglamm oder Steinpilze passen perfekt zu diesem &#8230; <a href=\"https:\/\/magnusvinum.ch\/de\/shop\/rotweine\/chambolle-musigny-1er-cru-aoc-3\/\" class=\"more-link\">Read More <span class=\"screen-reader-text\">about  Chambolle-Musigny 1er Cru AOC<\/span><\/a><\/p>\n","protected":false},"featured_media":20156,"template":"","meta":{"_genesis_hide_title":false,"_genesis_hide_breadcrumbs":false,"_genesis_hide_singular_image":false,"_genesis_hide_footer_widgets":false,"_genesis_custom_body_class":"","_genesis_custom_post_class":"","_genesis_layout":""},"product_brand":[],"product_cat":[150],"product_tag":[183],"class_list":{"0":"post-11158","1":"product","2":"type-product","3":"status-publish","4":"has-post-thumbnail","6":"product_cat-rotweine","7":"product_tag-2017-de","8":"pa_appellation-chambolle-musigny-1er-cru-de","9":"pa_bottle-size-750ml-de","10":"pa_grape-variety-pinot-noir-de","11":"pa_producer-domaine-francois-bertheau-de","12":"pa_region-cote-de-nuits-de","13":"pa_vintage-2017-de","14":"entry","16":"first","17":"outofstock","18":"taxable","19":"shipping-taxable","20":"purchasable","21":"product-type-simple"},"wooqr_code":"","_links":{"self":[{"href":"https:\/\/magnusvinum.ch\/de\/wp-json\/wp\/v2\/product\/11158","targetHints":{"allow":["GET"]}}],"collection":[{"href":"https:\/\/magnusvinum.ch\/de\/wp-json\/wp\/v2\/product"}],"about":[{"href":"https:\/\/magnusvinum.ch\/de\/wp-json\/wp\/v2\/types\/product"}],"wp:featuredmedia":[{"embeddable":true,"href":"https:\/\/magnusvinum.ch\/de\/wp-json\/wp\/v2\/media\/20156"}],"wp:attachment":[{"href":"https:\/\/magnusvinum.ch\/de\/wp-json\/wp\/v2\/media?parent=11158"}],"wp:term":[{"taxonomy":"product_brand","embeddable":true,"href":"https:\/\/magnusvinum.ch\/de\/wp-json\/wp\/v2\/product_brand?post=11158"},{"taxonomy":"product_cat","embeddable":true,"href":"https:\/\/magnusvinum.ch\/de\/wp-json\/wp\/v2\/product_cat?post=11158"},{"taxonomy":"product_tag","embeddable":true,"href":"https:\/\/magnusvinum.ch\/de\/wp-json\/wp\/v2\/product_tag?post=11158"}],"curies":[{"name":"wp","href":"https:\/\/api.w.org\/{rel}","templated":true}]}}