{"id":11157,"date":"2019-10-29T13:03:23","date_gmt":"2019-10-29T11:34:44","guid":{"rendered":"https:\/\/magnusvinum.ch\/shop\/unkategorisiert\/bonnes-mares-grand-cru-aoc\/"},"modified":"2020-02-13T15:07:39","modified_gmt":"2020-02-13T13:07:39","slug":"bonnes-mares-grand-cru-aoc","status":"publish","type":"product","link":"https:\/\/magnusvinum.ch\/de\/shop\/rotweine\/bonnes-mares-grand-cru-aoc\/","title":{"rendered":"Bonnes-Mares Grand Cru AOC"},"content":{"rendered":"<p><strong>Degustationsnotiz:<\/strong> Bonnes-Mares chez Bertheau ist immer der muskul\u00f6seste Wein im Keller, aber es fehlt nie die Eleganz des Hausstils. Veilchen, rote Kirschen, sogar ein Hauch von schwarzen Fr\u00fcchten wehen aus dem Glas, zusammen mit einer steinigen mineralischen Note und sanften Gew\u00fcrzen. Der Gaumen ist reichhaltig und tief mit allem, was f\u00fcr eine lange Entwicklung in der Flasche notwendig ist. Nicht ber\u00fchren f\u00fcr mindestens 5 Jahre, obwohl es besser ist, 10 zu warten! <strong>Passt gut zu:<\/strong> Passt zu den besten Berglammkoteletts, die \u00fcber Holzkohle gegrillt werden.<\/p>\n","protected":false},"excerpt":{"rendered":"<p>Degustationsnotiz: Bonnes-Mares chez Bertheau ist immer der muskul\u00f6seste Wein im Keller, aber es fehlt nie die Eleganz des Hausstils. Veilchen, rote Kirschen, sogar ein Hauch von schwarzen Fr\u00fcchten wehen aus dem Glas, zusammen mit einer steinigen mineralischen Note und sanften Gew\u00fcrzen. Der Gaumen ist reichhaltig und tief mit allem, was f\u00fcr eine lange Entwicklung in &#8230; <a href=\"https:\/\/magnusvinum.ch\/de\/shop\/rotweine\/bonnes-mares-grand-cru-aoc\/\" class=\"more-link\">Read More <span class=\"screen-reader-text\">about  Bonnes-Mares Grand Cru AOC<\/span><\/a><\/p>\n","protected":false},"featured_media":20201,"template":"","meta":{"_genesis_hide_title":false,"_genesis_hide_breadcrumbs":false,"_genesis_hide_singular_image":false,"_genesis_hide_footer_widgets":false,"_genesis_custom_body_class":"","_genesis_custom_post_class":"","_genesis_layout":""},"product_brand":[],"product_cat":[150],"product_tag":[183],"class_list":{"0":"post-11157","1":"product","2":"type-product","3":"status-publish","4":"has-post-thumbnail","6":"product_cat-rotweine","7":"product_tag-2017-de","8":"pa_appellation-bonnes-mares-de","9":"pa_bottle-size-750ml-de","10":"pa_grape-variety-pinot-noir-de","11":"pa_producer-domaine-francois-bertheau-de","12":"pa_region-cote-de-nuits-de","13":"pa_vintage-2017-de","14":"entry","16":"first","17":"instock","18":"taxable","19":"shipping-taxable","20":"purchasable","21":"product-type-simple"},"wooqr_code":"","_links":{"self":[{"href":"https:\/\/magnusvinum.ch\/de\/wp-json\/wp\/v2\/product\/11157","targetHints":{"allow":["GET"]}}],"collection":[{"href":"https:\/\/magnusvinum.ch\/de\/wp-json\/wp\/v2\/product"}],"about":[{"href":"https:\/\/magnusvinum.ch\/de\/wp-json\/wp\/v2\/types\/product"}],"wp:featuredmedia":[{"embeddable":true,"href":"https:\/\/magnusvinum.ch\/de\/wp-json\/wp\/v2\/media\/20201"}],"wp:attachment":[{"href":"https:\/\/magnusvinum.ch\/de\/wp-json\/wp\/v2\/media?parent=11157"}],"wp:term":[{"taxonomy":"product_brand","embeddable":true,"href":"https:\/\/magnusvinum.ch\/de\/wp-json\/wp\/v2\/product_brand?post=11157"},{"taxonomy":"product_cat","embeddable":true,"href":"https:\/\/magnusvinum.ch\/de\/wp-json\/wp\/v2\/product_cat?post=11157"},{"taxonomy":"product_tag","embeddable":true,"href":"https:\/\/magnusvinum.ch\/de\/wp-json\/wp\/v2\/product_tag?post=11157"}],"curies":[{"name":"wp","href":"https:\/\/api.w.org\/{rel}","templated":true}]}}