{"id":11152,"date":"2019-10-29T13:03:23","date_gmt":"2019-10-29T11:34:44","guid":{"rendered":"https:\/\/magnusvinum.ch\/shop\/unkategorisiert\/chassagne-montrachet-1er-cru-vide-bourse-aoc-2\/"},"modified":"2020-04-20T13:52:09","modified_gmt":"2020-04-20T11:52:09","slug":"chassagne-montrachet-1er-cru-vide-bourse-aoc-2","status":"publish","type":"product","link":"https:\/\/magnusvinum.ch\/de\/shop\/weissweine\/chassagne-montrachet-1er-cru-vide-bourse-aoc-2\/","title":{"rendered":"Chassagne-Montrachet 1er Cru Vide Bourse AOC"},"content":{"rendered":"<p><strong>Degustationsnotiz:<\/strong> Nur wenige Meter vom Grand Cru &#8218;B\u00e2tard-Montrachet&#8216; entfernt, vereint der &#8218;Vide-Bourse&#8216; Kraft und Eleganz in einer Weise, die dem ber\u00fchmten Nachbarn sehr \u00e4hnelt. Zitrusfr\u00fcchte, Birne und feinnussige Eiche f\u00fchren zu einem pr\u00e4zisen, langen Finish. Wird sich in den n\u00e4chstee 4-10 Jahren noch weiter verbessern. <strong>Passt gut zu:<\/strong> Es ist eine Schande, diesen Wein jung zu trinken. Versuchen Sie es nach 3-4 Jahren mit Hummer oder nach 6-7 Jahren mit Foie Gras.<\/p>\n","protected":false},"excerpt":{"rendered":"<p>Degustationsnotiz: Nur wenige Meter vom Grand Cru &#8218;B\u00e2tard-Montrachet&#8216; entfernt, vereint der &#8218;Vide-Bourse&#8216; Kraft und Eleganz in einer Weise, die dem ber\u00fchmten Nachbarn sehr \u00e4hnelt. Zitrusfr\u00fcchte, Birne und feinnussige Eiche f\u00fchren zu einem pr\u00e4zisen, langen Finish. Wird sich in den n\u00e4chstee 4-10 Jahren noch weiter verbessern. Passt gut zu: Es ist eine Schande, diesen Wein jung &#8230; <a href=\"https:\/\/magnusvinum.ch\/de\/shop\/weissweine\/chassagne-montrachet-1er-cru-vide-bourse-aoc-2\/\" class=\"more-link\">Read More <span class=\"screen-reader-text\">about  Chassagne-Montrachet 1er Cru Vide Bourse AOC<\/span><\/a><\/p>\n","protected":false},"featured_media":20203,"template":"","meta":{"_genesis_hide_title":false,"_genesis_hide_breadcrumbs":false,"_genesis_hide_singular_image":false,"_genesis_hide_footer_widgets":false,"_genesis_custom_body_class":"","_genesis_custom_post_class":"","_genesis_layout":""},"product_brand":[],"product_cat":[126],"product_tag":[183],"class_list":{"0":"post-11152","1":"product","2":"type-product","3":"status-publish","4":"has-post-thumbnail","6":"product_cat-weissweine","7":"product_tag-2017-de","8":"pa_appellation-chassagne-montrachet-1er-cru-de","9":"pa_bottle-size-750ml-de","10":"pa_grape-variety-chardonnay-de","11":"pa_producer-domaine-fernand-laurent-pillot-de","12":"pa_region-cote-de-beaune-de","13":"pa_vintage-2017-de","14":"entry","16":"first","17":"outofstock","18":"taxable","19":"shipping-taxable","20":"purchasable","21":"product-type-simple"},"wooqr_code":"","_links":{"self":[{"href":"https:\/\/magnusvinum.ch\/de\/wp-json\/wp\/v2\/product\/11152","targetHints":{"allow":["GET"]}}],"collection":[{"href":"https:\/\/magnusvinum.ch\/de\/wp-json\/wp\/v2\/product"}],"about":[{"href":"https:\/\/magnusvinum.ch\/de\/wp-json\/wp\/v2\/types\/product"}],"wp:featuredmedia":[{"embeddable":true,"href":"https:\/\/magnusvinum.ch\/de\/wp-json\/wp\/v2\/media\/20203"}],"wp:attachment":[{"href":"https:\/\/magnusvinum.ch\/de\/wp-json\/wp\/v2\/media?parent=11152"}],"wp:term":[{"taxonomy":"product_brand","embeddable":true,"href":"https:\/\/magnusvinum.ch\/de\/wp-json\/wp\/v2\/product_brand?post=11152"},{"taxonomy":"product_cat","embeddable":true,"href":"https:\/\/magnusvinum.ch\/de\/wp-json\/wp\/v2\/product_cat?post=11152"},{"taxonomy":"product_tag","embeddable":true,"href":"https:\/\/magnusvinum.ch\/de\/wp-json\/wp\/v2\/product_tag?post=11152"}],"curies":[{"name":"wp","href":"https:\/\/api.w.org\/{rel}","templated":true}]}}