{"id":11151,"date":"2019-10-29T13:03:23","date_gmt":"2019-10-29T11:34:44","guid":{"rendered":"https:\/\/magnusvinum.ch\/shop\/unkategorisiert\/chassagne-montrachet-1er-cru-les-vergers-aoc-2\/"},"modified":"2024-03-02T22:04:52","modified_gmt":"2024-03-02T20:04:52","slug":"chassagne-montrachet-1er-cru-les-vergers-aoc-2","status":"publish","type":"product","link":"https:\/\/magnusvinum.ch\/de\/shop\/weissweine\/chassagne-montrachet-1er-cru-les-vergers-aoc-2\/","title":{"rendered":"Chassagne-Montrachet 1er Cru Les Vergers AOC"},"content":{"rendered":"<p><strong>Degustationsnotiz:<\/strong> Komplexe Aromen von Zitrusfr\u00fcchten und weissen Bl\u00fcten mit unterlegter Mineralit\u00e4t. Der Gaumen ist geradlinig und pr\u00e4zise und nimmt mit zunehmendem Alter zu. Ein Wein mit grossem Potenzial, der 4-10 Jahre lang gelagert werden kann. <strong>Passt gut zu:<\/strong> Mit etwas Reife passt die&#8217;Les Vergers&#8216; zu perfekter Fischgerichte.<\/p>\n","protected":false},"excerpt":{"rendered":"<p>Degustationsnotiz: Komplexe Aromen von Zitrusfr\u00fcchten und weissen Bl\u00fcten mit unterlegter Mineralit\u00e4t. Der Gaumen ist geradlinig und pr\u00e4zise und nimmt mit zunehmendem Alter zu. Ein Wein mit grossem Potenzial, der 4-10 Jahre lang gelagert werden kann. Passt gut zu: Mit etwas Reife passt die&#8217;Les Vergers&#8216; zu perfekter Fischgerichte.<\/p>\n","protected":false},"featured_media":20177,"template":"","meta":{"_genesis_hide_title":false,"_genesis_hide_breadcrumbs":false,"_genesis_hide_singular_image":false,"_genesis_hide_footer_widgets":false,"_genesis_custom_body_class":"","_genesis_custom_post_class":"","_genesis_layout":""},"product_brand":[],"product_cat":[126],"product_tag":[183],"class_list":{"0":"post-11151","1":"product","2":"type-product","3":"status-publish","4":"has-post-thumbnail","6":"product_cat-weissweine","7":"product_tag-2017-de","8":"pa_appellation-chassagne-montrachet-1er-cru-de","9":"pa_bottle-size-750ml-de","10":"pa_grape-variety-chardonnay-de","11":"pa_producer-domaine-fernand-laurent-pillot-de","12":"pa_region-cote-de-beaune-de","13":"pa_vintage-2017-de","14":"entry","16":"first","17":"outofstock","18":"taxable","19":"shipping-taxable","20":"purchasable","21":"product-type-simple"},"wooqr_code":"","_links":{"self":[{"href":"https:\/\/magnusvinum.ch\/de\/wp-json\/wp\/v2\/product\/11151","targetHints":{"allow":["GET"]}}],"collection":[{"href":"https:\/\/magnusvinum.ch\/de\/wp-json\/wp\/v2\/product"}],"about":[{"href":"https:\/\/magnusvinum.ch\/de\/wp-json\/wp\/v2\/types\/product"}],"wp:featuredmedia":[{"embeddable":true,"href":"https:\/\/magnusvinum.ch\/de\/wp-json\/wp\/v2\/media\/20177"}],"wp:attachment":[{"href":"https:\/\/magnusvinum.ch\/de\/wp-json\/wp\/v2\/media?parent=11151"}],"wp:term":[{"taxonomy":"product_brand","embeddable":true,"href":"https:\/\/magnusvinum.ch\/de\/wp-json\/wp\/v2\/product_brand?post=11151"},{"taxonomy":"product_cat","embeddable":true,"href":"https:\/\/magnusvinum.ch\/de\/wp-json\/wp\/v2\/product_cat?post=11151"},{"taxonomy":"product_tag","embeddable":true,"href":"https:\/\/magnusvinum.ch\/de\/wp-json\/wp\/v2\/product_tag?post=11151"}],"curies":[{"name":"wp","href":"https:\/\/api.w.org\/{rel}","templated":true}]}}