{"id":11149,"date":"2019-10-29T13:03:23","date_gmt":"2019-10-29T11:34:44","guid":{"rendered":"https:\/\/magnusvinum.ch\/shop\/unkategorisiert\/chassagne-montrachet-1er-cru-grandes-ruchottes-aoc-2\/"},"modified":"2023-01-27T15:37:41","modified_gmt":"2023-01-27T13:37:41","slug":"chassagne-montrachet-1er-cru-grandes-ruchottes-aoc-2","status":"publish","type":"product","link":"https:\/\/magnusvinum.ch\/de\/shop\/weissweine\/chassagne-montrachet-1er-cru-grandes-ruchottes-aoc-2\/","title":{"rendered":"Chassagne-Montrachet 1er Cru Grandes Ruchottes AOC"},"content":{"rendered":"<p><strong>Degustationsnotiz:<\/strong> Der gr\u00f6sste aller Chassagne-Montrachet 1er Crus, der &#8218;Grandes Ruchottes&#8216;, bietet edle Aromen von Blumen, Trockenfr\u00fcchten und Honig. Mit einem Anspruch von mindestens 4-5 Jahren erreicht er langsam seinen H\u00f6hepunkt im Alter von etwa 10-12 Jahren, wo er die Eleganz dieses grossartigen Ortes perfekt zum Ausdruck bringt. <strong>Passt gut zu:<\/strong> Wie die &#8218;Vide-Bourse&#8216; passt dieser Wein perfekt zu Hummer oder Langoustine &#8211; trinken Sie ihn nur nicht zu jung.<\/p>\n","protected":false},"excerpt":{"rendered":"<p>Degustationsnotiz: Der gr\u00f6sste aller Chassagne-Montrachet 1er Crus, der &#8218;Grandes Ruchottes&#8216;, bietet edle Aromen von Blumen, Trockenfr\u00fcchten und Honig. Mit einem Anspruch von mindestens 4-5 Jahren erreicht er langsam seinen H\u00f6hepunkt im Alter von etwa 10-12 Jahren, wo er die Eleganz dieses grossartigen Ortes perfekt zum Ausdruck bringt. Passt gut zu: Wie die &#8218;Vide-Bourse&#8216; passt dieser &#8230; <a href=\"https:\/\/magnusvinum.ch\/de\/shop\/weissweine\/chassagne-montrachet-1er-cru-grandes-ruchottes-aoc-2\/\" class=\"more-link\">Read More <span class=\"screen-reader-text\">about  Chassagne-Montrachet 1er Cru Grandes Ruchottes AOC<\/span><\/a><\/p>\n","protected":false},"featured_media":20173,"template":"","meta":{"_genesis_hide_title":false,"_genesis_hide_breadcrumbs":false,"_genesis_hide_singular_image":false,"_genesis_hide_footer_widgets":false,"_genesis_custom_body_class":"","_genesis_custom_post_class":"","_genesis_layout":""},"product_brand":[],"product_cat":[126],"product_tag":[183],"class_list":{"0":"post-11149","1":"product","2":"type-product","3":"status-publish","4":"has-post-thumbnail","6":"product_cat-weissweine","7":"product_tag-2017-de","8":"pa_appellation-chassagne-montrachet-1er-cru-de","9":"pa_bottle-size-750ml-de","10":"pa_grape-variety-chardonnay-de","11":"pa_producer-domaine-fernand-laurent-pillot-de","12":"pa_region-cote-de-beaune-de","13":"pa_vintage-2017-de","14":"entry","16":"first","17":"outofstock","18":"taxable","19":"shipping-taxable","20":"purchasable","21":"product-type-simple"},"wooqr_code":"","_links":{"self":[{"href":"https:\/\/magnusvinum.ch\/de\/wp-json\/wp\/v2\/product\/11149","targetHints":{"allow":["GET"]}}],"collection":[{"href":"https:\/\/magnusvinum.ch\/de\/wp-json\/wp\/v2\/product"}],"about":[{"href":"https:\/\/magnusvinum.ch\/de\/wp-json\/wp\/v2\/types\/product"}],"wp:featuredmedia":[{"embeddable":true,"href":"https:\/\/magnusvinum.ch\/de\/wp-json\/wp\/v2\/media\/20173"}],"wp:attachment":[{"href":"https:\/\/magnusvinum.ch\/de\/wp-json\/wp\/v2\/media?parent=11149"}],"wp:term":[{"taxonomy":"product_brand","embeddable":true,"href":"https:\/\/magnusvinum.ch\/de\/wp-json\/wp\/v2\/product_brand?post=11149"},{"taxonomy":"product_cat","embeddable":true,"href":"https:\/\/magnusvinum.ch\/de\/wp-json\/wp\/v2\/product_cat?post=11149"},{"taxonomy":"product_tag","embeddable":true,"href":"https:\/\/magnusvinum.ch\/de\/wp-json\/wp\/v2\/product_tag?post=11149"}],"curies":[{"name":"wp","href":"https:\/\/api.w.org\/{rel}","templated":true}]}}