{"id":11147,"date":"2019-10-29T13:03:23","date_gmt":"2019-10-29T11:03:23","guid":{"rendered":"https:\/\/magnusvinum.ch\/shop\/unkategorisiert\/pernand-vergelesses-1er-cru-sous-fretille-aoc\/"},"modified":"2025-03-04T18:50:01","modified_gmt":"2025-03-04T16:50:01","slug":"pernand-vergelesses-1er-cru-sous-fretille-aoc","status":"publish","type":"product","link":"https:\/\/magnusvinum.ch\/de\/shop\/weissweine\/pernand-vergelesses-1er-cru-sous-fretille-aoc\/","title":{"rendered":"Pernand-Vergelesses 1er Cru Sous Fr\u00e9tille AOC"},"content":{"rendered":"<p><strong>Degustationsnotiz:<\/strong> Dieser Baby Corton-Charlemagne stammt aus einem meiner Lieblings-Insider-Terroirs im Burgund. Die Nase verbindet Apfel, Birne, Zitrusfr\u00fcchte, Cr\u00e8me Patissi\u00e8re und kreidige Mineralnoten. Am Gaumen ist er frisch, aber mit einer guten Dichte mit weissen saftigen Fr\u00fcchten und cremiger, nussiger Eiche. Ein Hauch von Reduktion gibt Spannung und zeigt, dass dieser Wein auf Langlebigkeit ausgelegt ist! Trinken Sie 2019-2030. <strong>Passt gut zu:<\/strong> Ein so besonderer Wein verdient ein besonderes Gericht. Gansbraten oder C\u00f4te de boeuf w\u00e4re gut!<\/p>\n","protected":false},"excerpt":{"rendered":"<p>Degustationsnotiz: Dieser Baby Corton-Charlemagne stammt aus einem meiner Lieblings-Insider-Terroirs im Burgund. Die Nase verbindet Apfel, Birne, Zitrusfr\u00fcchte, Cr\u00e8me Patissi\u00e8re und kreidige Mineralnoten. Am Gaumen ist er frisch, aber mit einer guten Dichte mit weissen saftigen Fr\u00fcchten und cremiger, nussiger Eiche. Ein Hauch von Reduktion gibt Spannung und zeigt, dass dieser Wein auf Langlebigkeit ausgelegt ist! &#8230; <a href=\"https:\/\/magnusvinum.ch\/de\/shop\/weissweine\/pernand-vergelesses-1er-cru-sous-fretille-aoc\/\" class=\"more-link\">Read More <span class=\"screen-reader-text\">about  Pernand-Vergelesses 1er Cru Sous Fr\u00e9tille AOC<\/span><\/a><\/p>\n","protected":false},"featured_media":20169,"template":"","meta":{"_genesis_hide_title":false,"_genesis_hide_breadcrumbs":false,"_genesis_hide_singular_image":false,"_genesis_hide_footer_widgets":false,"_genesis_custom_body_class":"","_genesis_custom_post_class":"","_genesis_layout":""},"product_brand":[794],"product_cat":[126],"product_tag":[776],"class_list":{"0":"post-11147","1":"product","2":"type-product","3":"status-publish","4":"has-post-thumbnail","6":"product_brand-clos-de-la-chapelle","7":"product_cat-weissweine","8":"product_tag-2022-de","9":"pa_appellation-pernand-vergelesses-1er-cru-de","10":"pa_bottle-size-750ml-de","11":"pa_grape-variety-chardonnay-de","12":"pa_producer-domaine-clos-de-la-chapelle-de","13":"pa_region-cote-de-beaune-de","14":"pa_vintage-2022-de","15":"entry","17":"first","18":"instock","19":"taxable","20":"shipping-taxable","21":"purchasable","22":"product-type-simple"},"wooqr_code":"","_links":{"self":[{"href":"https:\/\/magnusvinum.ch\/de\/wp-json\/wp\/v2\/product\/11147","targetHints":{"allow":["GET"]}}],"collection":[{"href":"https:\/\/magnusvinum.ch\/de\/wp-json\/wp\/v2\/product"}],"about":[{"href":"https:\/\/magnusvinum.ch\/de\/wp-json\/wp\/v2\/types\/product"}],"wp:featuredmedia":[{"embeddable":true,"href":"https:\/\/magnusvinum.ch\/de\/wp-json\/wp\/v2\/media\/20169"}],"wp:attachment":[{"href":"https:\/\/magnusvinum.ch\/de\/wp-json\/wp\/v2\/media?parent=11147"}],"wp:term":[{"taxonomy":"product_brand","embeddable":true,"href":"https:\/\/magnusvinum.ch\/de\/wp-json\/wp\/v2\/product_brand?post=11147"},{"taxonomy":"product_cat","embeddable":true,"href":"https:\/\/magnusvinum.ch\/de\/wp-json\/wp\/v2\/product_cat?post=11147"},{"taxonomy":"product_tag","embeddable":true,"href":"https:\/\/magnusvinum.ch\/de\/wp-json\/wp\/v2\/product_tag?post=11147"}],"curies":[{"name":"wp","href":"https:\/\/api.w.org\/{rel}","templated":true}]}}