{"id":11144,"date":"2019-10-29T13:03:23","date_gmt":"2019-10-29T11:34:44","guid":{"rendered":"https:\/\/magnusvinum.ch\/shop\/unkategorisiert\/mercurey-1er-cru-clos-du-roy-aoc\/"},"modified":"2026-02-03T00:24:57","modified_gmt":"2026-02-02T22:24:57","slug":"mercurey-1er-cru-clos-du-roy-aoc","status":"publish","type":"product","link":"https:\/\/magnusvinum.ch\/de\/shop\/rotweine\/mercurey-1er-cru-clos-du-roy-aoc\/","title":{"rendered":"Mercurey 1er Cru Clos du Roy AOC"},"content":{"rendered":"<p><strong>Degustationsnotiz:<\/strong> Die Nase ist aromatisch und animierend mit schwarzen Kirschen, Pflaumen, N\u00fcssen, Schokolade und einer Blumigkeit von der 50%igen Ganztraubeng\u00e4rung. Am Gaumen fleischig und konzentriert mit dunklen Fr\u00fcchten, feinen Gew\u00fcrzen und feinen Tanninen. Trinken Sie Ihn 2020-3032. <strong>Passt gut zu:<\/strong> Ideal zu gebratenen Wildv\u00f6geln oder einfach gegrilltem Lamm mit Gem\u00fcse.<\/p>\n","protected":false},"excerpt":{"rendered":"<p>Degustationsnotiz: Die Nase ist aromatisch und animierend mit schwarzen Kirschen, Pflaumen, N\u00fcssen, Schokolade und einer Blumigkeit von der 50%igen Ganztraubeng\u00e4rung. Am Gaumen fleischig und konzentriert mit dunklen Fr\u00fcchten, feinen Gew\u00fcrzen und feinen Tanninen. Trinken Sie Ihn 2020-3032. Passt gut zu: Ideal zu gebratenen Wildv\u00f6geln oder einfach gegrilltem Lamm mit Gem\u00fcse.<\/p>\n","protected":false},"featured_media":20199,"template":"","meta":{"_genesis_hide_title":false,"_genesis_hide_breadcrumbs":false,"_genesis_hide_singular_image":false,"_genesis_hide_footer_widgets":false,"_genesis_custom_body_class":"","_genesis_custom_post_class":"","_genesis_layout":""},"product_brand":[],"product_cat":[150],"product_tag":[183],"class_list":{"0":"post-11144","1":"product","2":"type-product","3":"status-publish","4":"has-post-thumbnail","6":"product_cat-rotweine","7":"product_tag-2017-de","8":"pa_appellation-mercurey-1er-cru-de","9":"pa_bottle-size-750ml-de","10":"pa_grape-variety-pinot-noir-de","11":"pa_producer-domaine-charton-de","12":"pa_region-cote-chalonnaise-de","13":"pa_vintage-2017-de","14":"entry","16":"first","17":"instock","18":"taxable","19":"shipping-taxable","20":"purchasable","21":"product-type-simple"},"wooqr_code":"","_links":{"self":[{"href":"https:\/\/magnusvinum.ch\/de\/wp-json\/wp\/v2\/product\/11144","targetHints":{"allow":["GET"]}}],"collection":[{"href":"https:\/\/magnusvinum.ch\/de\/wp-json\/wp\/v2\/product"}],"about":[{"href":"https:\/\/magnusvinum.ch\/de\/wp-json\/wp\/v2\/types\/product"}],"wp:featuredmedia":[{"embeddable":true,"href":"https:\/\/magnusvinum.ch\/de\/wp-json\/wp\/v2\/media\/20199"}],"wp:attachment":[{"href":"https:\/\/magnusvinum.ch\/de\/wp-json\/wp\/v2\/media?parent=11144"}],"wp:term":[{"taxonomy":"product_brand","embeddable":true,"href":"https:\/\/magnusvinum.ch\/de\/wp-json\/wp\/v2\/product_brand?post=11144"},{"taxonomy":"product_cat","embeddable":true,"href":"https:\/\/magnusvinum.ch\/de\/wp-json\/wp\/v2\/product_cat?post=11144"},{"taxonomy":"product_tag","embeddable":true,"href":"https:\/\/magnusvinum.ch\/de\/wp-json\/wp\/v2\/product_tag?post=11144"}],"curies":[{"name":"wp","href":"https:\/\/api.w.org\/{rel}","templated":true}]}}