{"id":11141,"date":"2019-10-29T13:03:23","date_gmt":"2019-10-29T11:34:44","guid":{"rendered":"https:\/\/magnusvinum.ch\/shop\/unkategorisiert\/corton-charlemagne-grand-cru-aoc-2\/"},"modified":"2021-02-15T13:20:16","modified_gmt":"2021-02-15T11:20:16","slug":"corton-charlemagne-grand-cru-aoc-2","status":"publish","type":"product","link":"https:\/\/magnusvinum.ch\/de\/shop\/weissweine\/corton-charlemagne-grand-cru-aoc-2\/","title":{"rendered":"Corton-Charlemagne Grand Cru AOC"},"content":{"rendered":"<p><strong>Degustationsnotiz:<\/strong> Typische Corton-Charlemagne-Aromen von saftigen weissen Fr\u00fcchten, Birnen, weissen Bl\u00fcten und feinen Gew\u00fcrzen. Am Gaumen mit einer Intensit\u00e4t, die befl\u00fcgelt.  Aromatische weisse Fr\u00fcchte und weisser Bl\u00fctenduft f\u00fcllen den Mund. Der Abgang ist lang und k\u00f6stlich. Trinken Sie 2022-2042. <strong>Passt gut zu:<\/strong> Ideal zu h\u00f6chstem Wei\u00dffisch wie Steinbutt, aber auch zu Langoustine, Lobtser oder wei\u00dfem Fleisch mit Rahmsauce.<\/p>\n","protected":false},"excerpt":{"rendered":"<p>Degustationsnotiz: Typische Corton-Charlemagne-Aromen von saftigen weissen Fr\u00fcchten, Birnen, weissen Bl\u00fcten und feinen Gew\u00fcrzen. Am Gaumen mit einer Intensit\u00e4t, die befl\u00fcgelt. Aromatische weisse Fr\u00fcchte und weisser Bl\u00fctenduft f\u00fcllen den Mund. Der Abgang ist lang und k\u00f6stlich. Trinken Sie 2022-2042. Passt gut zu: Ideal zu h\u00f6chstem Wei\u00dffisch wie Steinbutt, aber auch zu Langoustine, Lobtser oder wei\u00dfem Fleisch &#8230; <a href=\"https:\/\/magnusvinum.ch\/de\/shop\/weissweine\/corton-charlemagne-grand-cru-aoc-2\/\" class=\"more-link\">Read More <span class=\"screen-reader-text\">about  Corton-Charlemagne Grand Cru AOC<\/span><\/a><\/p>\n","protected":false},"featured_media":20193,"template":"","meta":{"_genesis_hide_title":false,"_genesis_hide_breadcrumbs":false,"_genesis_hide_singular_image":false,"_genesis_hide_footer_widgets":false,"_genesis_custom_body_class":"","_genesis_custom_post_class":"","_genesis_layout":""},"product_brand":[],"product_cat":[126],"product_tag":[183],"class_list":{"0":"post-11141","1":"product","2":"type-product","3":"status-publish","4":"has-post-thumbnail","6":"product_cat-weissweine","7":"product_tag-2017-de","8":"pa_appellation-corton-charlemagne-de","9":"pa_bottle-size-750ml-de","10":"pa_grape-variety-chardonnay-de","11":"pa_producer-arnaud-baillot-de","12":"pa_region-cote-de-beaune-de","13":"pa_vintage-2017-de","14":"entry","16":"first","17":"outofstock","18":"sale","19":"taxable","20":"shipping-taxable","21":"purchasable","22":"product-type-simple"},"wooqr_code":"","_links":{"self":[{"href":"https:\/\/magnusvinum.ch\/de\/wp-json\/wp\/v2\/product\/11141","targetHints":{"allow":["GET"]}}],"collection":[{"href":"https:\/\/magnusvinum.ch\/de\/wp-json\/wp\/v2\/product"}],"about":[{"href":"https:\/\/magnusvinum.ch\/de\/wp-json\/wp\/v2\/types\/product"}],"wp:featuredmedia":[{"embeddable":true,"href":"https:\/\/magnusvinum.ch\/de\/wp-json\/wp\/v2\/media\/20193"}],"wp:attachment":[{"href":"https:\/\/magnusvinum.ch\/de\/wp-json\/wp\/v2\/media?parent=11141"}],"wp:term":[{"taxonomy":"product_brand","embeddable":true,"href":"https:\/\/magnusvinum.ch\/de\/wp-json\/wp\/v2\/product_brand?post=11141"},{"taxonomy":"product_cat","embeddable":true,"href":"https:\/\/magnusvinum.ch\/de\/wp-json\/wp\/v2\/product_cat?post=11141"},{"taxonomy":"product_tag","embeddable":true,"href":"https:\/\/magnusvinum.ch\/de\/wp-json\/wp\/v2\/product_tag?post=11141"}],"curies":[{"name":"wp","href":"https:\/\/api.w.org\/{rel}","templated":true}]}}