{"id":11139,"date":"2019-10-29T13:03:23","date_gmt":"2019-10-29T11:34:44","guid":{"rendered":"https:\/\/magnusvinum.ch\/shop\/unkategorisiert\/beaune-montrevenots-aoc\/"},"modified":"2021-08-05T16:45:03","modified_gmt":"2021-08-05T14:45:03","slug":"beaune-montrevenots-aoc","status":"publish","type":"product","link":"https:\/\/magnusvinum.ch\/de\/shop\/rotweine\/beaune-montrevenots-aoc\/","title":{"rendered":"Beaune &#8222;Montrevenots&#8220; AOC"},"content":{"rendered":"<p><strong>Degustationsnotiz:<\/strong> Von einem Village Cru \u00fcber dem Clos des Mouches auf der Pommard-Seite der Appellation. Charmante Nase mit roten Fr\u00fcchten, Blumen und einem Hauch von Eichengew\u00fcrz. Am Gaumen sehr lebendig und k\u00f6stlich zu trinken. Abgerundet von feinen Tanninen verleiht dem Finish eine gewisse L\u00e4nge und Struktur.  Trinken Sie Ihn 2020-2027. <strong>Passt gut zu:<\/strong> Ideal zu Brath\u00e4hnchen-, Schweine-, Kalbs- oder Pilzgerichten.<\/p>\n","protected":false},"excerpt":{"rendered":"<p>Degustationsnotiz: Von einem Village Cru \u00fcber dem Clos des Mouches auf der Pommard-Seite der Appellation. Charmante Nase mit roten Fr\u00fcchten, Blumen und einem Hauch von Eichengew\u00fcrz. Am Gaumen sehr lebendig und k\u00f6stlich zu trinken. Abgerundet von feinen Tanninen verleiht dem Finish eine gewisse L\u00e4nge und Struktur. Trinken Sie Ihn 2020-2027. Passt gut zu: Ideal zu &#8230; <a href=\"https:\/\/magnusvinum.ch\/de\/shop\/rotweine\/beaune-montrevenots-aoc\/\" class=\"more-link\">Read More <span class=\"screen-reader-text\">about  Beaune &#8222;Montrevenots&#8220; AOC<\/span><\/a><\/p>\n","protected":false},"featured_media":20189,"template":"","meta":{"_genesis_hide_title":false,"_genesis_hide_breadcrumbs":false,"_genesis_hide_singular_image":false,"_genesis_hide_footer_widgets":false,"_genesis_custom_body_class":"","_genesis_custom_post_class":"","_genesis_layout":""},"product_brand":[],"product_cat":[150],"product_tag":[183],"class_list":{"0":"post-11139","1":"product","2":"type-product","3":"status-publish","4":"has-post-thumbnail","6":"product_cat-rotweine","7":"product_tag-2017-de","8":"pa_appellation-beaune-de","9":"pa_bottle-size-750ml-de","10":"pa_grape-variety-pinot-noir-de","11":"pa_producer-arnaud-baillot-de","12":"pa_region-cote-de-beaune-de","13":"pa_vintage-2017-de","14":"entry","16":"first","17":"outofstock","18":"sale","19":"taxable","20":"shipping-taxable","21":"purchasable","22":"product-type-simple"},"wooqr_code":"","_links":{"self":[{"href":"https:\/\/magnusvinum.ch\/de\/wp-json\/wp\/v2\/product\/11139","targetHints":{"allow":["GET"]}}],"collection":[{"href":"https:\/\/magnusvinum.ch\/de\/wp-json\/wp\/v2\/product"}],"about":[{"href":"https:\/\/magnusvinum.ch\/de\/wp-json\/wp\/v2\/types\/product"}],"wp:featuredmedia":[{"embeddable":true,"href":"https:\/\/magnusvinum.ch\/de\/wp-json\/wp\/v2\/media\/20189"}],"wp:attachment":[{"href":"https:\/\/magnusvinum.ch\/de\/wp-json\/wp\/v2\/media?parent=11139"}],"wp:term":[{"taxonomy":"product_brand","embeddable":true,"href":"https:\/\/magnusvinum.ch\/de\/wp-json\/wp\/v2\/product_brand?post=11139"},{"taxonomy":"product_cat","embeddable":true,"href":"https:\/\/magnusvinum.ch\/de\/wp-json\/wp\/v2\/product_cat?post=11139"},{"taxonomy":"product_tag","embeddable":true,"href":"https:\/\/magnusvinum.ch\/de\/wp-json\/wp\/v2\/product_tag?post=11139"}],"curies":[{"name":"wp","href":"https:\/\/api.w.org\/{rel}","templated":true}]}}