{"id":11124,"date":"2019-10-29T13:03:06","date_gmt":"2019-10-29T11:34:24","guid":{"rendered":"https:\/\/magnusvinum.ch\/shop\/unkategorisiert\/chassagne-montrachet-1er-cru-morgeot-aoc\/"},"modified":"2021-02-03T01:13:35","modified_gmt":"2021-02-02T23:13:35","slug":"chassagne-montrachet-1er-cru-morgeot-aoc","status":"publish","type":"product","link":"https:\/\/magnusvinum.ch\/de\/shop\/weissweine\/chassagne-montrachet-1er-cru-morgeot-aoc\/","title":{"rendered":"Chassagne-Montrachet 1er Cru Morgeot AOC"},"content":{"rendered":"<p><strong>Degustationsnotiz:<\/strong> Von den oberen Lieux-Dit &#8218;Les Petits Clos&#8216; und &#8218;Fairendes&#8216;, mit diesem ber\u00fchmten Premier Cru bietet der &#8218;Morgeot&#8216; kraftvolle Aromen von Zitrusfr\u00fcchten und feiner Vanilleeiche. F\u00fcllend und cremig, wird er sich 4-10 Jahre lang weiter verbessern. <strong>Passt gut zu:<\/strong> Mit seinem reicheren K\u00f6rper passt der Morgeot gut zu Jakobsmuschel- oder Hummergerichten sowie zu wei\u00dfem Fleisch.<\/p>\n","protected":false},"excerpt":{"rendered":"<p>Degustationsnotiz: Von den oberen Lieux-Dit &#8218;Les Petits Clos&#8216; und &#8218;Fairendes&#8216;, mit diesem ber\u00fchmten Premier Cru bietet der &#8218;Morgeot&#8216; kraftvolle Aromen von Zitrusfr\u00fcchten und feiner Vanilleeiche. F\u00fcllend und cremig, wird er sich 4-10 Jahre lang weiter verbessern. Passt gut zu: Mit seinem reicheren K\u00f6rper passt der Morgeot gut zu Jakobsmuschel- oder Hummergerichten sowie zu wei\u00dfem Fleisch.<\/p>\n","protected":false},"featured_media":20175,"template":"","meta":{"_genesis_hide_title":false,"_genesis_hide_breadcrumbs":false,"_genesis_hide_singular_image":false,"_genesis_hide_footer_widgets":false,"_genesis_custom_body_class":"","_genesis_custom_post_class":"","_genesis_layout":""},"product_brand":[],"product_cat":[126],"product_tag":[182],"class_list":{"0":"post-11124","1":"product","2":"type-product","3":"status-publish","4":"has-post-thumbnail","6":"product_cat-weissweine","7":"product_tag-2016-de","8":"pa_appellation-chassagne-montrachet-1er-cru-de","9":"pa_bottle-size-750ml-de","10":"pa_grape-variety-chardonnay-de","11":"pa_producer-domaine-fernand-laurent-pillot-de","12":"pa_region-cote-de-beaune-de","13":"pa_vintage-2016-de","14":"entry","16":"first","17":"outofstock","18":"sale","19":"taxable","20":"shipping-taxable","21":"purchasable","22":"product-type-simple"},"wooqr_code":"","_links":{"self":[{"href":"https:\/\/magnusvinum.ch\/de\/wp-json\/wp\/v2\/product\/11124","targetHints":{"allow":["GET"]}}],"collection":[{"href":"https:\/\/magnusvinum.ch\/de\/wp-json\/wp\/v2\/product"}],"about":[{"href":"https:\/\/magnusvinum.ch\/de\/wp-json\/wp\/v2\/types\/product"}],"wp:featuredmedia":[{"embeddable":true,"href":"https:\/\/magnusvinum.ch\/de\/wp-json\/wp\/v2\/media\/20175"}],"wp:attachment":[{"href":"https:\/\/magnusvinum.ch\/de\/wp-json\/wp\/v2\/media?parent=11124"}],"wp:term":[{"taxonomy":"product_brand","embeddable":true,"href":"https:\/\/magnusvinum.ch\/de\/wp-json\/wp\/v2\/product_brand?post=11124"},{"taxonomy":"product_cat","embeddable":true,"href":"https:\/\/magnusvinum.ch\/de\/wp-json\/wp\/v2\/product_cat?post=11124"},{"taxonomy":"product_tag","embeddable":true,"href":"https:\/\/magnusvinum.ch\/de\/wp-json\/wp\/v2\/product_tag?post=11124"}],"curies":[{"name":"wp","href":"https:\/\/api.w.org\/{rel}","templated":true}]}}