{"id":11119,"date":"2019-10-29T13:03:06","date_gmt":"2019-10-29T11:34:24","guid":{"rendered":"https:\/\/magnusvinum.ch\/shop\/unkategorisiert\/corton-charlemagne-grand-cru-aoc\/"},"modified":"2023-04-05T09:58:32","modified_gmt":"2023-04-05T07:58:32","slug":"corton-charlemagne-grand-cru-aoc","status":"publish","type":"product","link":"https:\/\/magnusvinum.ch\/de\/shop\/weissweine\/corton-charlemagne-grand-cru-aoc\/","title":{"rendered":"Corton-Charlemagne Grand Cru AOC"},"content":{"rendered":"<p><strong>Degustationsnotiz:<\/strong> Zitrusfr\u00fcchte, Birnen, weisse Bl\u00fcten und Kreidestaub zeigen die Grand Cru Qualit\u00e4ten dieses Weines. Am Gaumen ist er kr\u00e4ftig und doch frisch mit einem langen salzigen Abgang. Trinken Sie jetzt bis 2040. <strong>Passt gut zu:<\/strong> Zu den besten wei\u00dfen Fischen wie gebratenem Steinbutt servieren.<\/p>\n","protected":false},"excerpt":{"rendered":"<p>Degustationsnotiz: Zitrusfr\u00fcchte, Birnen, weisse Bl\u00fcten und Kreidestaub zeigen die Grand Cru Qualit\u00e4ten dieses Weines. Am Gaumen ist er kr\u00e4ftig und doch frisch mit einem langen salzigen Abgang. Trinken Sie jetzt bis 2040. Passt gut zu: Zu den besten wei\u00dfen Fischen wie gebratenem Steinbutt servieren.<\/p>\n","protected":false},"featured_media":20215,"template":"","meta":{"_genesis_hide_title":false,"_genesis_hide_breadcrumbs":false,"_genesis_hide_singular_image":false,"_genesis_hide_footer_widgets":false,"_genesis_custom_body_class":"","_genesis_custom_post_class":"","_genesis_layout":""},"product_brand":[],"product_cat":[126],"product_tag":[182],"class_list":{"0":"post-11119","1":"product","2":"type-product","3":"status-publish","4":"has-post-thumbnail","6":"product_cat-weissweine","7":"product_tag-2016-de","8":"pa_appellation-corton-charlemagne-de","9":"pa_bottle-size-750ml-de","10":"pa_grape-variety-chardonnay-de","11":"pa_producer-domaine-chandon-de-briailles-de","12":"pa_region-cote-de-beaune-de","13":"pa_vintage-2016-de","14":"entry","16":"first","17":"outofstock","18":"sale","19":"taxable","20":"shipping-taxable","21":"purchasable","22":"product-type-simple"},"wooqr_code":"","_links":{"self":[{"href":"https:\/\/magnusvinum.ch\/de\/wp-json\/wp\/v2\/product\/11119","targetHints":{"allow":["GET"]}}],"collection":[{"href":"https:\/\/magnusvinum.ch\/de\/wp-json\/wp\/v2\/product"}],"about":[{"href":"https:\/\/magnusvinum.ch\/de\/wp-json\/wp\/v2\/types\/product"}],"wp:featuredmedia":[{"embeddable":true,"href":"https:\/\/magnusvinum.ch\/de\/wp-json\/wp\/v2\/media\/20215"}],"wp:attachment":[{"href":"https:\/\/magnusvinum.ch\/de\/wp-json\/wp\/v2\/media?parent=11119"}],"wp:term":[{"taxonomy":"product_brand","embeddable":true,"href":"https:\/\/magnusvinum.ch\/de\/wp-json\/wp\/v2\/product_brand?post=11119"},{"taxonomy":"product_cat","embeddable":true,"href":"https:\/\/magnusvinum.ch\/de\/wp-json\/wp\/v2\/product_cat?post=11119"},{"taxonomy":"product_tag","embeddable":true,"href":"https:\/\/magnusvinum.ch\/de\/wp-json\/wp\/v2\/product_tag?post=11119"}],"curies":[{"name":"wp","href":"https:\/\/api.w.org\/{rel}","templated":true}]}}