{"id":11118,"date":"2019-10-29T13:03:06","date_gmt":"2019-10-29T11:34:24","guid":{"rendered":"https:\/\/magnusvinum.ch\/shop\/unkategorisiert\/savigny-les-beaune-guetottes-aoc-2\/"},"modified":"2021-10-05T12:03:06","modified_gmt":"2021-10-05T10:03:06","slug":"savigny-les-beaune-guetottes-aoc-2","status":"publish","type":"product","link":"https:\/\/magnusvinum.ch\/de\/shop\/weissweine\/savigny-les-beaune-guetottes-aoc-2\/","title":{"rendered":"Savigny-l\u00e8s-Beaune &#8222;Guetottes&#8220; AOC"},"content":{"rendered":"<p><strong>Degustationsnotiz:<\/strong> In der Nase reichhaltige und butterige Noten mit Grapefruit und Zitrone. Der Geschmack ist kraftvoll und klar mit einem langen, vollen und w\u00fcrzigen Abgang. Geniessen Sie den Wein 5-10 Jahre nach der Ernte. <strong>Passt gut zu:<\/strong> Ideal zu Omelettes oder R\u00fchreiern, Ziegenk\u00e4se oder S\u00fc\u00dfwasserfisch mit Rahmsauce.<\/p>\n","protected":false},"excerpt":{"rendered":"<p>Degustationsnotiz: In der Nase reichhaltige und butterige Noten mit Grapefruit und Zitrone. Der Geschmack ist kraftvoll und klar mit einem langen, vollen und w\u00fcrzigen Abgang. Geniessen Sie den Wein 5-10 Jahre nach der Ernte. Passt gut zu: Ideal zu Omelettes oder R\u00fchreiern, Ziegenk\u00e4se oder S\u00fc\u00dfwasserfisch mit Rahmsauce.<\/p>\n","protected":false},"featured_media":20217,"template":"","meta":{"_genesis_hide_title":false,"_genesis_hide_breadcrumbs":false,"_genesis_hide_singular_image":false,"_genesis_hide_footer_widgets":false,"_genesis_custom_body_class":"","_genesis_custom_post_class":"","_genesis_layout":""},"product_brand":[],"product_cat":[126],"product_tag":[181],"class_list":{"0":"post-11118","1":"product","2":"type-product","3":"status-publish","4":"has-post-thumbnail","6":"product_cat-weissweine","7":"product_tag-2015-de","8":"pa_appellation-savigny-les-beaune-de","9":"pa_bottle-size-750ml-de","10":"pa_grape-variety-chardonnay-de","11":"pa_producer-pascal-clement-de","12":"pa_region-cote-de-beaune-de","13":"pa_vintage-2015-de","14":"entry","16":"first","17":"outofstock","18":"sale","19":"taxable","20":"shipping-taxable","21":"purchasable","22":"product-type-simple"},"wooqr_code":"","_links":{"self":[{"href":"https:\/\/magnusvinum.ch\/de\/wp-json\/wp\/v2\/product\/11118","targetHints":{"allow":["GET"]}}],"collection":[{"href":"https:\/\/magnusvinum.ch\/de\/wp-json\/wp\/v2\/product"}],"about":[{"href":"https:\/\/magnusvinum.ch\/de\/wp-json\/wp\/v2\/types\/product"}],"wp:featuredmedia":[{"embeddable":true,"href":"https:\/\/magnusvinum.ch\/de\/wp-json\/wp\/v2\/media\/20217"}],"wp:attachment":[{"href":"https:\/\/magnusvinum.ch\/de\/wp-json\/wp\/v2\/media?parent=11118"}],"wp:term":[{"taxonomy":"product_brand","embeddable":true,"href":"https:\/\/magnusvinum.ch\/de\/wp-json\/wp\/v2\/product_brand?post=11118"},{"taxonomy":"product_cat","embeddable":true,"href":"https:\/\/magnusvinum.ch\/de\/wp-json\/wp\/v2\/product_cat?post=11118"},{"taxonomy":"product_tag","embeddable":true,"href":"https:\/\/magnusvinum.ch\/de\/wp-json\/wp\/v2\/product_tag?post=11118"}],"curies":[{"name":"wp","href":"https:\/\/api.w.org\/{rel}","templated":true}]}}