{"id":11114,"date":"2019-10-29T13:02:51","date_gmt":"2019-10-29T11:34:03","guid":{"rendered":"https:\/\/magnusvinum.ch\/shop\/unkategorisiert\/savigny-les-beaune-les-grands-picotins-aoc\/"},"modified":"2021-04-05T16:02:02","modified_gmt":"2021-04-05T14:02:02","slug":"savigny-les-beaune-les-grands-picotins-aoc","status":"publish","type":"product","link":"https:\/\/magnusvinum.ch\/de\/shop\/rotweine\/savigny-les-beaune-les-grands-picotins-aoc\/","title":{"rendered":"Savigny-l\u00e8s-Beaune &#8222;Les Grands Picotins&#8220; AOC"},"content":{"rendered":"<p><strong>Degustationsnotiz:<\/strong> Kr\u00e4ftige Aromen von schwarzer Kirsche, Erdbeere, leicht aufgw\u00fchlter Erde und Gew\u00fcrzen. Der Gaumen hat eine gute Struktur f\u00fcr einen Village Wein. Die Tannine geben Rahmen und L\u00e4nge. Trinken Sie Ihn 2020-2030. <strong>Passt gut zu:<\/strong> Passt zu einfach gegrillten Lammkoteletts oder Entecote mit gegrilltem Gem\u00fcse.<\/p>\n","protected":false},"excerpt":{"rendered":"<p>Degustationsnotiz: Kr\u00e4ftige Aromen von schwarzer Kirsche, Erdbeere, leicht aufgw\u00fchlter Erde und Gew\u00fcrzen. Der Gaumen hat eine gute Struktur f\u00fcr einen Village Wein. Die Tannine geben Rahmen und L\u00e4nge. Trinken Sie Ihn 2020-2030. Passt gut zu: Passt zu einfach gegrillten Lammkoteletts oder Entecote mit gegrilltem Gem\u00fcse.<\/p>\n","protected":false},"featured_media":20247,"template":"","meta":{"_genesis_hide_title":false,"_genesis_hide_breadcrumbs":false,"_genesis_hide_singular_image":false,"_genesis_hide_footer_widgets":false,"_genesis_custom_body_class":"","_genesis_custom_post_class":"","_genesis_layout":""},"product_brand":[],"product_cat":[150],"product_tag":[181],"class_list":{"0":"post-11114","1":"product","2":"type-product","3":"status-publish","4":"has-post-thumbnail","6":"product_cat-rotweine","7":"product_tag-2015-de","8":"pa_appellation-savigny-les-beaune-de","9":"pa_bottle-size-750ml-de","10":"pa_grape-variety-pinot-noir-de","11":"pa_producer-domaine-pierre-guillemot-de","12":"pa_region-cote-de-beaune-de","13":"pa_vintage-2015-de","14":"entry","16":"first","17":"outofstock","18":"sale","19":"taxable","20":"shipping-taxable","21":"purchasable","22":"product-type-simple"},"wooqr_code":"","_links":{"self":[{"href":"https:\/\/magnusvinum.ch\/de\/wp-json\/wp\/v2\/product\/11114","targetHints":{"allow":["GET"]}}],"collection":[{"href":"https:\/\/magnusvinum.ch\/de\/wp-json\/wp\/v2\/product"}],"about":[{"href":"https:\/\/magnusvinum.ch\/de\/wp-json\/wp\/v2\/types\/product"}],"wp:featuredmedia":[{"embeddable":true,"href":"https:\/\/magnusvinum.ch\/de\/wp-json\/wp\/v2\/media\/20247"}],"wp:attachment":[{"href":"https:\/\/magnusvinum.ch\/de\/wp-json\/wp\/v2\/media?parent=11114"}],"wp:term":[{"taxonomy":"product_brand","embeddable":true,"href":"https:\/\/magnusvinum.ch\/de\/wp-json\/wp\/v2\/product_brand?post=11114"},{"taxonomy":"product_cat","embeddable":true,"href":"https:\/\/magnusvinum.ch\/de\/wp-json\/wp\/v2\/product_cat?post=11114"},{"taxonomy":"product_tag","embeddable":true,"href":"https:\/\/magnusvinum.ch\/de\/wp-json\/wp\/v2\/product_tag?post=11114"}],"curies":[{"name":"wp","href":"https:\/\/api.w.org\/{rel}","templated":true}]}}