{"id":11110,"date":"2019-10-29T13:02:51","date_gmt":"2019-10-29T11:34:03","guid":{"rendered":"https:\/\/magnusvinum.ch\/shop\/unkategorisiert\/savigny-les-beaune-1er-cru-les-lavieres-aoc\/"},"modified":"2021-02-24T23:43:13","modified_gmt":"2021-02-24T21:43:13","slug":"savigny-les-beaune-1er-cru-les-lavieres-aoc","status":"publish","type":"product","link":"https:\/\/magnusvinum.ch\/de\/shop\/rotweine\/savigny-les-beaune-1er-cru-les-lavieres-aoc\/","title":{"rendered":"Savigny-l\u00e8s-Beaune 1er Cru Les Lavi\u00e8res AOC"},"content":{"rendered":"<p><strong>Degustationsnotiz:<\/strong> Schwarze Fr\u00fcchte und leicht aufgew\u00fchlte Erde werden mit blumigen Noten der Ganztraubeng\u00e4rung aufgewertet. Der seidige Gaumen ist lang mit saftigen Tanninen. Trinken Sie jetzt bis 2035. <strong>Passt gut zu:<\/strong> Ideal zu gebratenen Wildv\u00f6geln oder einfach gegrilltem Lamm mit Gem\u00fcse.<\/p>\n","protected":false},"excerpt":{"rendered":"<p>Degustationsnotiz: Schwarze Fr\u00fcchte und leicht aufgew\u00fchlte Erde werden mit blumigen Noten der Ganztraubeng\u00e4rung aufgewertet. Der seidige Gaumen ist lang mit saftigen Tanninen. Trinken Sie jetzt bis 2035. Passt gut zu: Ideal zu gebratenen Wildv\u00f6geln oder einfach gegrilltem Lamm mit Gem\u00fcse.<\/p>\n","protected":false},"featured_media":20227,"template":"","meta":{"_genesis_hide_title":false,"_genesis_hide_breadcrumbs":false,"_genesis_hide_singular_image":false,"_genesis_hide_footer_widgets":false,"_genesis_custom_body_class":"","_genesis_custom_post_class":"","_genesis_layout":""},"product_brand":[],"product_cat":[150],"product_tag":[181],"class_list":{"0":"post-11110","1":"product","2":"type-product","3":"status-publish","4":"has-post-thumbnail","6":"product_cat-rotweine","7":"product_tag-2015-de","8":"pa_appellation-savigny-les-beaune-1er-cru-de","9":"pa_bottle-size-750ml-de","10":"pa_grape-variety-pinot-noir-de","11":"pa_producer-domaine-chandon-de-briailles-de","12":"pa_region-cote-de-beaune-de","13":"pa_vintage-2015-de","14":"entry","16":"first","17":"outofstock","18":"sale","19":"taxable","20":"shipping-taxable","21":"purchasable","22":"product-type-simple"},"wooqr_code":"","_links":{"self":[{"href":"https:\/\/magnusvinum.ch\/de\/wp-json\/wp\/v2\/product\/11110","targetHints":{"allow":["GET"]}}],"collection":[{"href":"https:\/\/magnusvinum.ch\/de\/wp-json\/wp\/v2\/product"}],"about":[{"href":"https:\/\/magnusvinum.ch\/de\/wp-json\/wp\/v2\/types\/product"}],"wp:featuredmedia":[{"embeddable":true,"href":"https:\/\/magnusvinum.ch\/de\/wp-json\/wp\/v2\/media\/20227"}],"wp:attachment":[{"href":"https:\/\/magnusvinum.ch\/de\/wp-json\/wp\/v2\/media?parent=11110"}],"wp:term":[{"taxonomy":"product_brand","embeddable":true,"href":"https:\/\/magnusvinum.ch\/de\/wp-json\/wp\/v2\/product_brand?post=11110"},{"taxonomy":"product_cat","embeddable":true,"href":"https:\/\/magnusvinum.ch\/de\/wp-json\/wp\/v2\/product_cat?post=11110"},{"taxonomy":"product_tag","embeddable":true,"href":"https:\/\/magnusvinum.ch\/de\/wp-json\/wp\/v2\/product_tag?post=11110"}],"curies":[{"name":"wp","href":"https:\/\/api.w.org\/{rel}","templated":true}]}}